{"id":15095,"date":"2024-10-26T09:31:06","date_gmt":"2024-10-26T06:31:06","guid":{"rendered":"https:\/\/estoriaclinic.com.tr\/medical-aesthetics\/"},"modified":"2024-10-28T15:13:36","modified_gmt":"2024-10-28T12:13:36","slug":"medicina-estetica","status":"publish","type":"page","link":"https:\/\/estoriaclinic.com.tr\/es\/medicina-estetica\/","title":{"rendered":"Medicina Estetica"},"content":{"rendered":"\t\t<div data-elementor-type=\"wp-page\" data-elementor-id=\"15095\" class=\"elementor elementor-15095 elementor-15005\">\n\t\t\t\t<div class=\"elementor-element elementor-element-b45ed0a e-flex e-con-boxed e-con e-parent\" data-id=\"b45ed0a\" data-element_type=\"container\" data-core-v316-plus=\"true\">\n\t\t\t\t\t<div class=\"e-con-inner\">\n\t\t<div class=\"elementor-element elementor-element-3cdd4e0 e-con-full e-flex e-con e-child\" data-id=\"3cdd4e0\" data-element_type=\"container\">\n\t\t\t\t<div class=\"elementor-element elementor-element-4d81238 elementor-position-top elementor-widget elementor-widget-image-box\" data-id=\"4d81238\" data-element_type=\"widget\" data-widget_type=\"image-box.default\">\n\t\t\t\t<div class=\"elementor-widget-container\">\n\t\t\t<style>.elementor-widget-image-box .elementor-image-box-content{width:100%}@media (min-width:768px){.elementor-widget-image-box.elementor-position-left .elementor-image-box-wrapper,.elementor-widget-image-box.elementor-position-right .elementor-image-box-wrapper{display:flex}.elementor-widget-image-box.elementor-position-right .elementor-image-box-wrapper{text-align:right;flex-direction:row-reverse}.elementor-widget-image-box.elementor-position-left .elementor-image-box-wrapper{text-align:left;flex-direction:row}.elementor-widget-image-box.elementor-position-top .elementor-image-box-img{margin:auto}.elementor-widget-image-box.elementor-vertical-align-top .elementor-image-box-wrapper{align-items:flex-start}.elementor-widget-image-box.elementor-vertical-align-middle .elementor-image-box-wrapper{align-items:center}.elementor-widget-image-box.elementor-vertical-align-bottom .elementor-image-box-wrapper{align-items:flex-end}}@media (max-width:767px){.elementor-widget-image-box .elementor-image-box-img{margin-left:auto!important;margin-right:auto!important;margin-bottom:15px}}.elementor-widget-image-box .elementor-image-box-img{display:inline-block}.elementor-widget-image-box .elementor-image-box-title a{color:inherit}.elementor-widget-image-box .elementor-image-box-wrapper{text-align:center}.elementor-widget-image-box .elementor-image-box-description{margin:0}<\/style><div class=\"elementor-image-box-wrapper\"><figure class=\"elementor-image-box-img\"><a href=\"https:\/\/estoriaclinic.com.tr\/es\/botox\/\" tabindex=\"-1\"><img decoding=\"async\" src=\"https:\/\/estoriaclinic.com.tr\/wp-content\/uploads\/elementor\/thumbs\/Botox_1-qk8bwpke08go5obfrlvwpjj8ij6x2l6ji8mpjd5oc4.jpg\" title=\"Botox_1\" alt=\"Botox_1\" loading=\"lazy\" \/><\/a><\/figure><div class=\"elementor-image-box-content\"><h3 class=\"elementor-image-box-title\"><a href=\"https:\/\/estoriaclinic.com.tr\/es\/botox\/\">Toxina botul\u00ednica<\/a><\/h3><\/div><\/div>\t\t<\/div>\n\t\t\t\t<\/div>\n\t\t\t\t<\/div>\n\t\t<div class=\"elementor-element elementor-element-d33c474 e-con-full e-flex e-con e-child\" data-id=\"d33c474\" data-element_type=\"container\">\n\t\t\t\t<div class=\"elementor-element elementor-element-2469e17 elementor-position-top elementor-widget elementor-widget-image-box\" data-id=\"2469e17\" data-element_type=\"widget\" data-widget_type=\"image-box.default\">\n\t\t\t\t<div class=\"elementor-widget-container\">\n\t\t\t<div class=\"elementor-image-box-wrapper\"><figure class=\"elementor-image-box-img\"><a href=\"https:\/\/estoriaclinic.com.tr\/es\/dermatologia\/\" tabindex=\"-1\"><img decoding=\"async\" src=\"https:\/\/estoriaclinic.com.tr\/wp-content\/uploads\/elementor\/thumbs\/Dermatology-1-qk8fuzeygh83gvnnzlu0m51xf3xz5azxeffhk47gj8.jpg\" title=\"Dermatology-1\" alt=\"Dermatology-1\" loading=\"lazy\" \/><\/a><\/figure><div class=\"elementor-image-box-content\"><h3 class=\"elementor-image-box-title\"><a href=\"https:\/\/estoriaclinic.com.tr\/es\/dermatologia\/\">Dermatolog\u00eda<\/a><\/h3><\/div><\/div>\t\t<\/div>\n\t\t\t\t<\/div>\n\t\t\t\t<\/div>\n\t\t<div class=\"elementor-element elementor-element-2e44ddb e-con-full e-flex e-con e-child\" data-id=\"2e44ddb\" data-element_type=\"container\">\n\t\t\t\t<div class=\"elementor-element elementor-element-14411e3 elementor-position-top elementor-widget elementor-widget-image-box\" data-id=\"14411e3\" data-element_type=\"widget\" data-widget_type=\"image-box.default\">\n\t\t\t\t<div class=\"elementor-widget-container\">\n\t\t\t<div class=\"elementor-image-box-wrapper\"><figure class=\"elementor-image-box-img\"><a href=\"https:\/\/estoriaclinic.com.tr\/es\/depilacion\/\" tabindex=\"-1\"><img decoding=\"async\" src=\"https:\/\/estoriaclinic.com.tr\/wp-content\/uploads\/elementor\/thumbs\/Epilation_2-qk8ca1vx0kq6yexquvi9lobs2ffhbx5do9ztrrdi0k.jpg\" title=\"Epilation_2\" alt=\"Epilation_2\" loading=\"lazy\" \/><\/a><\/figure><div class=\"elementor-image-box-content\"><h3 class=\"elementor-image-box-title\"><a href=\"https:\/\/estoriaclinic.com.tr\/es\/depilacion\/\">Depilaci\u00f3n<\/a><\/h3><\/div><\/div>\t\t<\/div>\n\t\t\t\t<\/div>\n\t\t\t\t<\/div>\n\t\t<div class=\"elementor-element elementor-element-5e93f8c e-con-full e-flex e-con e-child\" data-id=\"5e93f8c\" data-element_type=\"container\">\n\t\t\t\t<div class=\"elementor-element elementor-element-b6c41ff elementor-position-top elementor-widget elementor-widget-image-box\" data-id=\"b6c41ff\" data-element_type=\"widget\" data-widget_type=\"image-box.default\">\n\t\t\t\t<div class=\"elementor-widget-container\">\n\t\t\t<div class=\"elementor-image-box-wrapper\"><figure class=\"elementor-image-box-img\"><a href=\"https:\/\/estoriaclinic.com.tr\/es\/rellenos\/\" tabindex=\"-1\"><img decoding=\"async\" src=\"https:\/\/estoriaclinic.com.tr\/wp-content\/uploads\/elementor\/thumbs\/Fillers_1-qk82u5gxnbfgmontmy8yyg56wer7w5rnlxcwbnck1g.jpg\" title=\"Fillers_1\" alt=\"Fillers_1\" loading=\"lazy\" \/><\/a><\/figure><div class=\"elementor-image-box-content\"><h3 class=\"elementor-image-box-title\"><a href=\"https:\/\/estoriaclinic.com.tr\/es\/rellenos\/\">Rellenos<\/a><\/h3><\/div><\/div>\t\t<\/div>\n\t\t\t\t<\/div>\n\t\t\t\t<\/div>\n\t\t<div class=\"elementor-element elementor-element-4a1e9d7 e-con-full e-flex e-con e-child\" data-id=\"4a1e9d7\" data-element_type=\"container\">\n\t\t\t\t<div class=\"elementor-element elementor-element-4443b80 elementor-position-top elementor-widget elementor-widget-image-box\" data-id=\"4443b80\" data-element_type=\"widget\" data-widget_type=\"image-box.default\">\n\t\t\t\t<div class=\"elementor-widget-container\">\n\t\t\t<div class=\"elementor-image-box-wrapper\"><figure class=\"elementor-image-box-img\"><a href=\"https:\/\/estoriaclinic.com.tr\/es\/proteccion-de-la-piel\/\" tabindex=\"-1\"><img decoding=\"async\" src=\"https:\/\/estoriaclinic.com.tr\/wp-content\/uploads\/elementor\/thumbs\/1388-qw45ldfjdnb7539oxa2tabq18d5q1lkvfq04lot0fo.webp\" title=\"1388\" alt=\"1388\" loading=\"lazy\" \/><\/a><\/figure><div class=\"elementor-image-box-content\"><h3 class=\"elementor-image-box-title\"><a href=\"https:\/\/estoriaclinic.com.tr\/es\/proteccion-de-la-piel\/\">Protecci\u00f3n de la piel<\/a><\/h3><\/div><\/div>\t\t<\/div>\n\t\t\t\t<\/div>\n\t\t\t\t<\/div>\n\t\t\t\t\t<\/div>\n\t\t\t\t<\/div>\n\t\t\t\t<\/div>\n\t\t","protected":false},"excerpt":{"rendered":"<p>Toxina botul\u00ednica Dermatolog\u00eda Depilaci\u00f3n Rellenos Protecci\u00f3n de la piel<\/p>\n","protected":false},"author":1,"featured_media":0,"parent":0,"menu_order":0,"comment_status":"closed","ping_status":"closed","template":"","meta":{"_acf_changed":false,"om_disable_all_campaigns":false,"inline_featured_image":true,"_monsterinsights_skip_tracking":false,"_monsterinsights_sitenote_active":false,"_monsterinsights_sitenote_note":"","_monsterinsights_sitenote_category":0,"footnotes":""},"class_list":["post-15095","page","type-page","status-publish","hentry"],"acf":[],"aioseo_notices":[],"_links":{"self":[{"href":"https:\/\/estoriaclinic.com.tr\/es\/wp-json\/wp\/v2\/pages\/15095","targetHints":{"allow":["GET"]}}],"collection":[{"href":"https:\/\/estoriaclinic.com.tr\/es\/wp-json\/wp\/v2\/pages"}],"about":[{"href":"https:\/\/estoriaclinic.com.tr\/es\/wp-json\/wp\/v2\/types\/page"}],"author":[{"embeddable":true,"href":"https:\/\/estoriaclinic.com.tr\/es\/wp-json\/wp\/v2\/users\/1"}],"replies":[{"embeddable":true,"href":"https:\/\/estoriaclinic.com.tr\/es\/wp-json\/wp\/v2\/comments?post=15095"}],"version-history":[{"count":5,"href":"https:\/\/estoriaclinic.com.tr\/es\/wp-json\/wp\/v2\/pages\/15095\/revisions"}],"predecessor-version":[{"id":15113,"href":"https:\/\/estoriaclinic.com.tr\/es\/wp-json\/wp\/v2\/pages\/15095\/revisions\/15113"}],"wp:attachment":[{"href":"https:\/\/estoriaclinic.com.tr\/es\/wp-json\/wp\/v2\/media?parent=15095"}],"curies":[{"name":"wp","href":"https:\/\/api.w.org\/{rel}","templated":true}]}}