{"id":8161,"date":"2024-03-10T16:38:09","date_gmt":"2024-03-10T13:38:09","guid":{"rendered":"https:\/\/estoriaclinic.com.tr\/quality-standarts\/"},"modified":"2024-06-03T22:57:42","modified_gmt":"2024-06-03T19:57:42","slug":"normas-de-calidad","status":"publish","type":"page","link":"https:\/\/estoriaclinic.com.tr\/es\/normas-de-calidad\/","title":{"rendered":"Normas De Calidad"},"content":{"rendered":"\t\t<div data-elementor-type=\"wp-page\" data-elementor-id=\"8161\" class=\"elementor elementor-8161 elementor-4883\">\n\t\t\t\t<div class=\"elementor-element elementor-element-bee3aa7 e-flex e-con-boxed e-con e-parent\" data-id=\"bee3aa7\" data-element_type=\"container\" data-core-v316-plus=\"true\">\n\t\t\t\t\t<div class=\"e-con-inner\">\n\t\t\t\t<div class=\"elementor-element elementor-element-862a89c elementor-widget elementor-widget-text-editor\" data-id=\"862a89c\" data-element_type=\"widget\" data-widget_type=\"text-editor.default\">\n\t\t\t\t<div class=\"elementor-widget-container\">\n\t\t\t<style>\/*! elementor - v3.20.0 - 26-03-2024 *\/\n.elementor-widget-text-editor.elementor-drop-cap-view-stacked .elementor-drop-cap{background-color:#69727d;color:#fff}.elementor-widget-text-editor.elementor-drop-cap-view-framed .elementor-drop-cap{color:#69727d;border:3px solid;background-color:transparent}.elementor-widget-text-editor:not(.elementor-drop-cap-view-default) .elementor-drop-cap{margin-top:8px}.elementor-widget-text-editor:not(.elementor-drop-cap-view-default) .elementor-drop-cap-letter{width:1em;height:1em}.elementor-widget-text-editor .elementor-drop-cap{float:left;text-align:center;line-height:1;font-size:50px}.elementor-widget-text-editor .elementor-drop-cap-letter{display:inline-block}<\/style>\t\t\t\t<p><span data-sheets-root=\"1\" data-sheets-value=\"{&quot;1&quot;:2,&quot;2&quot;:&quot;En Estoria International Clinic, estamos comprometidos a brindar servicios m\u00e9dicos seguros y de alta calidad a nuestros pacientes. Entendemos que la decisi\u00f3n de viajar al extranjero para procedimientos m\u00e9dicos puede resultar intimidante, por eso priorizamos la calidad y la seguridad en todo lo que hacemos para garantizar que nuestros pacientes reciban la mejor atenci\u00f3n posible. Por esta raz\u00f3n, hemos establecido rigurosos est\u00e1ndares de calidad que nuestra Junta de Gobierno M\u00e9dico debe cumplir.\\nNuestros est\u00e1ndares de calidad abarcan todos los aspectos de nuestros servicios, desde la planificaci\u00f3n previa a la llegada hasta la atenci\u00f3n postoperatoria. Trabajamos exclusivamente con hospitales, cl\u00ednicas y m\u00e9dicos acreditados y de buena reputaci\u00f3n que cumplen con los est\u00e1ndares de calidad internacionales.\\nEn primer lugar, trabajamos exclusivamente con proveedores m\u00e9dicos autorizados, experimentados y altamente capacitados en sus respectivos campos. Para garantizar que todos nuestros proveedores cumplan con nuestros estrictos est\u00e1ndares de experiencia y profesionalismo m\u00e9dico, los examinamos de cerca.\\nAdem\u00e1s de las calificaciones de nuestros proveedores, tambi\u00e9n priorizamos la limpieza y seguridad de las instalaciones. Solo trabajamos con instalaciones m\u00e9dicas que mantienen altos est\u00e1ndares de higiene y protocolos de seguridad.\\nTambi\u00e9n entendemos que una comunicaci\u00f3n clara y abierta es esencial para generar confianza con nuestros pacientes. Es por eso que contamos con personal multiling\u00fce que est\u00e1 disponible para ayudar a nuestros pacientes en cada paso del camino. Nuestro equipo est\u00e1 siempre disponible para responder cualquier pregunta o inquietud y brindar a los pacientes actualizaciones peri\u00f3dicas sobre el progreso de su tratamiento.\\nEn Estoria International Clinic creemos que la satisfacci\u00f3n del paciente es crucial. Nos esforzamos por brindar una experiencia fluida y libre de estr\u00e9s a nuestros pacientes, desde el momento en que se comunican con nosotros hasta la finalizaci\u00f3n de su tratamiento m\u00e9dico. Fomentamos la comunicaci\u00f3n abierta con nuestros pacientes y valoramos sus comentarios y sugerencias para mejorar.\\nAdem\u00e1s, consideramos que el turismo m\u00e9dico implica m\u00e1s que solo procedimientos m\u00e9dicos. Ayudamos con los arreglos de viaje, reservas de alojamiento y ofrecemos una gama de servicios personalizados para garantizar que nuestros pacientes se sientan c\u00f3modos y apoyados durante su estad\u00eda.\\nFinalmente, nuestros est\u00e1ndares de calidad reflejan nuestro compromiso de brindar servicios m\u00e9dicos seguros, confiables y de alta calidad a nuestros pacientes. Creemos que nuestros est\u00e1ndares meticulosos nos diferencian de los dem\u00e1s y brindan a nuestros pacientes la tranquilidad de saber que est\u00e1n en buenas manos.\\nPor \u00faltimo, pero no menos importante, tenemos un blog lleno de art\u00edculos informativos y conocimientos sobre el papel de Estoria International Clinic a la hora de facilitar el acceso a una atenci\u00f3n m\u00e9dica de calidad. \u00a1Consulta nuestros blogs ahora!\\nEn resumen, en Estoria International Clinic solo trabajamos con los mejores hospitales, cl\u00ednicas y m\u00e9dicos para garantizar el m\u00e1s alto nivel de resultados exitosos.\\nSupervisi\u00f3n del Panel de Gobernanza de Expertos\\nInstalaciones totalmente inspeccionadas\\nSolo m\u00e9dicos aprobados por JCI, TUV e ISO\\nGesti\u00f3n completa del caso por parte del m\u00e9dico asignado.\\nServicio completo de acompa\u00f1ante y asesor\u00eda.\\nSeguro m\u00e9dico y de viaje completo\\nConsultas preoperatorias y postoperatorias a domicilio.&quot;}\" data-sheets-userformat=\"{&quot;2&quot;:7043,&quot;3&quot;:{&quot;1&quot;:0},&quot;4&quot;:{&quot;1&quot;:2,&quot;2&quot;:15389148},&quot;10&quot;:1,&quot;11&quot;:4,&quot;12&quot;:0,&quot;14&quot;:{&quot;1&quot;:3,&quot;3&quot;:1},&quot;15&quot;:&quot;Arial&quot;}\">En Estoria Clinic, estamos comprometidos a brindar servicios m\u00e9dicos seguros y de alta calidad a nuestros pacientes. Entendemos que la decisi\u00f3n de viajar al extranjero para procedimientos m\u00e9dicos puede resultar intimidante, por eso priorizamos la calidad y la seguridad en todo lo que hacemos para garantizar que nuestros pacientes reciban la mejor atenci\u00f3n posible. Por esta raz\u00f3n, hemos establecido rigurosos est\u00e1ndares de calidad que nuestra Junta de Gobierno M\u00e9dico debe cumplir.<br>Nuestros est\u00e1ndares de calidad abarcan todos los aspectos de nuestros servicios, desde la planificaci\u00f3n previa a la llegada hasta la atenci\u00f3n postoperatoria. Trabajamos exclusivamente con hospitales, cl\u00ednicas y m\u00e9dicos acreditados y de buena reputaci\u00f3n que cumplen con los est\u00e1ndares de calidad internacionales.<br>En primer lugar, trabajamos exclusivamente con proveedores m\u00e9dicos autorizados, experimentados y altamente capacitados en sus respectivos campos. Para garantizar que todos nuestros proveedores cumplan con nuestros estrictos est\u00e1ndares de experiencia y profesionalismo m\u00e9dico, los examinamos de cerca.<br>Adem\u00e1s de las calificaciones de nuestros proveedores, tambi\u00e9n priorizamos la limpieza y seguridad de las instalaciones. Solo trabajamos con instalaciones m\u00e9dicas que mantienen altos est\u00e1ndares de higiene y protocolos de seguridad.<br>Tambi\u00e9n entendemos que una comunicaci\u00f3n clara y abierta es esencial para generar confianza con nuestros pacientes. Es por eso que contamos con personal multiling\u00fce que est\u00e1 disponible para ayudar a nuestros pacientes en cada paso del camino. Nuestro equipo est\u00e1 siempre disponible para responder cualquier pregunta o inquietud y brindar a los pacientes actualizaciones peri\u00f3dicas sobre el progreso de su tratamiento.<br>En Estoria Clinic creemos que la satisfacci\u00f3n del paciente es crucial. Nos esforzamos por brindar una experiencia fluida y libre de estr\u00e9s a nuestros pacientes, desde el momento en que se comunican con nosotros hasta la finalizaci\u00f3n de su tratamiento m\u00e9dico. Fomentamos la comunicaci\u00f3n abierta con nuestros pacientes y valoramos sus comentarios y sugerencias para mejorar.<br>Adem\u00e1s, consideramos que el turismo m\u00e9dico implica m\u00e1s que solo procedimientos m\u00e9dicos. Ayudamos con los arreglos de viaje, reservas de alojamiento y ofrecemos una gama de servicios personalizados para garantizar que nuestros pacientes se sientan c\u00f3modos y apoyados durante su estad\u00eda.<br>Finalmente, nuestros est\u00e1ndares de calidad reflejan nuestro compromiso de brindar servicios m\u00e9dicos seguros, confiables y de alta calidad a nuestros pacientes. Creemos que nuestros est\u00e1ndares meticulosos nos diferencian de los dem\u00e1s y brindan a nuestros pacientes la tranquilidad de saber que est\u00e1n en buenas manos.<br>Por \u00faltimo, pero no menos importante, tenemos un blog lleno de art\u00edculos informativos y conocimientos sobre el papel de Estoria Clinic a la hora de facilitar el acceso a una atenci\u00f3n m\u00e9dica de calidad. \u00a1Consulta nuestros blogs ahora!<br>En resumen, en Estoria Clinic solo trabajamos con los mejores hospitales, cl\u00ednicas y m\u00e9dicos para garantizar el m\u00e1s alto nivel de resultados exitosos.<br>Supervisi\u00f3n del Panel de Gobernanza de Expertos<br>Instalaciones totalmente inspeccionadas<br>Solo m\u00e9dicos aprobados por JCI, TUV e ISO<br>Gesti\u00f3n completa del caso por parte del m\u00e9dico asignado.<br>Servicio completo de acompa\u00f1ante y asesor\u00eda.<br>Seguro m\u00e9dico y de viaje completo<br>Consultas preoperatorias y postoperatorias a domicilio.<\/span><\/p>\t\t\t\t\t\t<\/div>\n\t\t\t\t<\/div>\n\t\t\t\t\t<\/div>\n\t\t\t\t<\/div>\n\t\t\t\t<\/div>\n\t\t","protected":false},"excerpt":{"rendered":"<p>En Estoria Clinic, estamos comprometidos a brindar servicios m\u00e9dicos seguros y de alta calidad a nuestros pacientes. Entendemos que la decisi\u00f3n de viajar al extranjero para procedimientos m\u00e9dicos puede resultar intimidante, por eso priorizamos la calidad y la seguridad en todo lo que hacemos para garantizar que nuestros pacientes reciban la mejor atenci\u00f3n posible. Por&#8230;<\/p>\n","protected":false},"author":1,"featured_media":0,"parent":0,"menu_order":0,"comment_status":"closed","ping_status":"closed","template":"","meta":{"_acf_changed":false,"om_disable_all_campaigns":false,"inline_featured_image":false,"_monsterinsights_skip_tracking":false,"_monsterinsights_sitenote_active":false,"_monsterinsights_sitenote_note":"","_monsterinsights_sitenote_category":0,"footnotes":""},"class_list":["post-8161","page","type-page","status-publish","hentry"],"acf":[],"aioseo_notices":[],"_links":{"self":[{"href":"https:\/\/estoriaclinic.com.tr\/es\/wp-json\/wp\/v2\/pages\/8161","targetHints":{"allow":["GET"]}}],"collection":[{"href":"https:\/\/estoriaclinic.com.tr\/es\/wp-json\/wp\/v2\/pages"}],"about":[{"href":"https:\/\/estoriaclinic.com.tr\/es\/wp-json\/wp\/v2\/types\/page"}],"author":[{"embeddable":true,"href":"https:\/\/estoriaclinic.com.tr\/es\/wp-json\/wp\/v2\/users\/1"}],"replies":[{"embeddable":true,"href":"https:\/\/estoriaclinic.com.tr\/es\/wp-json\/wp\/v2\/comments?post=8161"}],"version-history":[{"count":0,"href":"https:\/\/estoriaclinic.com.tr\/es\/wp-json\/wp\/v2\/pages\/8161\/revisions"}],"wp:attachment":[{"href":"https:\/\/estoriaclinic.com.tr\/es\/wp-json\/wp\/v2\/media?parent=8161"}],"curies":[{"name":"wp","href":"https:\/\/api.w.org\/{rel}","templated":true}]}}