{"id":8166,"date":"2024-02-28T15:02:47","date_gmt":"2024-02-28T12:02:47","guid":{"rendered":"https:\/\/estoriaclinic.com.tr\/privacy-policy\/"},"modified":"2024-07-29T15:27:44","modified_gmt":"2024-07-29T12:27:44","slug":"politica-de-privacidad","status":"publish","type":"page","link":"https:\/\/estoriaclinic.com.tr\/es\/politica-de-privacidad\/","title":{"rendered":"Pol\u00edtica De Privacidad"},"content":{"rendered":"\t\t<div data-elementor-type=\"wp-page\" data-elementor-id=\"8166\" class=\"elementor elementor-8166 elementor-4558\">\n\t\t\t\t<div class=\"elementor-element elementor-element-0b40bd9 e-flex e-con-boxed e-con e-parent\" data-id=\"0b40bd9\" data-element_type=\"container\" data-core-v316-plus=\"true\">\n\t\t\t\t\t<div class=\"e-con-inner\">\n\t\t\t\t<div class=\"elementor-element elementor-element-16d6d69 elementor-widget elementor-widget-text-editor\" data-id=\"16d6d69\" data-element_type=\"widget\" data-widget_type=\"text-editor.default\">\n\t\t\t\t<div class=\"elementor-widget-container\">\n\t\t\t<style>\/*! elementor - v3.20.0 - 26-03-2024 *\/\n.elementor-widget-text-editor.elementor-drop-cap-view-stacked .elementor-drop-cap{background-color:#69727d;color:#fff}.elementor-widget-text-editor.elementor-drop-cap-view-framed .elementor-drop-cap{color:#69727d;border:3px solid;background-color:transparent}.elementor-widget-text-editor:not(.elementor-drop-cap-view-default) .elementor-drop-cap{margin-top:8px}.elementor-widget-text-editor:not(.elementor-drop-cap-view-default) .elementor-drop-cap-letter{width:1em;height:1em}.elementor-widget-text-editor .elementor-drop-cap{float:left;text-align:center;line-height:1;font-size:50px}.elementor-widget-text-editor .elementor-drop-cap-letter{display:inline-block}<\/style>\t\t\t\t<p><strong>CL\u00cdNICA DE ESTORIA<br><\/strong>Estoria Cl\u00ednica&nbsp; , lo valoramos como nuestro hu\u00e9sped y reconocemos la importancia de salvaguardar su privacidad. Operamos de acuerdo con todas las normas de protecci\u00f3n de datos aplicables, incluido el Reglamento general de protecci\u00f3n de datos de la UE (\u00abGDPR\u00bb), la Ley de protecci\u00f3n de datos y otras leyes relacionadas. Esta Pol\u00edtica de Privacidad tiene como objetivo especificar c\u00f3mo recopilamos, utilizamos y divulgamos sus datos personales para brindarle el m\u00e1s alto nivel de servicio posible.<\/p>\n<p><strong>T\u00c9RMINOS Y CONDICIONES<br><\/strong>Estoriaclinic.Com.trest\u00e1 totalmente comprometido con el cumplimiento de las pautas de protecci\u00f3n de datos y confidencialidad m\u00e9dica del Departamento de Salud. La informaci\u00f3n personal que env\u00ede mediante este formulario la conservaremos de forma segura; Su informaci\u00f3n personal no se compartir\u00e1 con nadie fuera de Estoriaclinic.Com.trni se utilizar\u00e1 para ning\u00fan otro prop\u00f3sito que no sea responder a su consulta o solicitud.<\/p>\n<p><strong>PRIVACIDAD Y COOKIES<br><\/strong>Esta pol\u00edtica de privacidad establece c\u00f3mo Estoriaclinic.Com.trusa y protege cualquier informaci\u00f3n que usted proporcione. Estoriaclinic.Com.trcuando utiliza este sitio web. Estoriaclinic.Com.trse compromete a garantizar que su privacidad est\u00e9 protegida. Si le pedimos que proporcione cierta informaci\u00f3n mediante la cual pueda ser identificado al utilizar este sitio web, solo se utilizar\u00e1 de acuerdo con esta Declaraci\u00f3n de privacidad.<\/p>\n<p><strong>CAMBIOS A NUESTRA POL\u00cdTICA DE PRIVACIDAD<br><\/strong>Nos reservamos el derecho de actualizar y cambiar esta pol\u00edtica peri\u00f3dicamente para reflejar cualquier cambio en la forma en que procesamos sus datos personales o cambios en los requisitos legales. Cualquier cambio que podamos realizar en nuestra pol\u00edtica en el futuro se publicar\u00e1 en esta p\u00e1gina y, cuando corresponda, se le notificar\u00e1 por correo electr\u00f3nico. Vuelva a consultar con frecuencia para ver cualquier actualizaci\u00f3n o cambio en nuestra pol\u00edtica.<\/p>\n<p><strong>\u00bfQU\u00c9 INFORMACI\u00d3N PODR\u00cdA RECOPILAR Estoriaclinic.Com.trSOBRE M\u00cd?<br><\/strong>Se puede recopilar informaci\u00f3n sobre sus visitas y uso de este sitio web (incluida su direcci\u00f3n IP, ubicaci\u00f3n geogr\u00e1fica, tipo y versi\u00f3n del navegador, sistema operativo, fuente de referencia, duraci\u00f3n de la visita, visitas a la p\u00e1gina). Lo logramos de una manera que no identifica a ning\u00fan individuo. Tambi\u00e9n se puede recopilar la informaci\u00f3n que usted proporciona al completar formularios en nuestro sitio web, como cuando se registra para recibir informaci\u00f3n como un bolet\u00edn informativo.<\/p>\n<p><strong>\u00bfC\u00d3MO UTILIZAR\u00c1 ESTA INFORMACI\u00d3N estoriaclinic.com?<br><\/strong>Requerimos esta informaci\u00f3n para comprender sus necesidades y brindarle los m\u00e1s altos niveles de servicio, as\u00ed como:<\/p>\n<p>Para mejorar el contenido y el dise\u00f1o del sitio web<\/p>\n<p>Para comunicarnos con usted sobre una solicitud\/consulta que haya realizado, por ejemplo, solicitar una cita con un consultor<\/p>\n<p>Para proporcionarle la informaci\u00f3n que haya solicitado, por ejemplo, un bolet\u00edn<\/p>\n<p>Transmitir en el formato m\u00e1s adecuado los detalles que nos env\u00ede para la evaluaci\u00f3n de su condici\u00f3n, concertaci\u00f3n de cita o cualquier otro prop\u00f3sito a los consultores con derecho de admisi\u00f3n en Estoriaclinic.Com.trpara su opini\u00f3n profesional.<\/p>\n<p>Al enviarnos sus datos, registros m\u00e9dicos, etc., usted acepta y acepta que puede ser necesario que le enviemos estos detalles cl\u00ednicos electr\u00f3nicamente o en otros formatos. Estoriaclinic.Com.trnunca compartir\u00e1 su informaci\u00f3n con otras organizaciones con fines de marketing, investigaci\u00f3n de mercado o comerciales. Prop\u00f3sitos.<\/p>\n<p><strong>SEGURIDAD<\/strong><br>Estamos comprometidos a garantizar que su informaci\u00f3n se mantenga de forma segura. Para evitar el acceso o la divulgaci\u00f3n no autorizados, hemos implementado procedimientos f\u00edsicos, electr\u00f3nicos y administrativos adecuados para salvaguardar y proteger la informaci\u00f3n que recopilamos en l\u00ednea.<\/p>\n<p><strong>GALLETAS<br><\/strong>Una \u201ccookie\u201d es un peque\u00f1o archivo que contiene una cadena de caracteres que se env\u00eda a su computadora cuando visita un sitio web. Cuando vuelve a visitar el sitio web, la cookie permite que ese sitio reconozca su navegador. Las cookies pueden almacenar preferencias del usuario y otra informaci\u00f3n. Puede restablecer su navegador para rechazar todas las cookies o para indicar cu\u00e1ndo se env\u00eda una cookie. Sin embargo, es posible que algunas funciones o servicios del sitio web no funcionen correctamente sin cookies. Nuestro sitio web utiliza tres cookies. Estas cookies nos permiten distinguirlo de otros usuarios de nuestro sitio web, lo que nos ayuda a brindarle una buena experiencia cuando navega por nuestro sitio web y nos permite mejorarlo. Las cookies que utilizamos son cookies \u00abanal\u00edticas\u00bb. Nos permiten reconocer y contar el n\u00famero de visitantes y ver c\u00f3mo se mueven los visitantes por el sitio cuando lo utilizan. Esto nos ayuda a mejorar el funcionamiento de nuestro sitio web, por ejemplo, garantizando que los usuarios encuentren f\u00e1cilmente lo que buscan.<\/p>\n<p><strong>ENLACES A OTROS SITIOS WEB<br><\/strong>Nuestro sitio web puede contener enlaces a otros sitios web de inter\u00e9s. Sin embargo, una vez que haya utilizado estos enlaces para abandonar nuestro sitio, debe tener en cuenta que no tenemos ning\u00fan control sobre ese otro sitio web. Por lo tanto, no podemos ser responsables de la protecci\u00f3n y privacidad de cualquier informaci\u00f3n que usted proporcione mientras visita dichos sitios y dichos sitios no se rigen por esta Declaraci\u00f3n de Privacidad. Debe tener precauci\u00f3n y consultar la declaraci\u00f3n de privacidad aplicable al sitio web en cuesti\u00f3n.<\/p>\n<p><strong>CONTROLAR SU INFORMACI\u00d3N PERSONAL<br><\/strong>La Ley de Protecci\u00f3n de Datos le otorga derecho a acceder a la informaci\u00f3n que tenemos sobre usted. Si cree que la informaci\u00f3n que tenemos sobre usted es incorrecta o est\u00e1 incompleta, escr\u00edbanos o env\u00edenos un correo electr\u00f3nico lo antes posible a la direcci\u00f3n indicada en nuestro sitio web. Corregiremos de inmediato cualquier informaci\u00f3n que se considere incorrecta.<\/p>\n<p><strong>T\u00c9RMINOS Y CONDICIONES<br><\/strong>Al acceder a este sitio, usted expresa su aceptaci\u00f3n de los t\u00e9rminos y condiciones que se enumeran a continuaci\u00f3n.<\/p>\n<p><strong>DECLARACI\u00d3N DE EMPRESA REGISTRADA<br><\/strong>Estoriaclinic.Com.tres una instituci\u00f3n sanitaria registrada que opera legalmente en Estambul, Turqu\u00eda, y que ha sido oficialmente reconocida y autorizada por el Ministerio de Salud de Turqu\u00eda. Estoriaclinic.Com.tres una cl\u00ednica registrada establecida y regida por las leyes de la Rep\u00fablica de Turqu\u00eda. Los servicios descritos se proporcionan en Turqu\u00eda y las declaraciones realizadas en este sitio web se rigen por la ley turca.<\/p>\n<p><strong>DESCARGO DE RESPONSABILIDAD<br><\/strong>Estoriaclinic.Com.trha hecho todos los esfuerzos razonables para garantizar que el contenido de este sitio web sea verdadero y preciso en todos los aspectos materiales. Estoriaclinic.Com.trno ser\u00e1 responsable de ninguna p\u00e9rdida o da\u00f1o que surja en conexi\u00f3n con el contenido del sitio web. Estoriaclinic.Com.trno garantiza que el sitio web est\u00e9 libre de errores, omisiones, ininterrumpido o sin demoras. Si bien Estoriaclinic.Com.trhace todos los intentos razonables para excluir virus del sitio web, no podemos garantizar que el sitio web est\u00e9 libre de virus y No acepta ninguna responsabilidad en el improbable caso de que el sitio web no est\u00e9 libre de virus. Se recomienda a los usuarios que tomen las medidas de seguridad adecuadas antes de descargar informaci\u00f3n de este sitio web. La informaci\u00f3n contenida en el sitio web ha sido preparada \u00fanicamente como orientaci\u00f3n general; No constituye asesoramiento m\u00e9dico profesional. Los usuarios deben comunicarse directamente con Estoriaclinic.Com.trpara obtener asesoramiento sobre asuntos espec\u00edficos antes de tomar cualquier decisi\u00f3n. El sitio web contiene enlaces de hipertexto a sitios web de terceros. Estoriaclinic.Com.trno puede ofrecer ninguna garant\u00eda (expresa o impl\u00edcita) en cuanto a la exactitud o fuente de la informaci\u00f3n contenida en estos sitios web. Los enlaces de hipertexto desde el sitio web Estoriaclinic.Com.tra sitios web de terceros no constituyen ning\u00fan respaldo a estas organizaciones de terceros.<\/p>\n<p><strong>CONDICIONES DE USO<br><\/strong>Debido a la naturaleza cambiante de las leyes, los reglamentos y el contenido de este sitio web, aseg\u00farese de revisar peri\u00f3dicamente todas las declaraciones de exenci\u00f3n de responsabilidad y protecci\u00f3n de datos publicadas en este sitio. Su uso continuado de este sitio web se considerar\u00e1 la aceptaci\u00f3n de cualquier cambio realizado.<\/p>\n<p><strong>DERECHOS DE AUTOR<br><\/strong>El contenido de este sitio pertenece a Estoriaclinic.Com. Ninguna parte de su contenido o im\u00e1genes podr\u00e1 utilizarse sin el permiso expreso por escrito del Departamento de Marketing de Estoriaclinic.Com.<\/p>\n<p><strong>PROTECCI\u00d3N DE DATOS<br><\/strong>Estoriaclinic.Com.trse esfuerza por cumplir con los t\u00e9rminos de la Ley de Protecci\u00f3n de Datos y las pautas de confidencialidad m\u00e9dica. Si tiene alguna inquietud sobre la protecci\u00f3n de datos en Estoriaclinic.Com.tro desea obtener m\u00e1s informaci\u00f3n, comun\u00edquese con el Departamento de Servicios Internacionales en: Info@Estoriaclinic. Com<\/p>\n<p><strong>SUS DERECHOS SEG\u00daN LA LEY DE PROTECCI\u00d3N DE DATOS<br><\/strong>Seg\u00fan la Ley de Protecci\u00f3n de Datos de 2018, usted tiene derecho a saber qu\u00e9 informaci\u00f3n almacenan el gobierno y otras organizaciones sobre usted. Estos incluyen el derecho a:<\/p>\n<p>Est\u00e9 informado sobre c\u00f3mo se utilizan sus datos<\/p>\n<p>Acceder a datos personales<\/p>\n<p>Tener actualizados datos incorrectos<\/p>\n<p>Tener datos borrados<\/p>\n<p>Detener o restringir el procesamiento de sus datos<\/p>\n<p>Portabilidad de datos (que le permite obtener y reutilizar sus datos para diferentes servicios)<\/p>\n<p>Oponerse a c\u00f3mo se procesan sus datos en determinadas circunstancias<\/p>\n<p>Tambi\u00e9n tiene derechos cuando una organizaci\u00f3n utiliza sus datos personales para:<\/p>\n<p>Procesos automatizados de toma de decisiones (sin participaci\u00f3n humana)<\/p>\n<p>Elaboraci\u00f3n de perfiles, por ejemplo para predecir su comportamiento o intereses<\/p>\n<p>Si tiene alguna inquietud sobre el procesamiento de informaci\u00f3n de Estoria International Clinic o sus derechos como individuo, comun\u00edquese con nuestro departamento de servicios internacionales en: Info@Estoriaclinic.Com.tr RECOPILACI\u00d3N Y ALMACENAMIENTO DE DATOS<br>Como parte del desarrollo continuo de nuestros servicios, es posible que de vez en cuando le enviemos detalles sobre otros servicios. Si no desea recibir dichas actualizaciones, env\u00ede un correo electr\u00f3nico a: Info@Estoriaclinic.Com.Tr Cualquier detalle que proporcione al realizar una consulta a Estoriaclinic.Com.trse almacenar\u00e1 durante un per\u00edodo de tres a\u00f1os para ayudar con la investigaci\u00f3n de mercado.<\/p>\n<p><strong>CONSULTAS POR CORREO ELECTR\u00d3NICO<br><\/strong>Cuando nos solicite informaci\u00f3n cl\u00ednica sobre los servicios de Estoriaclinic.Com.tr, esta se transmitir\u00e1 a su direcci\u00f3n de correo electr\u00f3nico a menos que solicite expl\u00edcitamente que la transmitamos a trav\u00e9s de un medio diferente, por ejemplo, por correo postal. Si bien Estoriaclinic.Com.trhace todo lo posible para garantizar que su infraestructura de Internet sea segura, el correo electr\u00f3nico es inherentemente inseguro y Estoriaclinic.Com.trno puede garantizar la seguridad absoluta de los datos enviados electr\u00f3nicamente.<\/p>\n<p><strong>PROCESANDO SUS CONSULTAS<br><\/strong>Los detalles m\u00e9dicos que nos env\u00ede electr\u00f3nicamente para la evaluaci\u00f3n de su condici\u00f3n, concertaci\u00f3n de citas o cualquier otro prop\u00f3sito podr\u00e1n ser transmitidos a consultores con derechos de admisi\u00f3n en Estoriaclinic.Com.trpara su opini\u00f3n profesional. Al enviarnos sus datos, registros m\u00e9dicos, etc., usted acepta Que puede ser necesario que enviemos estos detalles cl\u00ednicos electr\u00f3nicamente o en otros formatos. Estoriaclinic.Com.trha hecho todos los esfuerzos razonables para garantizar que el contenido de este sitio web sea verdadero y preciso en todos los aspectos materiales.<\/p>\n<p><strong>ACCESIBILIDAD<br><\/strong>Estoriaclinic.Com.trreconoce y valora el suministro de informaci\u00f3n en este sitio web en un formato accesible para todos, independientemente de la tecnolog\u00eda o la capacidad. Los sitios web accesibles priorizan el contenido claro, la estructura y la facilidad de navegaci\u00f3n. Tambi\u00e9n se adaptan a toda la gama de posibles usuarios. Dise\u00f1ar para la accesibilidad significa aceptar que no existe un usuario de informaci\u00f3n est\u00e1ndar ni un dispositivo est\u00e1ndar para buscar informaci\u00f3n. Para garantizar que esto suceda, hemos programado nuestro sitio web siguiendo los est\u00e1ndares web publicados y las pautas de accesibilidad. Estas pautas se basan en buenas pr\u00e1cticas de dise\u00f1o y existen para garantizar que ninguna persona quede excluida debido a una discapacidad o la elecci\u00f3n del dispositivo. El sitio se desarrolla utilizando HTML v\u00e1lido y hojas de estilo en cascada (CSS). El contenido de nuestro sitio est\u00e1 separado de los elementos de presentaci\u00f3n, lo que lo hace disponible para cualquier visitante que utilice tecnolog\u00edas como un lector de pantalla o un navegador de solo texto. El sitio se muestra correctamente en todos los navegadores est\u00e1ndar actuales y, al adoptar estos est\u00e1ndares, nos aseguramos de que seguir\u00e1 siendo compatible en cualquier navegador futuro. Nuestro objetivo es lograr y mantener niveles de accesibilidad que se ajusten al est\u00e1ndar WAI Nivel AA, pero reconocemos que esto no siempre es as\u00ed. Alcanzable para todo el sitio web. Mediante un mayor desarrollo de nuestros servicios web, nos esforzamos por mejorar nuestro cumplimiento y aspiramos a cumplir con la mayor cantidad posible de pautas de AA. Puede utilizar la configuraci\u00f3n de su navegador para cambiar el texto y el tama\u00f1o del zoom de todos los sitios web que visite. La t\u00e9cnica para hacer esto es ligeramente diferente seg\u00fan el navegador que utilice; consulte la documentaci\u00f3n proporcionada con su www.Estoriaclinic.Com.tr<\/p>\n<p><\/p>\t\t\t\t\t\t<\/div>\n\t\t\t\t<\/div>\n\t\t\t\t\t<\/div>\n\t\t\t\t<\/div>\n\t\t\t\t<\/div>\n\t\t","protected":false},"excerpt":{"rendered":"<p>CL\u00cdNICA DE ESTORIAEstoria Cl\u00ednica&nbsp; , lo valoramos como nuestro hu\u00e9sped y reconocemos la importancia de salvaguardar su privacidad. Operamos de acuerdo con todas las normas de protecci\u00f3n de datos aplicables, incluido el Reglamento general de protecci\u00f3n de datos de la UE (\u00abGDPR\u00bb), la Ley de protecci\u00f3n de datos y otras leyes relacionadas. Esta Pol\u00edtica de&#8230;<\/p>\n","protected":false},"author":1,"featured_media":0,"parent":0,"menu_order":0,"comment_status":"closed","ping_status":"closed","template":"","meta":{"_acf_changed":false,"om_disable_all_campaigns":false,"inline_featured_image":true,"_monsterinsights_skip_tracking":false,"_monsterinsights_sitenote_active":false,"_monsterinsights_sitenote_note":"","_monsterinsights_sitenote_category":0,"footnotes":""},"class_list":["post-8166","page","type-page","status-publish","hentry"],"acf":[],"aioseo_notices":[],"_links":{"self":[{"href":"https:\/\/estoriaclinic.com.tr\/es\/wp-json\/wp\/v2\/pages\/8166","targetHints":{"allow":["GET"]}}],"collection":[{"href":"https:\/\/estoriaclinic.com.tr\/es\/wp-json\/wp\/v2\/pages"}],"about":[{"href":"https:\/\/estoriaclinic.com.tr\/es\/wp-json\/wp\/v2\/types\/page"}],"author":[{"embeddable":true,"href":"https:\/\/estoriaclinic.com.tr\/es\/wp-json\/wp\/v2\/users\/1"}],"replies":[{"embeddable":true,"href":"https:\/\/estoriaclinic.com.tr\/es\/wp-json\/wp\/v2\/comments?post=8166"}],"version-history":[{"count":0,"href":"https:\/\/estoriaclinic.com.tr\/es\/wp-json\/wp\/v2\/pages\/8166\/revisions"}],"wp:attachment":[{"href":"https:\/\/estoriaclinic.com.tr\/es\/wp-json\/wp\/v2\/media?parent=8166"}],"curies":[{"name":"wp","href":"https:\/\/api.w.org\/{rel}","templated":true}]}}