{"id":15037,"date":"2024-10-26T12:29:12","date_gmt":"2024-10-26T09:29:12","guid":{"rendered":"https:\/\/estoriaclinic.com.tr\/sac-ekimi\/"},"modified":"2024-10-28T14:27:04","modified_gmt":"2024-10-28T11:27:04","slug":"greffe-de-cheveux","status":"publish","type":"page","link":"https:\/\/estoriaclinic.com.tr\/fr\/greffe-de-cheveux\/","title":{"rendered":"Greffe de cheveux"},"content":{"rendered":"\t\t<div data-elementor-type=\"wp-page\" data-elementor-id=\"15037\" class=\"elementor elementor-15037 elementor-15024\">\n\t\t\t\t<div class=\"elementor-element elementor-element-dc46cf7 e-flex e-con-boxed e-con e-parent\" data-id=\"dc46cf7\" data-element_type=\"container\" data-core-v316-plus=\"true\">\n\t\t\t\t\t<div class=\"e-con-inner\">\n\t\t<div class=\"elementor-element elementor-element-e55aed6 e-con-full e-flex e-con e-child\" data-id=\"e55aed6\" data-element_type=\"container\">\n\t\t\t\t<div class=\"elementor-element elementor-element-d83ec3c elementor-position-top elementor-widget elementor-widget-image-box\" data-id=\"d83ec3c\" data-element_type=\"widget\" data-widget_type=\"image-box.default\">\n\t\t\t\t<div class=\"elementor-widget-container\">\n\t\t\t<style>.elementor-widget-image-box .elementor-image-box-content{width:100%}@media (min-width:768px){.elementor-widget-image-box.elementor-position-left .elementor-image-box-wrapper,.elementor-widget-image-box.elementor-position-right .elementor-image-box-wrapper{display:flex}.elementor-widget-image-box.elementor-position-right .elementor-image-box-wrapper{text-align:right;flex-direction:row-reverse}.elementor-widget-image-box.elementor-position-left .elementor-image-box-wrapper{text-align:left;flex-direction:row}.elementor-widget-image-box.elementor-position-top .elementor-image-box-img{margin:auto}.elementor-widget-image-box.elementor-vertical-align-top .elementor-image-box-wrapper{align-items:flex-start}.elementor-widget-image-box.elementor-vertical-align-middle .elementor-image-box-wrapper{align-items:center}.elementor-widget-image-box.elementor-vertical-align-bottom .elementor-image-box-wrapper{align-items:flex-end}}@media (max-width:767px){.elementor-widget-image-box .elementor-image-box-img{margin-left:auto!important;margin-right:auto!important;margin-bottom:15px}}.elementor-widget-image-box .elementor-image-box-img{display:inline-block}.elementor-widget-image-box .elementor-image-box-title a{color:inherit}.elementor-widget-image-box .elementor-image-box-wrapper{text-align:center}.elementor-widget-image-box .elementor-image-box-description{margin:0}<\/style><div class=\"elementor-image-box-wrapper\"><figure class=\"elementor-image-box-img\"><a href=\"https:\/\/estoriaclinic.com.tr\/fr\/transplantation-capillaire-dhi-choi\/\" tabindex=\"-1\"><img decoding=\"async\" src=\"https:\/\/estoriaclinic.com.tr\/wp-content\/uploads\/elementor\/thumbs\/DHI-Hair-Transplant-2-qji5c03q2l57sdguy0b2accoat6qtuoouxk2ntir90.jpg\" title=\"DHI-Hair-Transplant-2\" alt=\"DHI-Hair-Transplant-2\" loading=\"lazy\" \/><\/a><\/figure><div class=\"elementor-image-box-content\"><h3 class=\"elementor-image-box-title\"><a href=\"https:\/\/estoriaclinic.com.tr\/fr\/transplantation-capillaire-dhi-choi\/\">Greffe de cheveux DHI<\/a><\/h3><\/div><\/div>\t\t<\/div>\n\t\t\t\t<\/div>\n\t\t\t\t<\/div>\n\t\t<div class=\"elementor-element elementor-element-2d713c2 e-con-full e-flex e-con e-child\" data-id=\"2d713c2\" data-element_type=\"container\">\n\t\t\t\t<div class=\"elementor-element elementor-element-fe12001 elementor-position-top elementor-widget elementor-widget-image-box\" data-id=\"fe12001\" data-element_type=\"widget\" data-widget_type=\"image-box.default\">\n\t\t\t\t<div class=\"elementor-widget-container\">\n\t\t\t<div class=\"elementor-image-box-wrapper\"><figure class=\"elementor-image-box-img\"><a href=\"https:\/\/estoriaclinic.com.tr\/fr\/greffe-de-cheveux-sapphire-fue\/\" tabindex=\"-1\"><img decoding=\"async\" src=\"https:\/\/estoriaclinic.com.tr\/wp-content\/uploads\/elementor\/thumbs\/FUE-Hair-Transplant-3-qjguy2244r458b5o95y9gqxiww4xof47xgv2ohkdpw.jpg\" title=\"FUE-Hair-Transplant-3\" alt=\"FUE-Hair-Transplant-3\" loading=\"lazy\" \/><\/a><\/figure><div class=\"elementor-image-box-content\"><h3 class=\"elementor-image-box-title\"><a href=\"https:\/\/estoriaclinic.com.tr\/fr\/greffe-de-cheveux-sapphire-fue\/\">Greffe de cheveux FUE<\/a><\/h3><\/div><\/div>\t\t<\/div>\n\t\t\t\t<\/div>\n\t\t\t\t<\/div>\n\t\t<div class=\"elementor-element elementor-element-b773b2c e-con-full e-flex e-con e-child\" data-id=\"b773b2c\" data-element_type=\"container\">\n\t\t\t\t<div class=\"elementor-element elementor-element-21ee52d elementor-position-top elementor-widget elementor-widget-image-box\" data-id=\"21ee52d\" data-element_type=\"widget\" data-widget_type=\"image-box.default\">\n\t\t\t\t<div class=\"elementor-widget-container\">\n\t\t\t<div class=\"elementor-image-box-wrapper\"><figure class=\"elementor-image-box-img\"><a href=\"https:\/\/estoriaclinic.com.tr\/fr\/greffe-de-cheveux-chez-la-femme\/\" tabindex=\"-1\"><img decoding=\"async\" src=\"https:\/\/estoriaclinic.com.tr\/wp-content\/uploads\/elementor\/thumbs\/Hair-Transplant-For-Women-1-qjjuxw6c1l9qd3uw0pchmnz84xhh3bk4gh0w0115kk.jpg\" title=\"Hair-Transplant-For-Women-1\" alt=\"Hair-Transplant-For-Women-1\" loading=\"lazy\" \/><\/a><\/figure><div class=\"elementor-image-box-content\"><h3 class=\"elementor-image-box-title\"><a href=\"https:\/\/estoriaclinic.com.tr\/fr\/greffe-de-cheveux-chez-la-femme\/\">Greffe de cheveux f\u00e9minins<\/a><\/h3><\/div><\/div>\t\t<\/div>\n\t\t\t\t<\/div>\n\t\t\t\t<\/div>\n\t\t<div class=\"elementor-element elementor-element-174dd50 e-con-full e-flex e-con e-child\" data-id=\"174dd50\" data-element_type=\"container\">\n\t\t\t\t<div class=\"elementor-element elementor-element-96d1fd4 elementor-position-top elementor-widget elementor-widget-image-box\" data-id=\"96d1fd4\" data-element_type=\"widget\" data-widget_type=\"image-box.default\">\n\t\t\t\t<div class=\"elementor-widget-container\">\n\t\t\t<div class=\"elementor-image-box-wrapper\"><figure class=\"elementor-image-box-img\"><a href=\"https:\/\/estoriaclinic.com.tr\/fr\/transplantation-de-barbe\/\" tabindex=\"-1\"><img decoding=\"async\" src=\"https:\/\/estoriaclinic.com.tr\/wp-content\/uploads\/elementor\/thumbs\/Beard-and-Mustache-Transplantation-2-qjkat2rp1b6deq6kpln2sj2va272hz46zkeuh64sj8.jpg\" title=\"Beard-and-Mustache-Transplantation-2\" alt=\"Beard-and-Mustache-Transplantation-2\" loading=\"lazy\" \/><\/a><\/figure><div class=\"elementor-image-box-content\"><h3 class=\"elementor-image-box-title\"><a href=\"https:\/\/estoriaclinic.com.tr\/fr\/transplantation-de-barbe\/\">Greffe de barbe<\/a><\/h3><\/div><\/div>\t\t<\/div>\n\t\t\t\t<\/div>\n\t\t\t\t<\/div>\n\t\t<div class=\"elementor-element elementor-element-1578149 e-con-full e-flex e-con e-child\" data-id=\"1578149\" data-element_type=\"container\">\n\t\t\t\t<div class=\"elementor-element elementor-element-1e90569 elementor-position-top elementor-widget elementor-widget-image-box\" data-id=\"1e90569\" data-element_type=\"widget\" data-widget_type=\"image-box.default\">\n\t\t\t\t<div class=\"elementor-widget-container\">\n\t\t\t<div class=\"elementor-image-box-wrapper\"><figure class=\"elementor-image-box-img\"><a href=\"https:\/\/estoriaclinic.com.tr\/fr\/transplantation-de-sourcils\/\" tabindex=\"-1\"><img decoding=\"async\" src=\"https:\/\/estoriaclinic.com.tr\/wp-content\/uploads\/elementor\/thumbs\/Eye-Brow-Transplantation-2-qjp5hzq6us87sf6jv0p88jl43kxkaroayt4469hu2c.jpg\" title=\"Eye-Brow-Transplantation-2\" alt=\"Eye-Brow-Transplantation-2\" loading=\"lazy\" \/><\/a><\/figure><div class=\"elementor-image-box-content\"><h3 class=\"elementor-image-box-title\"><a href=\"https:\/\/estoriaclinic.com.tr\/fr\/transplantation-de-sourcils\/\">Greffe de sourcils<\/a><\/h3><\/div><\/div>\t\t<\/div>\n\t\t\t\t<\/div>\n\t\t\t\t<\/div>\n\t\t<div class=\"elementor-element elementor-element-d449a2a e-con-full e-flex e-con e-child\" data-id=\"d449a2a\" data-element_type=\"container\">\n\t\t\t\t<div class=\"elementor-element elementor-element-8fc9859 elementor-position-top elementor-widget elementor-widget-image-box\" data-id=\"8fc9859\" data-element_type=\"widget\" data-widget_type=\"image-box.default\">\n\t\t\t\t<div class=\"elementor-widget-container\">\n\t\t\t<div class=\"elementor-image-box-wrapper\"><figure class=\"elementor-image-box-img\"><a href=\"https:\/\/estoriaclinic.com.tr\/fr\/transplantation-de-moustache\/\" tabindex=\"-1\"><img decoding=\"async\" src=\"https:\/\/estoriaclinic.com.tr\/wp-content\/uploads\/elementor\/thumbs\/Beard-and-Mustache-Transplantation-1-qruakc6jgmun7c7h9uu75zp3a16zbaewsforpymzjo.jpg\" title=\"Beard-and-Mustache-Transplantation-1.jpg\" alt=\"Beard-and-Mustache-Transplantation-1.jpg\" loading=\"lazy\" \/><\/a><\/figure><div class=\"elementor-image-box-content\"><h3 class=\"elementor-image-box-title\"><a href=\"https:\/\/estoriaclinic.com.tr\/fr\/transplantation-de-moustache\/\">Greffe de moustache<\/a><\/h3><\/div><\/div>\t\t<\/div>\n\t\t\t\t<\/div>\n\t\t\t\t<\/div>\n\t\t<div class=\"elementor-element elementor-element-8d506f5 e-con-full e-flex e-con e-child\" data-id=\"8d506f5\" data-element_type=\"container\">\n\t\t\t\t<div class=\"elementor-element elementor-element-b5e771b elementor-position-top elementor-widget elementor-widget-image-box\" data-id=\"b5e771b\" data-element_type=\"widget\" data-widget_type=\"image-box.default\">\n\t\t\t\t<div class=\"elementor-widget-container\">\n\t\t\t<div class=\"elementor-image-box-wrapper\"><figure class=\"elementor-image-box-img\"><a href=\"https:\/\/estoriaclinic.com.tr\/fr\/prp-mesotherapie\/\" tabindex=\"-1\"><img decoding=\"async\" src=\"https:\/\/estoriaclinic.com.tr\/wp-content\/uploads\/elementor\/thumbs\/PRP-Mesotheraphy-1-qjp8hcujhj79wz88xff51g8irzqvi5wke7opk2azck.jpg\" title=\"PRP-Mesotheraphy-1\" alt=\"PRP-Mesotheraphy-1\" loading=\"lazy\" \/><\/a><\/figure><div class=\"elementor-image-box-content\"><h3 class=\"elementor-image-box-title\"><a href=\"https:\/\/estoriaclinic.com.tr\/fr\/prp-mesotherapie\/\">PRP & m\u00e9soth\u00e9rapie<\/a><\/h3><\/div><\/div>\t\t<\/div>\n\t\t\t\t<\/div>\n\t\t\t\t<\/div>\n\t\t\t\t\t<\/div>\n\t\t\t\t<\/div>\n\t\t\t\t<\/div>\n\t\t","protected":false},"excerpt":{"rendered":"<p>Greffe de cheveux DHI Greffe de cheveux FUE Greffe de cheveux f\u00e9minins Greffe de barbe Greffe de sourcils Greffe de moustache PRP &#038; m\u00e9soth\u00e9rapie<\/p>\n","protected":false},"author":1,"featured_media":0,"parent":0,"menu_order":0,"comment_status":"closed","ping_status":"closed","template":"","meta":{"_acf_changed":false,"om_disable_all_campaigns":false,"inline_featured_image":true,"_monsterinsights_skip_tracking":false,"_monsterinsights_sitenote_active":false,"_monsterinsights_sitenote_note":"","_monsterinsights_sitenote_category":0,"footnotes":""},"class_list":["post-15037","page","type-page","status-publish","hentry"],"acf":[],"aioseo_notices":[],"_links":{"self":[{"href":"https:\/\/estoriaclinic.com.tr\/fr\/wp-json\/wp\/v2\/pages\/15037","targetHints":{"allow":["GET"]}}],"collection":[{"href":"https:\/\/estoriaclinic.com.tr\/fr\/wp-json\/wp\/v2\/pages"}],"about":[{"href":"https:\/\/estoriaclinic.com.tr\/fr\/wp-json\/wp\/v2\/types\/page"}],"author":[{"embeddable":true,"href":"https:\/\/estoriaclinic.com.tr\/fr\/wp-json\/wp\/v2\/users\/1"}],"replies":[{"embeddable":true,"href":"https:\/\/estoriaclinic.com.tr\/fr\/wp-json\/wp\/v2\/comments?post=15037"}],"version-history":[{"count":4,"href":"https:\/\/estoriaclinic.com.tr\/fr\/wp-json\/wp\/v2\/pages\/15037\/revisions"}],"predecessor-version":[{"id":15079,"href":"https:\/\/estoriaclinic.com.tr\/fr\/wp-json\/wp\/v2\/pages\/15037\/revisions\/15079"}],"wp:attachment":[{"href":"https:\/\/estoriaclinic.com.tr\/fr\/wp-json\/wp\/v2\/media?parent=15037"}],"curies":[{"name":"wp","href":"https:\/\/api.w.org\/{rel}","templated":true}]}}