{"id":15382,"date":"2024-12-02T13:50:33","date_gmt":"2024-12-02T10:50:33","guid":{"rendered":"https:\/\/estoriaclinic.com.tr\/safak-seval\/"},"modified":"2024-12-02T14:26:15","modified_gmt":"2024-12-02T11:26:15","slug":"safak-seval","status":"publish","type":"page","link":"https:\/\/estoriaclinic.com.tr\/fr\/safak-seval\/","title":{"rendered":"Safak Seval"},"content":{"rendered":"\t\t<div data-elementor-type=\"wp-page\" data-elementor-id=\"15382\" class=\"elementor elementor-15382 elementor-15367\">\n\t\t\t\t<div class=\"elementor-element elementor-element-9e2d699 e-flex e-con-boxed e-con e-parent\" data-id=\"9e2d699\" data-element_type=\"container\" data-core-v316-plus=\"true\">\n\t\t\t\t\t<div class=\"e-con-inner\">\n\t\t<div class=\"elementor-element elementor-element-5285439 e-con-full e-flex e-con e-child\" data-id=\"5285439\" data-element_type=\"container\">\n\t\t\t\t<div class=\"elementor-element elementor-element-069aa79 elementor-widget elementor-widget-image\" data-id=\"069aa79\" data-element_type=\"widget\" data-widget_type=\"image.default\">\n\t\t\t\t<div class=\"elementor-widget-container\">\n\t\t\t<style>\/*! elementor - v3.20.0 - 26-03-2024 *\/\n.elementor-widget-image{text-align:center}.elementor-widget-image a{display:inline-block}.elementor-widget-image a img[src$=\".svg\"]{width:48px}.elementor-widget-image img{vertical-align:middle;display:inline-block}<\/style>\t\t\t\t\t\t\t\t\t\t<img fetchpriority=\"high\" decoding=\"async\" width=\"300\" height=\"300\" src=\"https:\/\/estoriaclinic.com.tr\/wp-content\/uploads\/2024\/12\/safak-seval-300x300.png\" class=\"attachment-medium size-medium wp-image-15372\" alt=\"\" srcset=\"https:\/\/estoriaclinic.com.tr\/wp-content\/uploads\/2024\/12\/safak-seval-300x300.png 300w, https:\/\/estoriaclinic.com.tr\/wp-content\/uploads\/2024\/12\/safak-seval-150x150.png 150w, https:\/\/estoriaclinic.com.tr\/wp-content\/uploads\/2024\/12\/safak-seval.png 500w\" sizes=\"(max-width: 300px) 100vw, 300px\" \/>\t\t\t\t\t\t\t\t\t\t\t\t\t<\/div>\n\t\t\t\t<\/div>\n\t\t\t\t<\/div>\n\t\t<div class=\"elementor-element elementor-element-f7e7874 e-con-full elementor-hidden-mobile e-flex e-con e-child\" data-id=\"f7e7874\" data-element_type=\"container\">\n\t\t\t\t<div class=\"elementor-element elementor-element-cb7fc76 elementor-hidden-mobile elementor-widget elementor-widget-image\" data-id=\"cb7fc76\" data-element_type=\"widget\" data-widget_type=\"image.default\">\n\t\t\t\t<div class=\"elementor-widget-container\">\n\t\t\t\t\t\t\t\t\t\t\t\t\t<img decoding=\"async\" width=\"1\" height=\"1\" src=\"https:\/\/estoriaclinic.com.tr\/wp-content\/uploads\/2024\/06\/Estoria_Clinic_Logo_Main-1.svg\" class=\"attachment-medium size-medium wp-image-12094\" alt=\"\" \/>\t\t\t\t\t\t\t\t\t\t\t\t\t<\/div>\n\t\t\t\t<\/div>\n\t\t\t\t<\/div>\n\t\t\t\t\t<\/div>\n\t\t\t\t<\/div>\n\t\t<div class=\"elementor-element elementor-element-0b5a462 e-flex e-con-boxed e-con e-parent\" data-id=\"0b5a462\" data-element_type=\"container\" data-core-v316-plus=\"true\">\n\t\t\t\t\t<div class=\"e-con-inner\">\n\t\t\t\t<div class=\"elementor-element elementor-element-6374ab1 elementor-widget elementor-widget-htmega-datatable-addons\" data-id=\"6374ab1\" data-element_type=\"widget\" data-widget_type=\"htmega-datatable-addons.default\">\n\t\t\t\t<div class=\"elementor-widget-container\">\n\t\t\t        <div class=\"htmega-table-style htmega-table-style-3 htb-table-responsive\">\n            <table class=\"htb-table \">\n                                    <thead>\n                        <tr>\n                            <th class='elementor-repeater-item-873fd0d'>CARRI\u00c8RE<\/th>                        <\/tr>\n                    <\/thead>\n                                <tbody>\n                                    <\/tbody>\n            <\/table>\n        <\/div>\n        \t\t<\/div>\n\t\t\t\t<\/div>\n\t\t\t\t\t<\/div>\n\t\t\t\t<\/div>\n\t\t<div class=\"elementor-element elementor-element-c195b70 e-flex e-con-boxed e-con e-parent\" data-id=\"c195b70\" data-element_type=\"container\" data-core-v316-plus=\"true\">\n\t\t\t\t\t<div class=\"e-con-inner\">\n\t\t\t\t<div class=\"elementor-element elementor-element-f4a99c2 elementor-widget elementor-widget-text-editor\" data-id=\"f4a99c2\" data-element_type=\"widget\" data-widget_type=\"text-editor.default\">\n\t\t\t\t<div class=\"elementor-widget-container\">\n\t\t\t<style>\/*! elementor - v3.20.0 - 26-03-2024 *\/\n.elementor-widget-text-editor.elementor-drop-cap-view-stacked .elementor-drop-cap{background-color:#69727d;color:#fff}.elementor-widget-text-editor.elementor-drop-cap-view-framed .elementor-drop-cap{color:#69727d;border:3px solid;background-color:transparent}.elementor-widget-text-editor:not(.elementor-drop-cap-view-default) .elementor-drop-cap{margin-top:8px}.elementor-widget-text-editor:not(.elementor-drop-cap-view-default) .elementor-drop-cap-letter{width:1em;height:1em}.elementor-widget-text-editor .elementor-drop-cap{float:left;text-align:center;line-height:1;font-size:50px}.elementor-widget-text-editor .elementor-drop-cap-letter{display:inline-block}<\/style>\t\t\t\t<p><strong>INFORMATIONS SUR L&rsquo;\u00c9DUCATION<\/strong><\/p><p>Le Dr \u015eafak Seval est n\u00e9 \u00e0 Ankara en 1968. En 1994, il a termin\u00e9 ses \u00e9tudes \u00e0 la facult\u00e9 de m\u00e9decine de l&rsquo;universit\u00e9 d&rsquo;Istanbul et a obtenu son doctorat.<\/p><p><strong>\u00c9TUDES<\/strong><\/p><p>Pendant une quinzaine d&rsquo;ann\u00e9es, il a occup\u00e9 diff\u00e9rents postes tels que m\u00e9decin de famille, m\u00e9decin responsable et directeur adjoint de la sant\u00e9 dans des institutions publiques. En 2005, apr\u00e8s avoir obtenu le titre de m\u00e9decin esth\u00e9tique, il a travaill\u00e9 dans des dizaines de cliniques dans le domaine de l&rsquo;esth\u00e9tique m\u00e9dicale. En suivant de pr\u00e8s tous les d\u00e9veloppements dans ce domaine, il a r\u00e9alis\u00e9 de nombreuses proc\u00e9dures avec succ\u00e8s et a obtenu la satisfaction de ses patients.<\/p><p><strong>CONTRIBUTIONS ACAD\u00c9MIQUES ET PROFESSIONNELLES<\/strong><\/p><p>Il se perfectionne constamment dans le domaine de l&rsquo;esth\u00e9tique m\u00e9dicale et continue \u00e0 travailler pour offrir le meilleur service \u00e0 ses patients. En outre, il continue \u00e0 partager ses connaissances et son exp\u00e9rience en participant \u00e0 de nombreux congr\u00e8s nationaux et internationaux.<\/p>\t\t\t\t\t\t<\/div>\n\t\t\t\t<\/div>\n\t\t\t\t\t<\/div>\n\t\t\t\t<\/div>\n\t\t\t\t<\/div>\n\t\t","protected":false},"excerpt":{"rendered":"<p>CARRI\u00c8RE INFORMATIONS SUR L&rsquo;\u00c9DUCATION Le Dr \u015eafak Seval est n\u00e9 \u00e0 Ankara en 1968. En 1994, il a termin\u00e9 ses \u00e9tudes \u00e0 la facult\u00e9 de m\u00e9decine de l&rsquo;universit\u00e9 d&rsquo;Istanbul et a obtenu son doctorat. \u00c9TUDES Pendant une quinzaine d&rsquo;ann\u00e9es, il a occup\u00e9 diff\u00e9rents postes tels que m\u00e9decin de famille, m\u00e9decin responsable et directeur adjoint de&#8230;<\/p>\n","protected":false},"author":1,"featured_media":0,"parent":0,"menu_order":0,"comment_status":"closed","ping_status":"closed","template":"","meta":{"_acf_changed":false,"om_disable_all_campaigns":false,"inline_featured_image":false,"_monsterinsights_skip_tracking":false,"_monsterinsights_sitenote_active":false,"_monsterinsights_sitenote_note":"","_monsterinsights_sitenote_category":0,"footnotes":""},"class_list":["post-15382","page","type-page","status-publish","hentry"],"acf":[],"aioseo_notices":[],"_links":{"self":[{"href":"https:\/\/estoriaclinic.com.tr\/fr\/wp-json\/wp\/v2\/pages\/15382","targetHints":{"allow":["GET"]}}],"collection":[{"href":"https:\/\/estoriaclinic.com.tr\/fr\/wp-json\/wp\/v2\/pages"}],"about":[{"href":"https:\/\/estoriaclinic.com.tr\/fr\/wp-json\/wp\/v2\/types\/page"}],"author":[{"embeddable":true,"href":"https:\/\/estoriaclinic.com.tr\/fr\/wp-json\/wp\/v2\/users\/1"}],"replies":[{"embeddable":true,"href":"https:\/\/estoriaclinic.com.tr\/fr\/wp-json\/wp\/v2\/comments?post=15382"}],"version-history":[{"count":3,"href":"https:\/\/estoriaclinic.com.tr\/fr\/wp-json\/wp\/v2\/pages\/15382\/revisions"}],"predecessor-version":[{"id":15404,"href":"https:\/\/estoriaclinic.com.tr\/fr\/wp-json\/wp\/v2\/pages\/15382\/revisions\/15404"}],"wp:attachment":[{"href":"https:\/\/estoriaclinic.com.tr\/fr\/wp-json\/wp\/v2\/media?parent=15382"}],"curies":[{"name":"wp","href":"https:\/\/api.w.org\/{rel}","templated":true}]}}