{"id":7324,"date":"2024-02-28T15:02:47","date_gmt":"2024-02-28T12:02:47","guid":{"rendered":"https:\/\/estoriaclinic.com.tr\/privacy-policy\/"},"modified":"2024-06-03T13:23:09","modified_gmt":"2024-06-03T10:23:09","slug":"politique-de-confidentialite","status":"publish","type":"page","link":"https:\/\/estoriaclinic.com.tr\/fr\/politique-de-confidentialite\/","title":{"rendered":"Politique De Confidentialit\u00e9"},"content":{"rendered":"\t\t<div data-elementor-type=\"wp-page\" data-elementor-id=\"7324\" class=\"elementor elementor-7324 elementor-4558\">\n\t\t\t\t<div class=\"elementor-element elementor-element-0a002a1 e-flex e-con-boxed e-con e-parent\" data-id=\"0a002a1\" data-element_type=\"container\" data-core-v316-plus=\"true\">\n\t\t\t\t\t<div class=\"e-con-inner\">\n\t\t\t\t<div class=\"elementor-element elementor-element-49cbf82 elementor-widget elementor-widget-text-editor\" data-id=\"49cbf82\" data-element_type=\"widget\" data-widget_type=\"text-editor.default\">\n\t\t\t\t<div class=\"elementor-widget-container\">\n\t\t\t<style>\/*! elementor - v3.20.0 - 26-03-2024 *\/\n.elementor-widget-text-editor.elementor-drop-cap-view-stacked .elementor-drop-cap{background-color:#69727d;color:#fff}.elementor-widget-text-editor.elementor-drop-cap-view-framed .elementor-drop-cap{color:#69727d;border:3px solid;background-color:transparent}.elementor-widget-text-editor:not(.elementor-drop-cap-view-default) .elementor-drop-cap{margin-top:8px}.elementor-widget-text-editor:not(.elementor-drop-cap-view-default) .elementor-drop-cap-letter{width:1em;height:1em}.elementor-widget-text-editor .elementor-drop-cap{float:left;text-align:center;line-height:1;font-size:50px}.elementor-widget-text-editor .elementor-drop-cap-letter{display:inline-block}<\/style>\t\t\t\t<p><strong>CLINIQUE E ESTRORIA<br><\/strong>Chez Estoria Clinic, Nous Vous Appr\u00e9cions En Tant Qu&rsquo;invit\u00e9 Et Reconnaissons L&rsquo;importance De Prot\u00e9ger Votre Vie Priv\u00e9e. Nous Op\u00e9rons Conform\u00e9ment \u00c0 Toutes Les R\u00e9glementations En Mati\u00e8re De Protection Des Donn\u00e9es Applicables, Y Compris Le R\u00e8glement G\u00e9n\u00e9ral Sur La Protection Des Donn\u00e9es De L&rsquo;Union Europ\u00e9enne (RGPD), La Loi Sur La Protection Des Donn\u00e9es Et D&rsquo;autres Lois Connexes. Cette Politique De Confidentialit\u00e9 Vise \u00c0 Sp\u00e9cifier Comment Nous Collectons, Utilisons Et Divulguons Vos Donn\u00e9es Personnelles Pour Vous Fournir Le Plus Haut Niveau De Service Possible.<\/p>\n<p><strong>CONDITIONS D&rsquo;UTILISATION<br><\/strong>Estoriaclinic.Com.tr S&rsquo;engage Pleinement \u00c0 Se Conformer Aux Lignes Directrices En Mati\u00e8re De Protection Des Donn\u00e9es Et De Confidentialit\u00e9 M\u00e9dicale Du Minist\u00e8re De La Sant\u00e9. Les Informations Personnelles Que Vous Soumettez En Utilisant Ce Formulaire Seront Conserv\u00e9es En Toute S\u00e9curit\u00e9 Par Nous ; Vos Informations Personnelles Ne Seront Pas Partag\u00e9es Avec Quiconque En Dehors D&rsquo;Estoriaclinic.Com.tr Ou Utilis\u00e9es \u00c0 D&rsquo;autres Fins Que Pour R\u00e9pondre \u00c0 Votre Demande Ou \u00c0 Votre Demande.<\/p>\n<p><strong>CONFIDENTIALIT\u00c9 ET COOKIES<br><\/strong>Cette Politique De Confidentialit\u00e9 D\u00e9finit La Mani\u00e8re Dont Estoriaclinic.Com.tr Utilise Et Prot\u00e8ge Les Informations Que Vous Fournissez \u00c0 Estoriaclinic.Com.tr Lorsque Vous Utilisez Ce Site Web. Estoriaclinic.Com.tr S&rsquo;engage \u00c0 Garantir Que Votre Vie Priv\u00e9e Est Prot\u00e9g\u00e9e. Si Nous Vous Demandons De Fournir Certaines Informations Par Lesquelles Vous Pouvez \u00catre Identifi\u00e9 Lors De L&rsquo;utilisation De Ce Site Web, Elles Ne Seront Utilis\u00e9es Que Conform\u00e9ment \u00c0 La Pr\u00e9sente D\u00e9claration De Confidentialit\u00e9.<\/p>\n<p><strong>MODIFICATIONS DE NOTRE POLITIQUE DE CONFIDENTIALIT\u00c9<br><\/strong>Nous Nous R\u00e9servons Le Droit De Mettre \u00c0 Jour Et De Modifier Cette Politique De Temps \u00c0 Autre Pour Refl\u00e9ter Tout Changement Dans La Mani\u00e8re Dont Nous Traitons Vos Donn\u00e9es Personnelles Ou Les Exigences L\u00e9gales Changeantes. Tous Les Changements Que Nous Pouvons Apporter \u00c0 Notre Politique \u00c0 L&rsquo;avenir Seront Affich\u00e9s Sur Cette Page Et, Le Cas \u00c9ch\u00e9ant, Vous Seront Notifi\u00e9s Par E-Mail. Veuillez V\u00e9rifier Fr\u00e9quemment Pour Voir Les Mises \u00c0 Jour Ou Les Modifications Apport\u00e9es \u00c0 Notre Politique.<\/p>\n<p><strong>QUELLES INFORMATIONS Estoriaclinic.Com.tr PEUT-IL COLLECTER \u00c0 MON SUJET ?<br><\/strong>Des Informations Sur Vos Visites Et L&rsquo;utilisation De Ce Site Web (Y Compris Votre Adresse IP, Votre Emplacement G\u00e9ographique, Le Type Et La Version De Votre Navigateur, Votre Syst\u00e8me D&rsquo;exploitation, La Source De R\u00e9f\u00e9rence, La Dur\u00e9e De La Visite, Les Pages Consult\u00e9es) Peuvent \u00catre Collect\u00e9es. Nous Atteignons Cela D&rsquo;une Mani\u00e8re Qui N&rsquo;identifie Aucun Individu. Les Informations Que Vous Fournissez En Remplissant Des Formulaires Sur Notre Site Web, Telles Que Lorsque Vous Vous Inscrivez Pour Recevoir Des Informations Telles Qu&rsquo;une Newsletter, Peuvent \u00c9galement \u00catre Collect\u00e9es.<\/p>\n<p><strong>COMMENT Estoriaclinic.Com.tr UTILISERA-T-IL CES INFORMATIONS ?<br><\/strong>Nous Avons Besoin De Ces Informations Pour Comprendre Vos Besoins Et Vous Fournir Les Plus Hauts Niveaux De Service, Ainsi Que Pour :<\/p>\n<p>Am\u00e9liorer Le Contenu Et La Conception Du Site Web.<\/p>\n<p>Vous Contacter \u00c0 Propos D&rsquo;une Demande Ou D&rsquo;une Enqu\u00eate Que Vous Avez Faite, Par Exemple Pour Demander Un Rendez-Vous Avec Un Consultant.<\/p>\n<p>Vous Fournir Des Informations Que Vous Avez Demand\u00e9es, Par Exemple Une Newsletter.<\/p>\n<p>Transmettre Dans Le Format Le Plus Appropri\u00e9 Les D\u00e9tails Que Vous Nous Envoyez Pour L&rsquo;\u00e9valuation De Votre Condition, L&rsquo;organisation De Rendez-Vous Ou Toute Autre Fin Aux Consultants Ayant Des Droits D&rsquo;admission Chez Estoriaclinic.Com.tr Pour Leur Avis Professionnel.<\/p>\n<p>En Nous Envoyant Vos Coordonn\u00e9es, Vos Dossiers De Sant\u00e9, Etc., Vous Consentez Et Acceptez Qu&rsquo;il Puisse \u00catre N\u00e9cessaire Pour Nous De Transmettre Ces D\u00e9tails Cliniques \u00c9lectroniquement Ou Dans D&rsquo;autres Formats. Estoriaclinic.Com.tr Ne Partagera Jamais Vos Informations Avec D&rsquo;autres Organisations \u00c0 Des Fins De Marketing, De Recherche De March\u00e9 Ou Commerciales.<\/p>\n<p><strong>S\u00c9CURIT\u00c9<br><\/strong>Nous Nous Engageons \u00c0 Garantir Que Vos Informations Sont Conserv\u00e9es En Toute S\u00e9curit\u00e9. Pour Emp\u00eacher Tout Acc\u00e8s Ou Divulgation Non Autoris\u00e9, Nous Avons Mis En Place Des Proc\u00e9dures Physiques, \u00c9lectroniques Et Administratives Appropri\u00e9es Pour Prot\u00e9ger Et S\u00e9curiser Les Informations Que Nous Collectons En Ligne.<\/p>\n<p><strong>COOKIES<br><\/strong>Un \u00ab\u00a0Cookie\u00a0\u00bb Est Un Petit Fichier Contenant Une Cha\u00eene De Caract\u00e8res Qui Est Envoy\u00e9 \u00c0 Votre Ordinateur Lorsque Vous Visitez Un Site Web. Lorsque Vous Visitez \u00c0 Nouveau Le Site Web, Le Cookie Permet \u00c0 Ce Site De Reconna\u00eetre Votre Navigateur. Les Cookies Peuvent Stocker Les Pr\u00e9f\u00e9rences De L&rsquo;utilisateur Et D&rsquo;autres Informations. Vous Pouvez R\u00e9initialiser Votre Navigateur Pour Refuser Tous Les Cookies Ou Pour Indiquer Quand Un Cookie Est Envoy\u00e9. Cependant, Certaines Fonctionnalit\u00e9s Ou Services Du Site Web Peuvent Ne Pas Fonctionner Correctement Sans Cookies. Notre Site Web Utilise Trois Cookies. Ces Cookies Nous Permettent De Vous Distinguer Des Autres Utilisateurs De Notre Site Web, Ce Qui Nous Aide \u00c0 Vous Offrir Une Bonne Exp\u00e9rience Lorsque Vous Naviguez Sur Notre Site Web Et Nous Permet D&rsquo;am\u00e9liorer Notre Site. Les Cookies Que Nous Utilisons Sont Des Cookies \u00ab\u00a0Analytiques\u00a0\u00bb. Ils Nous Permettent De Reconna\u00eetre Et De Compter Le Nombre De Visiteurs Et De Voir Comment Les Visiteurs Se D\u00e9placent Sur Le Site Lorsqu&rsquo;ils L&rsquo;utilisent. Cela Nous Aide \u00c0 Am\u00e9liorer Le Fonctionnement De Notre Site Web, Par Exemple En Veillant \u00c0 Ce Que Les Utilisateurs Trouvent Facilement Ce Qu&rsquo;ils Cherchent.<\/p>\n<p><strong>LIENS VERS D&rsquo;AUTRES SITES WEB<br><\/strong>Notre Site Web Peut Contenir Des Liens Vers D&rsquo;autres Sites Web D&rsquo;int\u00e9r\u00eat. Cependant, Une Fois Que Vous Avez Utilis\u00e9 Ces Liens Pour Quitter Notre Site, Vous Devez Noter Que Nous N&rsquo;avons Aucun Contr\u00f4le Sur Cet Autre Site. Par Cons\u00e9quent, Nous Ne Pouvons \u00catre Responsables De La Protection Et De La Confidentialit\u00e9 Des Informations Que Vous Fournissez En Visitant Ces Sites Et Ces Sites Ne Sont Pas R\u00e9gis Par La Pr\u00e9sente D\u00e9claration De Confidentialit\u00e9. Vous Devez Faire Preuve De Prudence Et Consulter La D\u00e9claration De Confidentialit\u00e9 Applicable Au Site Web En Question.<\/p>\n<p><strong>CONTROLE DE VOS INFORMATIONS PERSONNELLES<br><\/strong>La Loi Sur La Protection Des Donn\u00e9es Vous Donne Le Droit D&rsquo;acc\u00e9der Aux Informations Que Nous D\u00e9tenons Sur Vous. Si Vous Pensez Que Les Informations Que Nous D\u00e9tenons Sur Vous Sont Incorrectes Ou Incompl\u00e8tes, Veuillez Nous \u00c9crire Ou Nous Envoyer Un E-Mail D\u00e8s Que Possible, \u00c0 L&rsquo;adresse Indiqu\u00e9e Sur Notre Site Web. Nous Corrigerons Rapidement Toute Information Jug\u00e9e Incorrecte.<\/p>\n<p><strong>CONDITIONS D&rsquo;UTILISATION<br><\/strong>En Acc\u00e9dant \u00c0 Ce Site, Vous Signifiez Votre Acceptation Des Termes Et Conditions \u00c9num<\/p>\n<p>\u00c9r\u00e9s Ci-Dessous.<\/p>\n<p>DECLARATION DE SOCIETE ENREGISTREE<br>Estoriaclinic.Com.tr Est Une Institution De Sant\u00e9 Enregistr\u00e9e Op\u00e9rant L\u00e9galement \u00c0 Istanbul, En Turquie, Ayant \u00c9t\u00e9 Officiellement Reconnue Et Autoris\u00e9e Par Le Minist\u00e8re De La Sant\u00e9 Turc. Estoriaclinic.Com.tr Est Une Clinique Enregistr\u00e9e \u00c9tablie Sous, Et R\u00e9gie Par, Les Lois De La R\u00e9publique De Turquie. Les Services D\u00e9crits Sont Fournis En Turquie Et Les D\u00e9clarations Faites Sur Ce Site Web Sont R\u00e9gies Par Le Droit Turc.<\/p>\n<p><strong>AVERTISSEMENT<br><\/strong>Estoriaclinic.Com.tr A Fait Tous Les Efforts Raisonnables Pour Garantir Que Le Contenu De Ce Site Web Est Vrai Et Exact \u00c0 Tous \u00c9gards. Estoriaclinic.Com.tr Ne Sera Pas Responsable De Toute Perte Ou Dommage D\u00e9coulant De La Consultation Du Contenu Du Site Web. Estoriaclinic.Com.tr Ne Garantit Pas Que Le Site Web Sera Exempt D&rsquo;erreurs, D&rsquo;omissions, D&rsquo;interruptions Ou De Retards. Bien Qu&rsquo;Estoriaclinic.Com.tr Fasse Tous Les Efforts Raisonnables Pour Exclure Les Virus Du Site Web, Nous Ne Pouvons Garantir Que Le Site Web Sera Exempt De Virus Et N&rsquo;acceptons Aucune Responsabilit\u00e9 Dans Le Cas Peu Probable O\u00f9 Le Site Web Ne Serait Pas Exempt De Virus. Il Est Recommand\u00e9 Aux Utilisateurs De Prendre Des Pr\u00e9cautions Appropri\u00e9es Avant De T\u00e9l\u00e9charger Des Informations \u00c0 Partir De Ce Site Web. Les Informations Contenues Sur Le Site Web Ont \u00c9t\u00e9 Pr\u00e9par\u00e9es \u00c0 Des Fins D&rsquo;orientation G\u00e9n\u00e9rale Uniquement ; Elles Ne Constituent Pas Un Avis M\u00e9dical Professionnel. Les Utilisateurs Doivent Contacter Directement Estoriaclinic.Com.tr Pour Obtenir Des Conseils Concernant Des Questions Sp\u00e9cifiques Avant De Prendre Toute D\u00e9cision. Le Site Web Contient Des Liens Hypertextes Vers Des Sites Web Tiers. Estoriaclinic.Com.tr Ne Peut Fournir Aucune Garantie (Expresse Ou Implicite) Quant \u00c0 L&rsquo;exactitude Ou \u00c0 La Source Des Informations Contenues Sur Ces Sites Web. Les Liens Hypertextes Du Site Web Estoriaclinic.Com.tr Vers Des Sites Web Tiers Ne Constituent Aucune Approbation De Ces Organisations Tierces.<\/p>\n<p><strong>CONDITIONS D&rsquo;UTILISATION<br><\/strong>En Raison De La Nature Changeante Des Lois, Des R\u00e8glements Et Du Contenu De Ce Site Web, Veuillez Vous Assurer De Consulter R\u00e9guli\u00e8rement Toutes Les D\u00e9clarations De Non-Responsabilit\u00e9 Et De Protection Des Donn\u00e9es Publi\u00e9es Sur Ce Site. Votre Utilisation Continue De Ce Site Web Sera Consid\u00e9r\u00e9e Comme Une Acceptation De Toute Modification Apport\u00e9e.<\/p>\n<p><strong>DROITS D&rsquo;AUTEUR<br><\/strong>Le Contenu De Ce Site Appartient \u00c0 Estoriaclinic.Com. Aucune Partie De Son Contenu Ou De Ses Images Ne Peut \u00catre Utilis\u00e9e Sans L&rsquo;autorisation \u00c9crite Expresse Du D\u00e9partement Marketing D&rsquo;Estoriaclinic.Com.<\/p>\n<p><strong>PROTECTION DES DONN\u00c9ES<br><\/strong>Estoriaclinic.Com.tr S&rsquo;efforce De Se Conformer Aux Termes De La Loi Sur La Protection Des Donn\u00e9es Et Aux Lignes Directrices De Confidentialit\u00e9 M\u00e9dicale. Si Vous Avez Des Pr\u00e9occupations Concernant La Protection Des Donn\u00e9es Chez Estoriaclinic.Com.tr Ou Si Vous Souhaitez Obtenir De Plus Amples Informations, Veuillez Contacter Le D\u00e9partement Des Services Internationaux \u00c0 : Info@Estoriaclinic.Com.tr<\/p>\n<p><strong>VOS DROITS EN VERTU DE LA LOI SUR LA PROTECTION DES DONN\u00c9ES<br><\/strong>En Vertu De La Loi Sur La Protection Des Donn\u00e9es De 2018, Vous Avez Le Droit De Savoir Quelles Informations Le Gouvernement Et D&rsquo;autres Organisations D\u00e9tiennent Sur Vous. Cela Inclut Le Droit De :<\/p>\n<p>\u00catre Inform\u00e9 De La Mani\u00e8re Dont Vos Donn\u00e9es Sont Utilis\u00e9es<\/p>\n<p>Acc\u00e9der Aux Donn\u00e9es Personnelles<\/p>\n<p>Mettre \u00c0 Jour Les Donn\u00e9es Incorrectes<\/p>\n<p>Effacer Les Donn\u00e9es<\/p>\n<p>Arr\u00eater Ou Restreindre Le Traitement De Vos Donn\u00e9es<\/p>\n<p>Portabilit\u00e9 Des Donn\u00e9es (Vous Permettant D&rsquo;obtenir Et De R\u00e9utiliser Vos Donn\u00e9es Pour Diff\u00e9rents Services)<\/p>\n<p>S&rsquo;opposer Au Traitement De Vos Donn\u00e9es Dans Certaines Circonstances<\/p>\n<p>Vous Avez \u00c9galement Des Droits Lorsque Qu&rsquo;une Organisation Utilise Vos Donn\u00e9es Personnelles Pour :<\/p>\n<p>Des Processus De Prise De D\u00e9cision Automatis\u00e9s (Sans Intervention Humaine)<\/p>\n<p>Le Profilage, Par Exemple Pour Pr\u00e9dire Votre Comportement Ou Vos Int\u00e9r\u00eats<\/p>\n<p>Si Vous Avez Des Pr\u00e9occupations Concernant Le Traitement Des Informations Par Estoria &nbsp;Clinic Ou Vos Droits En Tant Qu&rsquo;individu, Veuillez Contacter Notre D\u00e9partement Des Services Internationaux \u00c0 : Info@Estoriaclinic.Com.tr<\/p>\n<p><strong>COLLECTE ET STOCKAGE DES DONN\u00c9ES<br><\/strong>Dans Le Cadre De Notre D\u00e9veloppement De Services En Cours, Nous Pouvons De Temps \u00c0 Autre Vous Envoyer Des D\u00e9tails Sur D&rsquo;autres Services. Si Vous Ne Souhaitez Pas Recevoir De Telles Mises \u00c0 Jour, Veuillez Envoyer Un E-Mail \u00c0 : Info@Estoriaclinic.Com.tr Tous Les D\u00e9tails Que Vous Fournissez Lors De La Soumission D&rsquo;une Demande \u00c0 Estoriaclinic.Com.tr Seront Conserv\u00e9s Pendant Une P\u00e9riode De Trois Ans Pour Aider \u00c0 La Recherche Marketing.<\/p>\n<p><strong>DEMANDES PAR COURRIER \u00c9LECTRONIQUE<br><\/strong>Lorsque Vous Demandez Des Informations Cliniques De Notre Part Concernant Les Services \u00c0 Estoriaclinic.Com, Celles-Ci Vous Seront Transmises Par Courrier \u00c9lectronique \u00c0 Moins Que Vous Ne Demandiez Explicitement Que Nous Les Transmettions Par Un Autre Moyen, Par Exemple Par Courrier Postal. Bien Qu&rsquo;Estoriaclinic.Com.tr Fasse Tous Les Efforts Pour Garantir Que Son Infrastructure Internet Est S\u00e9curis\u00e9e, Le Courrier \u00c9lectronique Est Intrins\u00e8quement Peu S\u00fbr Et Estoriaclinic.Com.tr Ne Peut Garantir La S\u00e9curit\u00e9 Absolue Des Donn\u00e9es Envoy\u00e9es \u00c9lectroniquement.<\/p>\n<p><strong>TRAITEMENT DE VOS DEMANDES<br><\/strong>Les D\u00e9tails M\u00e9dicaux Que Vous Nous Envoyez \u00c9lectroniquement Pour L&rsquo;\u00e9valuation De Votre \u00c9tat, L&rsquo;organisation De Rendez-Vous Ou Toute Autre Fin Peuvent \u00catre Transmis Aux Consultants Ayant Des Droits D&rsquo;admission \u00c0 Estoriaclinic.Com.tr Pour Leur Avis Professionnel. En Nous Envoyant Vos Coordonn\u00e9es, Vos Dossiers De Sant\u00e9, Etc., Vous Acceptez Qu&rsquo;il Puisse \u00catre N\u00e9cessaire Pour Nous De Transmettre Ces D\u00e9tails Cliniques \u00c9lectroniquement Ou Dans D&rsquo;autres Formats. Estoriaclinic.Com.tr A Fait Tous Les Efforts Raisonnables Pour Garantir Que Le Contenu De Ce Site Web Est Vrai Et Exact \u00c0 Tous \u00c9gards.<\/p>\n<p><strong>ACCESSIBILIT\u00c9<br><\/strong>Estoriaclinic.Com.tr Reconna\u00eet Et Valorise La Fourniture D&rsquo;informations Sur Ce Site Web Dans Un Format Accessible \u00c0 Tous, Ind\u00e9pendamment De La Technologie Ou De La Capacit\u00e9. Les Sites Web Accessibles Priorisent Un Contenu Clair, Une Structure Et Une Facilit\u00e9 De Navigation. Ils Accueillent \u00c9galement L&rsquo;ensemble Des Utilisateurs Possibles. Concevoir Pour L&rsquo;accessibilit\u00e9 Signifie Accepter Qu&rsquo;il N&rsquo;y A Pas D&rsquo;utilisateur D&rsquo;information Standard Et Aucun Appareil Standard Pour Naviguer Dans L&rsquo;information. Pour Garantir Que Cela Se Produise, Nous Avons Programm\u00e9 Notre Site Web En Suivant Les Normes Web Publi\u00e9es Et Les Directives D&rsquo;accessibilit\u00e9. Ces Directives Sont Bas<\/p>\n<p>\u00c9es Sur Les Bonnes Pratiques De Conception Et Existent Pour Garantir Qu&rsquo;aucun Individu N&rsquo;est Exclu En Raison D&rsquo;un Handicap Ou Du Choix De L&rsquo;appareil. Le Site Est D\u00e9velopp\u00e9 En Utilisant Du HTML Valide Et Des Feuilles De Style En Cascade (CSS). Le Contenu De Notre Site Est S\u00e9par\u00e9 Des \u00c9l\u00e9ments De Pr\u00e9sentation, Ce Qui Le Rend Disponible Pour Tous Les Visiteurs Qui Utilisent Des Technologies Telles Qu&rsquo;un Lecteur D&rsquo;\u00e9cran Ou Un Navigateur Texte Seulement. Le Site S&rsquo;affiche Correctement Dans Tous Les Navigateurs Standards Actuels Et En Adoptant Ces Normes, Nous Nous Assurons Qu&rsquo;il Restera Conforme Dans Tous Les Navigateurs Futurs. Nous Visons \u00c0 Atteindre Et \u00c0 Maintenir Des Niveaux D&rsquo;accessibilit\u00e9 Conformes \u00c0 La Norme WAI De Niveau AA, Mais Nous Reconnaissons Que Cela N&rsquo;est Pas Toujours R\u00e9alisable Pour L&rsquo;ensemble Du Site Web. Gr\u00e2ce Au D\u00e9veloppement Ult\u00e9rieur De Nos Services Web, Nous Nous Effor\u00e7ons D&rsquo;am\u00e9liorer Notre Conformit\u00e9 Et Visons \u00c0 Respecter Autant Que Possible Les Directives AA. Vous Pouvez Utiliser Les Param\u00e8tres De Votre Navigateur Pour Changer La Taille Du Texte Et Le Zoom Pour Tous Les Sites Web Que Vous Visitez. La Technique Pour Cela Est L\u00e9g\u00e8rement Diff\u00e9rente Selon Le Navigateur Que Vous Utilisez &#8211; Veuillez Consulter La Documentation Fournie Avec Votre Navigateur.<\/p>\n<p>H<\/p>\t\t\t\t\t\t<\/div>\n\t\t\t\t<\/div>\n\t\t\t\t\t<\/div>\n\t\t\t\t<\/div>\n\t\t\t\t<\/div>\n\t\t","protected":false},"excerpt":{"rendered":"<p>CLINIQUE E ESTRORIAChez Estoria Clinic, Nous Vous Appr\u00e9cions En Tant Qu&rsquo;invit\u00e9 Et Reconnaissons L&rsquo;importance De Prot\u00e9ger Votre Vie Priv\u00e9e. Nous Op\u00e9rons Conform\u00e9ment \u00c0 Toutes Les R\u00e9glementations En Mati\u00e8re De Protection Des Donn\u00e9es Applicables, Y Compris Le R\u00e8glement G\u00e9n\u00e9ral Sur La Protection Des Donn\u00e9es De L&rsquo;Union Europ\u00e9enne (RGPD), La Loi Sur La Protection Des Donn\u00e9es Et&#8230;<\/p>\n","protected":false},"author":1,"featured_media":0,"parent":0,"menu_order":0,"comment_status":"closed","ping_status":"closed","template":"","meta":{"_acf_changed":false,"om_disable_all_campaigns":false,"inline_featured_image":true,"_monsterinsights_skip_tracking":false,"_monsterinsights_sitenote_active":false,"_monsterinsights_sitenote_note":"","_monsterinsights_sitenote_category":0,"footnotes":""},"class_list":["post-7324","page","type-page","status-publish","hentry"],"acf":[],"aioseo_notices":[],"_links":{"self":[{"href":"https:\/\/estoriaclinic.com.tr\/fr\/wp-json\/wp\/v2\/pages\/7324","targetHints":{"allow":["GET"]}}],"collection":[{"href":"https:\/\/estoriaclinic.com.tr\/fr\/wp-json\/wp\/v2\/pages"}],"about":[{"href":"https:\/\/estoriaclinic.com.tr\/fr\/wp-json\/wp\/v2\/types\/page"}],"author":[{"embeddable":true,"href":"https:\/\/estoriaclinic.com.tr\/fr\/wp-json\/wp\/v2\/users\/1"}],"replies":[{"embeddable":true,"href":"https:\/\/estoriaclinic.com.tr\/fr\/wp-json\/wp\/v2\/comments?post=7324"}],"version-history":[{"count":0,"href":"https:\/\/estoriaclinic.com.tr\/fr\/wp-json\/wp\/v2\/pages\/7324\/revisions"}],"wp:attachment":[{"href":"https:\/\/estoriaclinic.com.tr\/fr\/wp-json\/wp\/v2\/media?parent=7324"}],"curies":[{"name":"wp","href":"https:\/\/api.w.org\/{rel}","templated":true}]}}