{"id":7566,"date":"2021-07-22T03:31:07","date_gmt":"2021-07-22T00:31:07","guid":{"rendered":"https:\/\/estoriaclinic.com.tr\/prp-mesotheraphy\/"},"modified":"2024-07-30T00:37:29","modified_gmt":"2024-07-29T21:37:29","slug":"prp-mesotherapie","status":"publish","type":"page","link":"https:\/\/estoriaclinic.com.tr\/fr\/prp-mesotherapie\/","title":{"rendered":"PRP &amp; M\u00e9soth\u00e9rapie"},"content":{"rendered":"\t\t<div data-elementor-type=\"wp-page\" data-elementor-id=\"7566\" class=\"elementor elementor-7566 elementor-3432\">\n\t\t\t\t\t\t<div class=\"elementor-section elementor-top-section elementor-element elementor-element-6ad0452 elementor-section-boxed elementor-section-height-default elementor-section-height-default\" data-id=\"6ad0452\" data-element_type=\"section\">\n\t\t\t\t\t\t<div class=\"elementor-container elementor-column-gap-custom\">\n\t\t\t\t\t<div class=\"elementor-column elementor-col-100 elementor-top-column elementor-element elementor-element-c4a93d2\" data-id=\"c4a93d2\" data-element_type=\"column\">\n\t\t\t<div class=\"elementor-widget-wrap elementor-element-populated\">\n\t\t\t\t\t\t<section class=\"elementor-section elementor-inner-section elementor-element elementor-element-06069d5 elementor-section-boxed elementor-section-height-default elementor-section-height-default\" data-id=\"06069d5\" data-element_type=\"section\">\n\t\t\t\t\t\t<div class=\"elementor-container elementor-column-gap-default\">\n\t\t\t\t\t<div class=\"elementor-column elementor-col-50 elementor-inner-column elementor-element elementor-element-6020ab4\" data-id=\"6020ab4\" data-element_type=\"column\">\n\t\t\t<div class=\"elementor-widget-wrap elementor-element-populated\">\n\t\t\t\t\t\t<div class=\"elementor-element elementor-element-e7a3507 elementor-widget elementor-widget-namedical_basic_image_compare\" data-id=\"e7a3507\" data-element_type=\"widget\" data-settings=\"{&quot;before_image&quot;:{&quot;url&quot;:&quot;https:\\\/\\\/estoriaclinic.com.tr\\\/wp-content\\\/uploads\\\/2024\\\/02\\\/PRP-Mesotherapy-Before-1.jpg&quot;,&quot;id&quot;:3436,&quot;size&quot;:&quot;&quot;,&quot;alt&quot;:&quot;&quot;,&quot;source&quot;:&quot;library&quot;},&quot;after_image&quot;:{&quot;url&quot;:&quot;https:\\\/\\\/estoriaclinic.com.tr\\\/wp-content\\\/uploads\\\/2024\\\/02\\\/PRP-Mesotherapy-After-1.jpg&quot;,&quot;id&quot;:3435,&quot;size&quot;:&quot;&quot;,&quot;alt&quot;:&quot;&quot;,&quot;source&quot;:&quot;library&quot;}}\" data-widget_type=\"namedical_basic_image_compare.default\">\n\t\t\t\t<div class=\"elementor-widget-container\">\n\t\t\t<div class=\"namep-compare-wrap\"><div class=\"namep-compare compare-69f20b8ebe0b9-5824\"><\/div><\/div>\r\n\t\t<script type=\"text\/javascript\">\r\n\r\n\t    jQuery(document).ready(function($) {\r\n\r\n\t    \tslider = new juxtapose.JXSlider('.compare-69f20b8ebe0b9-5824',\r\n\t\t    [\r\n\t        {\r\n            src: 'https:\/\/estoriaclinic.com.tr\/wp-content\/uploads\/2024\/02\/PRP-Mesotherapy-Before-1.jpg',\r\n            label: '',\r\n\t        },\r\n\t        {\r\n            src: 'https:\/\/estoriaclinic.com.tr\/wp-content\/uploads\/2024\/02\/PRP-Mesotherapy-After-1.jpg',\r\n            label: '',\r\n\t        }\r\n\t\t    ],\r\n\t\t    {\r\n\t        animate: true,\r\n\t        showLabels: false,\r\n\t        showCredits: false,\r\n\t        startingPosition: \"50%\",\r\n\t        makeResponsive: true,\r\n\t        mode: \"horizontal\",\r\n\t\t    });\r\n\r\n\t    });\r\n\t  <\/script>\r\n\t\t\t<\/div>\n\t\t\t\t<\/div>\n\t\t\t\t\t<\/div>\n\t\t<\/div>\n\t\t\t\t<div class=\"elementor-column elementor-col-50 elementor-inner-column elementor-element elementor-element-9b460ff\" data-id=\"9b460ff\" data-element_type=\"column\">\n\t\t\t<div class=\"elementor-widget-wrap elementor-element-populated\">\n\t\t\t\t\t\t<div class=\"elementor-element elementor-element-af931c6 elementor-widget elementor-widget-namedical_basic_get_apps\" data-id=\"af931c6\" data-element_type=\"widget\" data-widget_type=\"namedical_basic_get_apps.default\">\n\t\t\t\t<div class=\"elementor-widget-container\">\n\t\t\t<div class=\"namep-get-apps\">\r\n\t\t\t\t\t\t\t\t<h5>CONSULTATION GRATUITE<\/h5><h3 class=\"apps-title\">Parlez \u00e0 notre expert gratuitement<\/h3><p>Nous disposons d&#039;horaires actualis\u00e9s, d&#039;informations de contact et nous vous permettons de prendre rendez-vous en ligne.<\/p><div class=\"namep-btn-wrap\"><a href=\"https:\/\/estoriaclinic.com.tr\/fr\/nous-contacter\/\"   class=\"namep-btn\"style=\" \">Demande de rappel<\/a><\/div><\/div>\t\t<\/div>\n\t\t\t\t<\/div>\n\t\t\t\t\t<\/div>\n\t\t<\/div>\n\t\t\t\t\t<\/div>\n\t\t<\/section>\n\t\t\t\t\t<\/div>\n\t\t<\/div>\n\t\t\t\t\t<\/div>\n\t\t<\/div>\n\t\t\t\t<section class=\"elementor-section elementor-top-section elementor-element elementor-element-8d26f93 elementor-section-content-middle elementor-section-boxed elementor-section-height-default elementor-section-height-default\" data-id=\"8d26f93\" data-element_type=\"section\" data-settings=\"{&quot;background_background&quot;:&quot;classic&quot;}\">\n\t\t\t\t\t\t<div class=\"elementor-container elementor-column-gap-default\">\n\t\t\t\t\t<div class=\"elementor-column elementor-col-100 elementor-top-column elementor-element elementor-element-391ac7d\" data-id=\"391ac7d\" data-element_type=\"column\">\n\t\t\t<div class=\"elementor-widget-wrap elementor-element-populated\">\n\t\t\t\t\t\t<div class=\"elementor-element elementor-element-97147c4 elementor-widget elementor-widget-text-editor\" data-id=\"97147c4\" data-element_type=\"widget\" data-widget_type=\"text-editor.default\">\n\t\t\t\t<div class=\"elementor-widget-container\">\n\t\t\t<style>\/*! elementor - v3.20.0 - 26-03-2024 *\/\n.elementor-widget-text-editor.elementor-drop-cap-view-stacked .elementor-drop-cap{background-color:#69727d;color:#fff}.elementor-widget-text-editor.elementor-drop-cap-view-framed .elementor-drop-cap{color:#69727d;border:3px solid;background-color:transparent}.elementor-widget-text-editor:not(.elementor-drop-cap-view-default) .elementor-drop-cap{margin-top:8px}.elementor-widget-text-editor:not(.elementor-drop-cap-view-default) .elementor-drop-cap-letter{width:1em;height:1em}.elementor-widget-text-editor .elementor-drop-cap{float:left;text-align:center;line-height:1;font-size:50px}.elementor-widget-text-editor .elementor-drop-cap-letter{display:inline-block}<\/style>\t\t\t\t<h2>PRP et m\u00e9soth\u00e9rapie :<\/h2><p>Le PRP (Platelet Rich Plasma) et la m\u00e9soth\u00e9rapie sont deux traitements efficaces couramment utilis\u00e9s pour maintenir la sant\u00e9 et la jeunesse de la peau, pr\u00e9venir la chute des cheveux et am\u00e9liorer l&rsquo;aspect esth\u00e9tique g\u00e9n\u00e9ral.<\/p><h2>Qu&rsquo;est-ce que le PRP ?<\/h2><p>Le PRP est l&rsquo;abr\u00e9viation de plasma riche en plaquettes. Il s&rsquo;agit du processus d&rsquo;utilisation du plasma issu du sang d&rsquo;une personne pour traiter divers probl\u00e8mes de sant\u00e9 et d&rsquo;esth\u00e9tique. Le PRP contient une forte concentration de plaquettes. Les plaquettes assurent non seulement la coagulation du sang, mais contiennent \u00e9galement des facteurs de croissance qui favorisent la cicatrisation et la r\u00e9g\u00e9n\u00e9ration des tissus.<\/p><h2>Qu&rsquo;est-ce que la m\u00e9soth\u00e9rapie ?<\/h2><p>La m\u00e9soth\u00e9rapie est un traitement qui consiste \u00e0 injecter sous la peau des vitamines, des min\u00e9raux, des acides amin\u00e9s et d&rsquo;autres nutriments. Ces injections peuvent \u00eatre personnalis\u00e9es en fonction des besoins de la peau et cibler des probl\u00e8mes sp\u00e9cifiques.<\/p>\t\t\t\t\t\t<\/div>\n\t\t\t\t<\/div>\n\t\t\t\t\t<\/div>\n\t\t<\/div>\n\t\t\t\t\t<\/div>\n\t\t<\/section>\n\t\t<div class=\"elementor-element elementor-element-7ef7e24 e-con-full e-flex e-con e-parent\" data-id=\"7ef7e24\" data-element_type=\"container\" data-settings=\"{&quot;background_background&quot;:&quot;classic&quot;}\" data-core-v316-plus=\"true\">\n\t\t<div class=\"elementor-element elementor-element-8831615 e-con-full e-flex e-con e-child\" data-id=\"8831615\" data-element_type=\"container\">\n\t\t\t\t<div class=\"elementor-element elementor-element-eb256cc elementor-widget elementor-widget-image\" data-id=\"eb256cc\" data-element_type=\"widget\" data-widget_type=\"image.default\">\n\t\t\t\t<div class=\"elementor-widget-container\">\n\t\t\t<style>\/*! elementor - v3.20.0 - 26-03-2024 *\/\n.elementor-widget-image{text-align:center}.elementor-widget-image a{display:inline-block}.elementor-widget-image a img[src$=\".svg\"]{width:48px}.elementor-widget-image img{vertical-align:middle;display:inline-block}<\/style>\t\t\t\t\t\t\t\t\t\t<img fetchpriority=\"high\" decoding=\"async\" width=\"1500\" height=\"1500\" src=\"https:\/\/estoriaclinic.com.tr\/wp-content\/uploads\/2024\/02\/PRP-Mesotheraphy-1.jpg\" class=\"attachment-full size-full wp-image-7569\" alt=\"\" srcset=\"https:\/\/estoriaclinic.com.tr\/wp-content\/uploads\/2024\/02\/PRP-Mesotheraphy-1.jpg 1500w, https:\/\/estoriaclinic.com.tr\/wp-content\/uploads\/2024\/02\/PRP-Mesotheraphy-1-300x300.jpg 300w, https:\/\/estoriaclinic.com.tr\/wp-content\/uploads\/2024\/02\/PRP-Mesotheraphy-1-1024x1024.jpg 1024w, https:\/\/estoriaclinic.com.tr\/wp-content\/uploads\/2024\/02\/PRP-Mesotheraphy-1-150x150.jpg 150w, https:\/\/estoriaclinic.com.tr\/wp-content\/uploads\/2024\/02\/PRP-Mesotheraphy-1-768x768.jpg 768w\" sizes=\"(max-width: 1500px) 100vw, 1500px\" \/>\t\t\t\t\t\t\t\t\t\t\t\t\t<\/div>\n\t\t\t\t<\/div>\n\t\t\t\t<\/div>\n\t\t<div class=\"elementor-element elementor-element-6820c53 e-con-full e-flex e-con e-child\" data-id=\"6820c53\" data-element_type=\"container\">\n\t\t\t\t<div class=\"elementor-element elementor-element-d3bdc37 elementor-widget elementor-widget-text-editor\" data-id=\"d3bdc37\" data-element_type=\"widget\" data-widget_type=\"text-editor.default\">\n\t\t\t\t<div class=\"elementor-widget-container\">\n\t\t\t\t\t\t\t<h2>Comment obtient-on le PRP ?<\/h2><h3>Le processus d&rsquo;obtention du PRP comprend plusieurs \u00e9tapes :<\/h3><p><strong>Pr\u00e9l\u00e8vement de sang :<\/strong> Du sang est pr\u00e9lev\u00e9 sur la personne \u00e0 traiter.<br \/><strong>Processus de centrifugation :<\/strong> Le sang est s\u00e9par\u00e9 en ses composants en tournant \u00e0 grande vitesse dans une centrifugeuse sp\u00e9ciale.<\/p><h3>Gr\u00e2ce \u00e0 ce processus, le plasma devient riche en plaquettes.<br \/>Injection :<\/h3><p>Le PRP obtenu est inject\u00e9 dans la zone \u00e0 traiter \u00e0 l&rsquo;aide de fines aiguilles.<\/p><p><strong>Le traitement PRP a de nombreux domaines d&rsquo;application :<\/strong><\/p><p><strong>Rajeunissement de la peau :<\/strong> Le PRP augmente la production de collag\u00e8ne, ce qui donne \u00e0 la peau un aspect plus jeune et plus sain.<br \/><strong>Chute de cheveux :<\/strong> en renfor\u00e7ant les follicules pileux, il stoppe la chute des cheveux et favorise leur repousse.<br \/><strong>Orthop\u00e9die :<\/strong> il est utilis\u00e9 dans le traitement des blessures sportives et des probl\u00e8mes musculaires et articulaires.<\/p>\t\t\t\t\t\t<\/div>\n\t\t\t\t<\/div>\n\t\t\t\t<\/div>\n\t\t\t\t<\/div>\n\t\t<div class=\"elementor-element elementor-element-ec4c56c e-con-full e-flex e-con e-parent\" data-id=\"ec4c56c\" data-element_type=\"container\" data-settings=\"{&quot;background_background&quot;:&quot;classic&quot;}\" data-core-v316-plus=\"true\">\n\t\t<div class=\"elementor-element elementor-element-f9e491a e-con-full e-flex e-con e-child\" data-id=\"f9e491a\" data-element_type=\"container\">\n\t\t\t\t<div class=\"elementor-element elementor-element-d88d7de elementor-widget elementor-widget-text-editor\" data-id=\"d88d7de\" data-element_type=\"widget\" data-widget_type=\"text-editor.default\">\n\t\t\t\t<div class=\"elementor-widget-container\">\n\t\t\t\t\t\t\t<h2>Comment la m\u00e9soth\u00e9rapie est-elle appliqu\u00e9e ?<\/h2><h3>L&rsquo;application de la m\u00e9soth\u00e9rapie comprend les \u00e9tapes suivantes :<\/h3><p><strong>Pr\u00e9paration :<\/strong> La peau est nettoy\u00e9e et d\u00e9sinfect\u00e9e.<br \/><strong>Micro-injections :<\/strong> Le m\u00e9lange de m\u00e9soth\u00e9rapie pr\u00e9par\u00e9 est inject\u00e9 dans la couche moyenne de la peau \u00e0 l&rsquo;aide de fines aiguilles. Cette proc\u00e9dure est g\u00e9n\u00e9ralement r\u00e9alis\u00e9e sous la forme de multiples petites injections.<br \/><strong>Processus de traitement :<\/strong> la m\u00e9soth\u00e9rapie est g\u00e9n\u00e9ralement administr\u00e9e en plusieurs s\u00e9ances. Le nombre de s\u00e9ances varie en fonction de la zone trait\u00e9e et de la gravit\u00e9 du probl\u00e8me.<\/p><h3>La m\u00e9soth\u00e9rapie est utilis\u00e9e pour un large \u00e9ventail de probl\u00e8mes esth\u00e9tiques :<\/h3><p><strong>Rajeunissement de la peau :<\/strong> Am\u00e9liore le tonus de la peau et r\u00e9duit les rides et ridules.<br \/><strong>Traitement de la cellulite :<\/strong> R\u00e9duit l&rsquo;apparence de la cellulite et resserre les tissus cutan\u00e9s.<br \/><strong>Amincissement r\u00e9gional :<\/strong> Permet un amincissement r\u00e9gional en r\u00e9duisant le tissu adipeux.<br \/><strong>Traitement des cheveux :<\/strong> Stoppe la chute des cheveux et favorise leur croissance.<\/p>\t\t\t\t\t\t<\/div>\n\t\t\t\t<\/div>\n\t\t\t\t<\/div>\n\t\t<div class=\"elementor-element elementor-element-6d2023a e-con-full e-flex e-con e-child\" data-id=\"6d2023a\" data-element_type=\"container\">\n\t\t\t\t<div class=\"elementor-element elementor-element-42388aa elementor-widget elementor-widget-image\" data-id=\"42388aa\" data-element_type=\"widget\" data-widget_type=\"image.default\">\n\t\t\t\t<div class=\"elementor-widget-container\">\n\t\t\t\t\t\t\t\t\t\t\t\t\t<img decoding=\"async\" width=\"1500\" height=\"1500\" src=\"https:\/\/estoriaclinic.com.tr\/wp-content\/uploads\/2024\/02\/PRP-Mesotheraphy-2.jpg\" class=\"attachment-full size-full wp-image-7570\" alt=\"\" srcset=\"https:\/\/estoriaclinic.com.tr\/wp-content\/uploads\/2024\/02\/PRP-Mesotheraphy-2.jpg 1500w, https:\/\/estoriaclinic.com.tr\/wp-content\/uploads\/2024\/02\/PRP-Mesotheraphy-2-300x300.jpg 300w, https:\/\/estoriaclinic.com.tr\/wp-content\/uploads\/2024\/02\/PRP-Mesotheraphy-2-1024x1024.jpg 1024w, https:\/\/estoriaclinic.com.tr\/wp-content\/uploads\/2024\/02\/PRP-Mesotheraphy-2-150x150.jpg 150w, https:\/\/estoriaclinic.com.tr\/wp-content\/uploads\/2024\/02\/PRP-Mesotheraphy-2-768x768.jpg 768w\" sizes=\"(max-width: 1500px) 100vw, 1500px\" \/>\t\t\t\t\t\t\t\t\t\t\t\t\t<\/div>\n\t\t\t\t<\/div>\n\t\t\t\t<\/div>\n\t\t\t\t<\/div>\n\t\t\t\t<section class=\"elementor-section elementor-top-section elementor-element elementor-element-eb75b31 elementor-section-content-middle elementor-section-boxed elementor-section-height-default elementor-section-height-default\" data-id=\"eb75b31\" data-element_type=\"section\" data-settings=\"{&quot;background_background&quot;:&quot;classic&quot;}\">\n\t\t\t\t\t\t<div class=\"elementor-container elementor-column-gap-default\">\n\t\t\t\t\t<div class=\"elementor-column elementor-col-100 elementor-top-column elementor-element elementor-element-5209e49\" data-id=\"5209e49\" data-element_type=\"column\">\n\t\t\t<div class=\"elementor-widget-wrap\">\n\t\t\t\t\t\t\t<\/div>\n\t\t<\/div>\n\t\t\t\t\t<\/div>\n\t\t<\/section>\n\t\t\t\t<div class=\"elementor-section elementor-top-section elementor-element elementor-element-60db855 elementor-section-boxed elementor-section-height-default elementor-section-height-default\" data-id=\"60db855\" data-element_type=\"section\" data-settings=\"{&quot;background_background&quot;:&quot;gradient&quot;}\">\n\t\t\t\t\t\t<div class=\"elementor-container elementor-column-gap-extended\">\n\t\t\t\t\t<div class=\"elementor-column elementor-col-100 elementor-top-column elementor-element elementor-element-70e4f4f\" data-id=\"70e4f4f\" data-element_type=\"column\">\n\t\t\t<div class=\"elementor-widget-wrap elementor-element-populated\">\n\t\t\t\t\t\t<div class=\"elementor-section elementor-inner-section elementor-element elementor-element-5520348 elementor-section-boxed elementor-section-height-default elementor-section-height-default\" data-id=\"5520348\" data-element_type=\"section\" data-settings=\"{&quot;background_background&quot;:&quot;classic&quot;,&quot;animation&quot;:&quot;none&quot;}\">\n\t\t\t\t\t\t<div class=\"elementor-container elementor-column-gap-default\">\n\t\t\t\t\t<div class=\"elementor-column elementor-col-33 elementor-inner-column elementor-element elementor-element-10acd46\" data-id=\"10acd46\" data-element_type=\"column\">\n\t\t\t<div class=\"elementor-widget-wrap elementor-element-populated\">\n\t\t\t\t\t\t<div class=\"elementor-element elementor-element-a1709bc elementor-widget elementor-widget-heading\" data-id=\"a1709bc\" data-element_type=\"widget\" data-widget_type=\"heading.default\">\n\t\t\t\t<div class=\"elementor-widget-container\">\n\t\t\t<style>\/*! elementor - v3.20.0 - 26-03-2024 *\/\n.elementor-heading-title{padding:0;margin:0;line-height:1}.elementor-widget-heading .elementor-heading-title[class*=elementor-size-]>a{color:inherit;font-size:inherit;line-height:inherit}.elementor-widget-heading .elementor-heading-title.elementor-size-small{font-size:15px}.elementor-widget-heading .elementor-heading-title.elementor-size-medium{font-size:19px}.elementor-widget-heading .elementor-heading-title.elementor-size-large{font-size:29px}.elementor-widget-heading .elementor-heading-title.elementor-size-xl{font-size:39px}.elementor-widget-heading .elementor-heading-title.elementor-size-xxl{font-size:59px}<\/style><p class=\"elementor-heading-title elementor-size-default\">Besoin de conseils de la part de nos experts ?\n\n<\/p>\t\t<\/div>\n\t\t\t\t<\/div>\n\t\t\t\t<div class=\"elementor-element elementor-element-969a024 elementor-widget elementor-widget-heading\" data-id=\"969a024\" data-element_type=\"widget\" data-widget_type=\"heading.default\">\n\t\t\t\t<div class=\"elementor-widget-container\">\n\t\t\t<h3 class=\"elementor-heading-title elementor-size-default\">Demandez \u00c0 \u00catre Rappel\u00e9 Aujourd'hui !<\/h3>\t\t<\/div>\n\t\t\t\t<\/div>\n\t\t\t\t<div class=\"elementor-element elementor-element-aafa1b3 elementor-widget elementor-widget-image\" data-id=\"aafa1b3\" data-element_type=\"widget\" data-widget_type=\"image.default\">\n\t\t\t\t<div class=\"elementor-widget-container\">\n\t\t\t\t\t\t\t\t\t\t\t\t\t<img decoding=\"async\" width=\"715\" height=\"100\" src=\"https:\/\/estoriaclinic.com.tr\/wp-content\/uploads\/2024\/02\/Country-Flags-Icons.png\" class=\"attachment-full size-full wp-image-7175\" alt=\"\" srcset=\"https:\/\/estoriaclinic.com.tr\/wp-content\/uploads\/2024\/02\/Country-Flags-Icons.png 715w, https:\/\/estoriaclinic.com.tr\/wp-content\/uploads\/2024\/02\/Country-Flags-Icons-300x42.png 300w\" sizes=\"(max-width: 715px) 100vw, 715px\" \/>\t\t\t\t\t\t\t\t\t\t\t\t\t<\/div>\n\t\t\t\t<\/div>\n\t\t\t\t\t<\/div>\n\t\t<\/div>\n\t\t\t\t<div class=\"elementor-column elementor-col-33 elementor-inner-column elementor-element elementor-element-d9ef93c\" data-id=\"d9ef93c\" data-element_type=\"column\">\n\t\t\t<div class=\"elementor-widget-wrap\">\n\t\t\t\t\t\t\t<\/div>\n\t\t<\/div>\n\t\t\t\t<div class=\"elementor-column elementor-col-33 elementor-inner-column elementor-element elementor-element-be9f5d9\" data-id=\"be9f5d9\" data-element_type=\"column\">\n\t\t\t<div class=\"elementor-widget-wrap elementor-element-populated\">\n\t\t\t\t\t\t<div class=\"elementor-element elementor-element-9e931ff elementor-widget elementor-widget-shortcode\" data-id=\"9e931ff\" data-element_type=\"widget\" data-widget_type=\"shortcode.default\">\n\t\t\t\t<div class=\"elementor-widget-container\">\n\t\t\t\t\t<div class=\"elementor-shortcode\">\n<div class=\"wpcf7 no-js\" id=\"wpcf7-f7299-o1\" lang=\"fr-FR\" dir=\"ltr\">\n<div class=\"screen-reader-response\"><p role=\"status\" aria-live=\"polite\" aria-atomic=\"true\"><\/p> <ul><\/ul><\/div>\n<form action=\"\/fr\/wp-json\/wp\/v2\/pages\/7566#wpcf7-f7299-o1\" method=\"post\" class=\"wpcf7-form init\" aria-label=\"Formulaire de contact\" novalidate=\"novalidate\" data-status=\"init\">\n<div style=\"display: none;\">\n<input type=\"hidden\" name=\"_wpcf7\" value=\"7299\" \/>\n<input type=\"hidden\" name=\"_wpcf7_version\" value=\"5.8.7\" \/>\n<input type=\"hidden\" name=\"_wpcf7_locale\" value=\"fr_FR\" \/>\n<input type=\"hidden\" name=\"_wpcf7_unit_tag\" value=\"wpcf7-f7299-o1\" \/>\n<input type=\"hidden\" name=\"_wpcf7_container_post\" value=\"0\" \/>\n<input type=\"hidden\" name=\"_wpcf7_posted_data_hash\" value=\"\" \/>\n<\/div>\n<div class=\"rqform\">\n\t<p class=\"form-row\"><span class=\"wpcf7-form-control-wrap\" data-name=\"text-588\"><input size=\"40\" class=\"wpcf7-form-control wpcf7-text wpcf7-validates-as-required\" aria-required=\"true\" aria-invalid=\"false\" placeholder=\"Nom et pr\u00e9nom  *\" value=\"\" type=\"text\" name=\"text-588\" \/><\/span>\n\t<\/p>\n\t<p class=\"form-row\"><span class=\"wpcf7-form-control-wrap\" data-name=\"phonetext-245\"><input size=\"40\" class=\"wpcf7-form-control wpcf7-phonetext wpcf7-validates-as-required wpcf7-text wpcf7-validates-as-phonetext country-form-field-99\" data-numberonly=\"true\" aria-required=\"true\" aria-invalid=\"false\" placeholder=\"\" value=\"\" type=\"text\" name=\"phonetext-245\" \/><input type=\"hidden\" name=\"phonetext-245-country-code\" class=\"wpcf7-phonetext-country-code\" \/><\/span>\n\t<\/p>\n\t<p class=\"form-row\"><span class=\"wpcf7-form-control-wrap\" data-name=\"countrytext-816\"><input size=\"40\" class=\"wpcf7-form-control wpcf7-countrytext wpcf7-validates-as-required wpcf7-text wpcf7-validates-as-countrytext country-form-field-99\" aria-required=\"true\" aria-invalid=\"false\" placeholder=\"Country*\" value=\"\" type=\"text\" name=\"countrytext-816\" \/><\/span>\n\t<\/p>\n\t<p class=\"form-row\" style=\"height: 70px;\" ><span class=\"wpcf7-form-control-wrap\" data-name=\"textarea-988\"><textarea cols=\"40\" rows=\"10\" class=\"wpcf7-form-control wpcf7-textarea wpcf7-validates-as-required\" aria-required=\"true\" aria-invalid=\"false\" placeholder=\"Votre message\u2026\" name=\"textarea-988\"><\/textarea><\/span>\n\t<\/p>\n\t<p><input class=\"wpcf7-form-control wpcf7-submit has-spinner\" type=\"submit\" value=\"Envoyer\" \/>\n\t<\/p>\n<\/div><div class=\"wpcf7-response-output\" aria-hidden=\"true\"><\/div>\n<\/form>\n<\/div>\n<\/div>\n\t\t\t\t<\/div>\n\t\t\t\t<\/div>\n\t\t\t\t\t<\/div>\n\t\t<\/div>\n\t\t\t\t\t<\/div>\n\t\t<\/div>\n\t\t\t\t\t<\/div>\n\t\t<\/div>\n\t\t\t\t\t<\/div>\n\t\t<\/div>\n\t\t\t\t<\/div>\n\t\t","protected":false},"excerpt":{"rendered":"<p>CONSULTATION GRATUITE Parlez \u00e0 notre expert gratuitement Nous disposons d&#039;horaires actualis\u00e9s, d&#039;informations de contact et nous vous permettons de prendre rendez-vous en ligne. Demande de rappel PRP et m\u00e9soth\u00e9rapie : Le PRP (Platelet Rich Plasma) et la m\u00e9soth\u00e9rapie sont deux traitements efficaces couramment utilis\u00e9s pour maintenir la sant\u00e9 et la jeunesse de la peau, pr\u00e9venir&#8230;<\/p>\n","protected":false},"author":1,"featured_media":0,"parent":0,"menu_order":0,"comment_status":"closed","ping_status":"closed","template":"tmpl\/template-fullwidth.php","meta":{"_acf_changed":false,"om_disable_all_campaigns":false,"inline_featured_image":true,"_monsterinsights_skip_tracking":false,"_monsterinsights_sitenote_active":false,"_monsterinsights_sitenote_note":"","_monsterinsights_sitenote_category":0,"footnotes":""},"class_list":["post-7566","page","type-page","status-publish","hentry"],"acf":[],"aioseo_notices":[],"_links":{"self":[{"href":"https:\/\/estoriaclinic.com.tr\/fr\/wp-json\/wp\/v2\/pages\/7566","targetHints":{"allow":["GET"]}}],"collection":[{"href":"https:\/\/estoriaclinic.com.tr\/fr\/wp-json\/wp\/v2\/pages"}],"about":[{"href":"https:\/\/estoriaclinic.com.tr\/fr\/wp-json\/wp\/v2\/types\/page"}],"author":[{"embeddable":true,"href":"https:\/\/estoriaclinic.com.tr\/fr\/wp-json\/wp\/v2\/users\/1"}],"replies":[{"embeddable":true,"href":"https:\/\/estoriaclinic.com.tr\/fr\/wp-json\/wp\/v2\/comments?post=7566"}],"version-history":[{"count":0,"href":"https:\/\/estoriaclinic.com.tr\/fr\/wp-json\/wp\/v2\/pages\/7566\/revisions"}],"wp:attachment":[{"href":"https:\/\/estoriaclinic.com.tr\/fr\/wp-json\/wp\/v2\/media?parent=7566"}],"curies":[{"name":"wp","href":"https:\/\/api.w.org\/{rel}","templated":true}]}}