{"id":7787,"date":"2021-07-22T03:31:07","date_gmt":"2021-07-22T00:31:07","guid":{"rendered":"https:\/\/estoriaclinic.com.tr\/epilation\/"},"modified":"2024-08-07T11:46:29","modified_gmt":"2024-08-07T08:46:29","slug":"epilation","status":"publish","type":"page","link":"https:\/\/estoriaclinic.com.tr\/fr\/epilation\/","title":{"rendered":"\u00c9pilation"},"content":{"rendered":"\t\t<div data-elementor-type=\"wp-page\" data-elementor-id=\"7787\" class=\"elementor elementor-7787 elementor-4258\">\n\t\t\t\t\t\t<div class=\"elementor-section elementor-top-section elementor-element elementor-element-6ad0452 elementor-section-boxed elementor-section-height-default elementor-section-height-default\" data-id=\"6ad0452\" data-element_type=\"section\">\n\t\t\t\t\t\t<div class=\"elementor-container elementor-column-gap-custom\">\n\t\t\t\t\t<div class=\"elementor-column elementor-col-100 elementor-top-column elementor-element elementor-element-c4a93d2\" data-id=\"c4a93d2\" data-element_type=\"column\">\n\t\t\t<div class=\"elementor-widget-wrap elementor-element-populated\">\n\t\t\t\t\t\t<section class=\"elementor-section elementor-inner-section elementor-element elementor-element-06069d5 elementor-section-boxed elementor-section-height-default elementor-section-height-default\" data-id=\"06069d5\" data-element_type=\"section\">\n\t\t\t\t\t\t<div class=\"elementor-container elementor-column-gap-default\">\n\t\t\t\t\t<div class=\"elementor-column elementor-col-50 elementor-inner-column elementor-element elementor-element-6020ab4\" data-id=\"6020ab4\" data-element_type=\"column\">\n\t\t\t<div class=\"elementor-widget-wrap elementor-element-populated\">\n\t\t\t\t\t\t<div class=\"elementor-element elementor-element-0305cfb elementor-widget elementor-widget-namedical_basic_image_compare\" data-id=\"0305cfb\" data-element_type=\"widget\" data-settings=\"{&quot;before_image&quot;:{&quot;url&quot;:&quot;https:\\\/\\\/estoriaclinic.com.tr\\\/wp-content\\\/uploads\\\/2024\\\/02\\\/epilation_before_1.jpg&quot;,&quot;id&quot;:4264,&quot;size&quot;:&quot;&quot;,&quot;alt&quot;:&quot;&quot;,&quot;source&quot;:&quot;library&quot;},&quot;after_image&quot;:{&quot;url&quot;:&quot;https:\\\/\\\/estoriaclinic.com.tr\\\/wp-content\\\/uploads\\\/2024\\\/02\\\/epilation_after_1.jpg&quot;,&quot;id&quot;:4263,&quot;size&quot;:&quot;&quot;,&quot;alt&quot;:&quot;&quot;,&quot;source&quot;:&quot;library&quot;}}\" data-widget_type=\"namedical_basic_image_compare.default\">\n\t\t\t\t<div class=\"elementor-widget-container\">\n\t\t\t<div class=\"namep-compare-wrap\"><div class=\"namep-compare compare-69f20b7f2ad3c-9118\"><\/div><\/div>\r\n\t\t<script type=\"text\/javascript\">\r\n\r\n\t    jQuery(document).ready(function($) {\r\n\r\n\t    \tslider = new juxtapose.JXSlider('.compare-69f20b7f2ad3c-9118',\r\n\t\t    [\r\n\t        {\r\n            src: 'https:\/\/estoriaclinic.com.tr\/wp-content\/uploads\/2024\/02\/epilation_before_1.jpg',\r\n            label: '',\r\n\t        },\r\n\t        {\r\n            src: 'https:\/\/estoriaclinic.com.tr\/wp-content\/uploads\/2024\/02\/epilation_after_1.jpg',\r\n            label: '',\r\n\t        }\r\n\t\t    ],\r\n\t\t    {\r\n\t        animate: true,\r\n\t        showLabels: false,\r\n\t        showCredits: false,\r\n\t        startingPosition: \"50%\",\r\n\t        makeResponsive: true,\r\n\t        mode: \"horizontal\",\r\n\t\t    });\r\n\r\n\t    });\r\n\t  <\/script>\r\n\t\t\t<\/div>\n\t\t\t\t<\/div>\n\t\t\t\t\t<\/div>\n\t\t<\/div>\n\t\t\t\t<div class=\"elementor-column elementor-col-50 elementor-inner-column elementor-element elementor-element-9b460ff\" data-id=\"9b460ff\" data-element_type=\"column\">\n\t\t\t<div class=\"elementor-widget-wrap elementor-element-populated\">\n\t\t\t\t\t\t<div class=\"elementor-element elementor-element-f66b527 elementor-widget elementor-widget-namedical_basic_get_apps\" data-id=\"f66b527\" data-element_type=\"widget\" data-widget_type=\"namedical_basic_get_apps.default\">\n\t\t\t\t<div class=\"elementor-widget-container\">\n\t\t\t<div class=\"namep-get-apps\">\r\n\t\t\t\t\t\t\t\t<h5>CONSULTATION GRATUITE<\/h5><h3 class=\"apps-title\">Parlez \u00e0 notre expert gratuitement<\/h3><p>Nous disposons d&#039;horaires actualis\u00e9s, d&#039;informations de contact et nous vous permettons de prendre rendez-vous en ligne.<\/p><div class=\"namep-btn-wrap\"><a href=\"https:\/\/estoriaclinic.com.tr\/fr\/nous-contacter\/\"   class=\"namep-btn\"style=\" \">Demande de rappel<\/a><\/div><\/div>\t\t<\/div>\n\t\t\t\t<\/div>\n\t\t\t\t\t<\/div>\n\t\t<\/div>\n\t\t\t\t\t<\/div>\n\t\t<\/section>\n\t\t\t\t\t<\/div>\n\t\t<\/div>\n\t\t\t\t\t<\/div>\n\t\t<\/div>\n\t\t\t\t<section class=\"elementor-section elementor-top-section elementor-element elementor-element-8d26f93 elementor-section-content-middle elementor-section-boxed elementor-section-height-default elementor-section-height-default\" data-id=\"8d26f93\" data-element_type=\"section\" data-settings=\"{&quot;background_background&quot;:&quot;classic&quot;}\">\n\t\t\t\t\t\t<div class=\"elementor-container elementor-column-gap-default\">\n\t\t\t\t\t<div class=\"elementor-column elementor-col-100 elementor-top-column elementor-element elementor-element-391ac7d\" data-id=\"391ac7d\" data-element_type=\"column\">\n\t\t\t<div class=\"elementor-widget-wrap elementor-element-populated\">\n\t\t\t\t\t\t<div class=\"elementor-element elementor-element-97147c4 elementor-widget elementor-widget-text-editor\" data-id=\"97147c4\" data-element_type=\"widget\" data-widget_type=\"text-editor.default\">\n\t\t\t\t<div class=\"elementor-widget-container\">\n\t\t\t<style>\/*! elementor - v3.20.0 - 26-03-2024 *\/\n.elementor-widget-text-editor.elementor-drop-cap-view-stacked .elementor-drop-cap{background-color:#69727d;color:#fff}.elementor-widget-text-editor.elementor-drop-cap-view-framed .elementor-drop-cap{color:#69727d;border:3px solid;background-color:transparent}.elementor-widget-text-editor:not(.elementor-drop-cap-view-default) .elementor-drop-cap{margin-top:8px}.elementor-widget-text-editor:not(.elementor-drop-cap-view-default) .elementor-drop-cap-letter{width:1em;height:1em}.elementor-widget-text-editor .elementor-drop-cap{float:left;text-align:center;line-height:1;font-size:50px}.elementor-widget-text-editor .elementor-drop-cap-letter{display:inline-block}<\/style>\t\t\t\t<h2>Les meilleures techniques d&rsquo;\u00e9pilation pour une peau lisse<\/h2><p>Les meilleures techniques d&rsquo;\u00e9pilation pour une peau lisse sont l&rsquo;\u00e9pilation au laser, l&rsquo;\u00e9pilation \u00e0 la lumi\u00e8re puls\u00e9e, l&rsquo;\u00e9lectrolyse et l&rsquo;\u00e9pilation \u00e0 la cire. L&rsquo;\u00e9pilation au laser offre des r\u00e9sultats durables et est efficace sur les poils fonc\u00e9s. La lumi\u00e8re puls\u00e9e est une m\u00e9thode rapide et efficace sur de grandes surfaces de peau. L&rsquo;\u00e9lectrolyse permet une \u00e9pilation permanente mais prend plus de temps. L&rsquo;\u00e9pilation \u00e0 la cire, quant \u00e0 elle, permet d&rsquo;obtenir une peau lisse en \u00e9liminant les poils \u00e0 la racine et peut contribuer \u00e0 r\u00e9duire la pilosit\u00e9 en cas d&rsquo;utilisation r\u00e9guli\u00e8re.<\/p>\t\t\t\t\t\t<\/div>\n\t\t\t\t<\/div>\n\t\t\t\t\t<\/div>\n\t\t<\/div>\n\t\t\t\t\t<\/div>\n\t\t<\/section>\n\t\t<div class=\"elementor-element elementor-element-7ef7e24 e-con-full e-flex e-con e-parent\" data-id=\"7ef7e24\" data-element_type=\"container\" data-settings=\"{&quot;background_background&quot;:&quot;classic&quot;}\" data-core-v316-plus=\"true\">\n\t\t<div class=\"elementor-element elementor-element-8831615 e-con-full e-flex e-con e-child\" data-id=\"8831615\" data-element_type=\"container\">\n\t\t\t\t<div class=\"elementor-element elementor-element-eb256cc elementor-widget elementor-widget-image\" data-id=\"eb256cc\" data-element_type=\"widget\" data-widget_type=\"image.default\">\n\t\t\t\t<div class=\"elementor-widget-container\">\n\t\t\t<style>\/*! elementor - v3.20.0 - 26-03-2024 *\/\n.elementor-widget-image{text-align:center}.elementor-widget-image a{display:inline-block}.elementor-widget-image a img[src$=\".svg\"]{width:48px}.elementor-widget-image img{vertical-align:middle;display:inline-block}<\/style>\t\t\t\t\t\t\t\t\t\t<img fetchpriority=\"high\" decoding=\"async\" width=\"1500\" height=\"1500\" src=\"https:\/\/estoriaclinic.com.tr\/wp-content\/uploads\/2024\/02\/Epilation_2.jpg\" class=\"attachment-full size-full wp-image-7788\" alt=\"\" srcset=\"https:\/\/estoriaclinic.com.tr\/wp-content\/uploads\/2024\/02\/Epilation_2.jpg 1500w, https:\/\/estoriaclinic.com.tr\/wp-content\/uploads\/2024\/02\/Epilation_2-300x300.jpg 300w, https:\/\/estoriaclinic.com.tr\/wp-content\/uploads\/2024\/02\/Epilation_2-1024x1024.jpg 1024w, https:\/\/estoriaclinic.com.tr\/wp-content\/uploads\/2024\/02\/Epilation_2-150x150.jpg 150w, https:\/\/estoriaclinic.com.tr\/wp-content\/uploads\/2024\/02\/Epilation_2-768x768.jpg 768w\" sizes=\"(max-width: 1500px) 100vw, 1500px\" \/>\t\t\t\t\t\t\t\t\t\t\t\t\t<\/div>\n\t\t\t\t<\/div>\n\t\t\t\t<\/div>\n\t\t<div class=\"elementor-element elementor-element-6820c53 e-con-full e-flex e-con e-child\" data-id=\"6820c53\" data-element_type=\"container\">\n\t\t\t\t<div class=\"elementor-element elementor-element-d3bdc37 elementor-widget elementor-widget-text-editor\" data-id=\"d3bdc37\" data-element_type=\"widget\" data-widget_type=\"text-editor.default\">\n\t\t\t\t<div class=\"elementor-widget-container\">\n\t\t\t\t\t\t\t<h2>\u00c9pilation : M\u00e9thodes permanentes pour se d\u00e9barrasser des poils fins<\/h2><p>L&rsquo;\u00e9pilation au laser et l&rsquo;\u00e9lectrolyse sont les m\u00e9thodes les plus efficaces pour se d\u00e9barrasser d\u00e9finitivement des poils fins. Alors que l&rsquo;\u00e9pilation au laser d\u00e9truit les follicules pileux, l&rsquo;\u00e9lectrolyse d\u00e9truit chaque follicule pileux \u00e0 l&rsquo;aide d&rsquo;un courant \u00e9lectrique. Ces m\u00e9thodes n\u00e9cessitent des s\u00e9ances r\u00e9guli\u00e8res et doivent \u00eatre adapt\u00e9es au type de peau et \u00e0 la structure du poil. Les r\u00e9sultats permettent une r\u00e9duction permanente des poils et emp\u00eachent la repousse des poils fins.<\/p><h2>Les m\u00e9thodes d&rsquo;\u00e9pilation les plus fiables pour les peaux sensibles<\/h2><p>Les m\u00e9thodes d&rsquo;\u00e9pilation les plus fiables pour les peaux sensibles sont la lumi\u00e8re puls\u00e9e, les \u00e9pilateurs et les cr\u00e8mes d\u00e9pilatoires sp\u00e9cialement con\u00e7ues pour les peaux sensibles. La lumi\u00e8re puls\u00e9e r\u00e9duit les poils sans irriter la peau. Les \u00e9pilateurs permettent d&rsquo;obtenir une peau lisse en arrachant le poil \u00e0 la racine. Les cr\u00e8mes d\u00e9pilatoires con\u00e7ues pour les peaux sensibles minimisent les effets secondaires des produits chimiques. Ces m\u00e9thodes vous permettent de vous d\u00e9barrasser des poils sans provoquer de rougeurs ni d&rsquo;irritations sur la peau.<\/p><h2>\u00c9pilation et soins de la peau : Conseils pour un aspect lisse<\/h2><p>Les soins de la peau apr\u00e8s l&rsquo;\u00e9pilation sont essentiels pour une apparence lisse. Le nettoyage et l&rsquo;hydratation de la peau avant l&rsquo;\u00e9pilation rendent la proc\u00e9dure plus efficace. Il est important d&rsquo;utiliser de l&rsquo;aloe vera ou des cr\u00e8mes aux propri\u00e9t\u00e9s anti-inflammatoires pour apaiser la peau apr\u00e8s l&rsquo;\u00e9pilation. De m\u00eame, la protection solaire et l&rsquo;hydratation de la peau pr\u00e9viennent les irritations et maintiennent la peau en bonne sant\u00e9. Une exfoliation r\u00e9guli\u00e8re pr\u00e9vient \u00e9galement les poils incarn\u00e9s et am\u00e9liore la douceur de la peau.<\/p>\t\t\t\t\t\t<\/div>\n\t\t\t\t<\/div>\n\t\t\t\t<\/div>\n\t\t\t\t<\/div>\n\t\t<div class=\"elementor-element elementor-element-ec4c56c e-con-full e-flex e-con e-parent\" data-id=\"ec4c56c\" data-element_type=\"container\" data-settings=\"{&quot;background_background&quot;:&quot;classic&quot;}\" data-core-v316-plus=\"true\">\n\t\t<div class=\"elementor-element elementor-element-f9e491a e-con-full e-flex e-con e-child\" data-id=\"f9e491a\" data-element_type=\"container\">\n\t\t\t\t<div class=\"elementor-element elementor-element-d88d7de elementor-widget elementor-widget-text-editor\" data-id=\"d88d7de\" data-element_type=\"widget\" data-widget_type=\"text-editor.default\">\n\t\t\t\t<div class=\"elementor-widget-container\">\n\t\t\t\t\t\t\t<h2>Avantages et inconv\u00e9nients de l&rsquo;\u00e9pilation : Comment faire le bon choix ?<\/h2><p>Les avantages de l&rsquo;\u00e9pilation comprennent une r\u00e9duction \u00e0 long terme des poils, une peau lisse et des r\u00e9sultats rapides. Cependant, certaines m\u00e9thodes d&rsquo;\u00e9pilation peuvent provoquer des irritations de la peau, des rougeurs et la formation de poils incarn\u00e9s. Pour choisir la bonne m\u00e9thode, vous devez tenir compte de votre type de peau et de la structure de vos poils. Pour les peaux sensibles, il convient de privil\u00e9gier les m\u00e9thodes moins irritantes, tandis que les personnes qui souhaitent obtenir des r\u00e9sultats permanents doivent envisager des options telles que l&rsquo;\u00e9pilation au laser ou l&rsquo;\u00e9lectrolyse. Les conseils d&rsquo;un dermatologue peuvent \u00e9galement vous aider \u00e0 faire le bon choix.<\/p><h2>Soins post-\u00e9pilation : Conseils pour hydrater et prot\u00e9ger votre peau<\/h2><p>Les soins post-\u00e9pilation sont importants pour maintenir la peau en bonne sant\u00e9 et pr\u00e9venir les irritations. Apaisez la peau imm\u00e9diatement apr\u00e8s l&rsquo;intervention en la lavant \u00e0 l&rsquo;eau fra\u00eeche. Apaisez la peau avec du gel d&rsquo;aloe vera ou des cr\u00e8mes anti-inflammatoires. Hydratez constamment votre peau avec des cr\u00e8mes hydratantes. \u00c9vitez \u00e9galement de vous exposer au soleil pendant au moins 24 heures apr\u00e8s l&rsquo;\u00e9pilation et utilisez un \u00e9cran solaire. \u00c9vitez de porter des v\u00eatements serr\u00e9s qui peuvent irriter la peau.<\/p>\t\t\t\t\t\t<\/div>\n\t\t\t\t<\/div>\n\t\t\t\t<\/div>\n\t\t<div class=\"elementor-element elementor-element-6d2023a e-con-full e-flex e-con e-child\" data-id=\"6d2023a\" data-element_type=\"container\">\n\t\t\t\t<div class=\"elementor-element elementor-element-42388aa elementor-widget elementor-widget-image\" data-id=\"42388aa\" data-element_type=\"widget\" data-widget_type=\"image.default\">\n\t\t\t\t<div class=\"elementor-widget-container\">\n\t\t\t\t\t\t\t\t\t\t\t\t\t<img decoding=\"async\" width=\"1500\" height=\"1500\" src=\"https:\/\/estoriaclinic.com.tr\/wp-content\/uploads\/2024\/02\/Epilation_3.jpg\" class=\"attachment-full size-full wp-image-7789\" alt=\"\" srcset=\"https:\/\/estoriaclinic.com.tr\/wp-content\/uploads\/2024\/02\/Epilation_3.jpg 1500w, https:\/\/estoriaclinic.com.tr\/wp-content\/uploads\/2024\/02\/Epilation_3-300x300.jpg 300w, https:\/\/estoriaclinic.com.tr\/wp-content\/uploads\/2024\/02\/Epilation_3-1024x1024.jpg 1024w, https:\/\/estoriaclinic.com.tr\/wp-content\/uploads\/2024\/02\/Epilation_3-150x150.jpg 150w, https:\/\/estoriaclinic.com.tr\/wp-content\/uploads\/2024\/02\/Epilation_3-768x768.jpg 768w\" sizes=\"(max-width: 1500px) 100vw, 1500px\" \/>\t\t\t\t\t\t\t\t\t\t\t\t\t<\/div>\n\t\t\t\t<\/div>\n\t\t\t\t<\/div>\n\t\t\t\t<\/div>\n\t\t\t\t<section class=\"elementor-section elementor-top-section elementor-element elementor-element-eb75b31 elementor-section-content-middle elementor-section-boxed elementor-section-height-default elementor-section-height-default\" data-id=\"eb75b31\" data-element_type=\"section\" data-settings=\"{&quot;background_background&quot;:&quot;classic&quot;}\">\n\t\t\t\t\t\t<div class=\"elementor-container elementor-column-gap-default\">\n\t\t\t\t\t<div class=\"elementor-column elementor-col-100 elementor-top-column elementor-element elementor-element-96ea297\" data-id=\"96ea297\" data-element_type=\"column\">\n\t\t\t<div class=\"elementor-widget-wrap\">\n\t\t\t\t\t\t\t<\/div>\n\t\t<\/div>\n\t\t\t\t\t<\/div>\n\t\t<\/section>\n\t\t\t\t<div class=\"elementor-section elementor-top-section elementor-element elementor-element-baf8ab3 elementor-section-boxed elementor-section-height-default elementor-section-height-default\" data-id=\"baf8ab3\" data-element_type=\"section\" data-settings=\"{&quot;background_background&quot;:&quot;gradient&quot;}\">\n\t\t\t\t\t\t<div class=\"elementor-container elementor-column-gap-extended\">\n\t\t\t\t\t<div class=\"elementor-column elementor-col-100 elementor-top-column elementor-element elementor-element-07f46e2\" data-id=\"07f46e2\" data-element_type=\"column\">\n\t\t\t<div class=\"elementor-widget-wrap elementor-element-populated\">\n\t\t\t\t\t\t<div class=\"elementor-section elementor-inner-section elementor-element elementor-element-eeebf2a elementor-section-boxed elementor-section-height-default elementor-section-height-default\" data-id=\"eeebf2a\" data-element_type=\"section\" data-settings=\"{&quot;background_background&quot;:&quot;classic&quot;,&quot;animation&quot;:&quot;none&quot;}\">\n\t\t\t\t\t\t<div class=\"elementor-container elementor-column-gap-default\">\n\t\t\t\t\t<div class=\"elementor-column elementor-col-33 elementor-inner-column elementor-element elementor-element-9cbae4e\" data-id=\"9cbae4e\" data-element_type=\"column\">\n\t\t\t<div class=\"elementor-widget-wrap elementor-element-populated\">\n\t\t\t\t\t\t<div class=\"elementor-element elementor-element-0f50c6f elementor-widget elementor-widget-heading\" data-id=\"0f50c6f\" data-element_type=\"widget\" data-widget_type=\"heading.default\">\n\t\t\t\t<div class=\"elementor-widget-container\">\n\t\t\t<style>\/*! elementor - v3.20.0 - 26-03-2024 *\/\n.elementor-heading-title{padding:0;margin:0;line-height:1}.elementor-widget-heading .elementor-heading-title[class*=elementor-size-]>a{color:inherit;font-size:inherit;line-height:inherit}.elementor-widget-heading .elementor-heading-title.elementor-size-small{font-size:15px}.elementor-widget-heading .elementor-heading-title.elementor-size-medium{font-size:19px}.elementor-widget-heading .elementor-heading-title.elementor-size-large{font-size:29px}.elementor-widget-heading .elementor-heading-title.elementor-size-xl{font-size:39px}.elementor-widget-heading .elementor-heading-title.elementor-size-xxl{font-size:59px}<\/style><p class=\"elementor-heading-title elementor-size-default\">Besoin de conseils de la part de nos experts ?\n\n<\/p>\t\t<\/div>\n\t\t\t\t<\/div>\n\t\t\t\t<div class=\"elementor-element elementor-element-4c0d2fb elementor-widget elementor-widget-heading\" data-id=\"4c0d2fb\" data-element_type=\"widget\" data-widget_type=\"heading.default\">\n\t\t\t\t<div class=\"elementor-widget-container\">\n\t\t\t<h3 class=\"elementor-heading-title elementor-size-default\">Demandez \u00c0 \u00catre Rappel\u00e9 Aujourd'hui !<\/h3>\t\t<\/div>\n\t\t\t\t<\/div>\n\t\t\t\t<div class=\"elementor-element elementor-element-3155fee elementor-widget elementor-widget-image\" data-id=\"3155fee\" data-element_type=\"widget\" data-widget_type=\"image.default\">\n\t\t\t\t<div class=\"elementor-widget-container\">\n\t\t\t\t\t\t\t\t\t\t\t\t\t<img decoding=\"async\" width=\"715\" height=\"100\" src=\"https:\/\/estoriaclinic.com.tr\/wp-content\/uploads\/2024\/02\/Country-Flags-Icons.png\" class=\"attachment-full size-full wp-image-7175\" alt=\"\" srcset=\"https:\/\/estoriaclinic.com.tr\/wp-content\/uploads\/2024\/02\/Country-Flags-Icons.png 715w, https:\/\/estoriaclinic.com.tr\/wp-content\/uploads\/2024\/02\/Country-Flags-Icons-300x42.png 300w\" sizes=\"(max-width: 715px) 100vw, 715px\" \/>\t\t\t\t\t\t\t\t\t\t\t\t\t<\/div>\n\t\t\t\t<\/div>\n\t\t\t\t\t<\/div>\n\t\t<\/div>\n\t\t\t\t<div class=\"elementor-column elementor-col-33 elementor-inner-column elementor-element elementor-element-33455c9\" data-id=\"33455c9\" data-element_type=\"column\">\n\t\t\t<div class=\"elementor-widget-wrap\">\n\t\t\t\t\t\t\t<\/div>\n\t\t<\/div>\n\t\t\t\t<div class=\"elementor-column elementor-col-33 elementor-inner-column elementor-element elementor-element-5d0412b\" data-id=\"5d0412b\" data-element_type=\"column\">\n\t\t\t<div class=\"elementor-widget-wrap elementor-element-populated\">\n\t\t\t\t\t\t<div class=\"elementor-element elementor-element-2007bc9 elementor-widget elementor-widget-shortcode\" data-id=\"2007bc9\" data-element_type=\"widget\" data-widget_type=\"shortcode.default\">\n\t\t\t\t<div class=\"elementor-widget-container\">\n\t\t\t\t\t<div class=\"elementor-shortcode\">\n<div class=\"wpcf7 no-js\" id=\"wpcf7-f7299-o1\" lang=\"fr-FR\" dir=\"ltr\">\n<div class=\"screen-reader-response\"><p role=\"status\" aria-live=\"polite\" aria-atomic=\"true\"><\/p> <ul><\/ul><\/div>\n<form action=\"\/fr\/wp-json\/wp\/v2\/pages\/7787#wpcf7-f7299-o1\" method=\"post\" class=\"wpcf7-form init\" aria-label=\"Formulaire de contact\" novalidate=\"novalidate\" data-status=\"init\">\n<div style=\"display: none;\">\n<input type=\"hidden\" name=\"_wpcf7\" value=\"7299\" \/>\n<input type=\"hidden\" name=\"_wpcf7_version\" value=\"5.8.7\" \/>\n<input type=\"hidden\" name=\"_wpcf7_locale\" value=\"fr_FR\" \/>\n<input type=\"hidden\" name=\"_wpcf7_unit_tag\" value=\"wpcf7-f7299-o1\" \/>\n<input type=\"hidden\" name=\"_wpcf7_container_post\" value=\"0\" \/>\n<input type=\"hidden\" name=\"_wpcf7_posted_data_hash\" value=\"\" \/>\n<\/div>\n<div class=\"rqform\">\n\t<p class=\"form-row\"><span class=\"wpcf7-form-control-wrap\" data-name=\"text-588\"><input size=\"40\" class=\"wpcf7-form-control wpcf7-text wpcf7-validates-as-required\" aria-required=\"true\" aria-invalid=\"false\" placeholder=\"Nom et pr\u00e9nom  *\" value=\"\" type=\"text\" name=\"text-588\" \/><\/span>\n\t<\/p>\n\t<p class=\"form-row\"><span class=\"wpcf7-form-control-wrap\" data-name=\"phonetext-245\"><input size=\"40\" class=\"wpcf7-form-control wpcf7-phonetext wpcf7-validates-as-required wpcf7-text wpcf7-validates-as-phonetext country-form-field-99\" data-numberonly=\"true\" aria-required=\"true\" aria-invalid=\"false\" placeholder=\"\" value=\"\" type=\"text\" name=\"phonetext-245\" \/><input type=\"hidden\" name=\"phonetext-245-country-code\" class=\"wpcf7-phonetext-country-code\" \/><\/span>\n\t<\/p>\n\t<p class=\"form-row\"><span class=\"wpcf7-form-control-wrap\" data-name=\"countrytext-816\"><input size=\"40\" class=\"wpcf7-form-control wpcf7-countrytext wpcf7-validates-as-required wpcf7-text wpcf7-validates-as-countrytext country-form-field-99\" aria-required=\"true\" aria-invalid=\"false\" placeholder=\"Country*\" value=\"\" type=\"text\" name=\"countrytext-816\" \/><\/span>\n\t<\/p>\n\t<p class=\"form-row\" style=\"height: 70px;\" ><span class=\"wpcf7-form-control-wrap\" data-name=\"textarea-988\"><textarea cols=\"40\" rows=\"10\" class=\"wpcf7-form-control wpcf7-textarea wpcf7-validates-as-required\" aria-required=\"true\" aria-invalid=\"false\" placeholder=\"Votre message\u2026\" name=\"textarea-988\"><\/textarea><\/span>\n\t<\/p>\n\t<p><input class=\"wpcf7-form-control wpcf7-submit has-spinner\" type=\"submit\" value=\"Envoyer\" \/>\n\t<\/p>\n<\/div><div class=\"wpcf7-response-output\" aria-hidden=\"true\"><\/div>\n<\/form>\n<\/div>\n<\/div>\n\t\t\t\t<\/div>\n\t\t\t\t<\/div>\n\t\t\t\t\t<\/div>\n\t\t<\/div>\n\t\t\t\t\t<\/div>\n\t\t<\/div>\n\t\t\t\t\t<\/div>\n\t\t<\/div>\n\t\t\t\t\t<\/div>\n\t\t<\/div>\n\t\t\t\t<\/div>\n\t\t","protected":false},"excerpt":{"rendered":"<p>CONSULTATION GRATUITE Parlez \u00e0 notre expert gratuitement Nous disposons d&#039;horaires actualis\u00e9s, d&#039;informations de contact et nous vous permettons de prendre rendez-vous en ligne. Demande de rappel Les meilleures techniques d&rsquo;\u00e9pilation pour une peau lisse Les meilleures techniques d&rsquo;\u00e9pilation pour une peau lisse sont l&rsquo;\u00e9pilation au laser, l&rsquo;\u00e9pilation \u00e0 la lumi\u00e8re puls\u00e9e, l&rsquo;\u00e9lectrolyse et l&rsquo;\u00e9pilation \u00e0&#8230;<\/p>\n","protected":false},"author":1,"featured_media":0,"parent":0,"menu_order":0,"comment_status":"closed","ping_status":"closed","template":"tmpl\/template-fullwidth.php","meta":{"_acf_changed":false,"om_disable_all_campaigns":false,"inline_featured_image":true,"_monsterinsights_skip_tracking":false,"_monsterinsights_sitenote_active":false,"_monsterinsights_sitenote_note":"","_monsterinsights_sitenote_category":0,"footnotes":""},"class_list":["post-7787","page","type-page","status-publish","hentry"],"acf":[],"aioseo_notices":[],"_links":{"self":[{"href":"https:\/\/estoriaclinic.com.tr\/fr\/wp-json\/wp\/v2\/pages\/7787","targetHints":{"allow":["GET"]}}],"collection":[{"href":"https:\/\/estoriaclinic.com.tr\/fr\/wp-json\/wp\/v2\/pages"}],"about":[{"href":"https:\/\/estoriaclinic.com.tr\/fr\/wp-json\/wp\/v2\/types\/page"}],"author":[{"embeddable":true,"href":"https:\/\/estoriaclinic.com.tr\/fr\/wp-json\/wp\/v2\/users\/1"}],"replies":[{"embeddable":true,"href":"https:\/\/estoriaclinic.com.tr\/fr\/wp-json\/wp\/v2\/comments?post=7787"}],"version-history":[{"count":0,"href":"https:\/\/estoriaclinic.com.tr\/fr\/wp-json\/wp\/v2\/pages\/7787\/revisions"}],"wp:attachment":[{"href":"https:\/\/estoriaclinic.com.tr\/fr\/wp-json\/wp\/v2\/media?parent=7787"}],"curies":[{"name":"wp","href":"https:\/\/api.w.org\/{rel}","templated":true}]}}