{"id":7847,"date":"2024-03-10T16:38:09","date_gmt":"2024-03-10T13:38:09","guid":{"rendered":"https:\/\/estoriaclinic.com.tr\/quality-standarts\/"},"modified":"2024-06-03T22:58:36","modified_gmt":"2024-06-03T19:58:36","slug":"normes-de-qualite","status":"publish","type":"page","link":"https:\/\/estoriaclinic.com.tr\/fr\/normes-de-qualite\/","title":{"rendered":"Normes De Qualit\u00e9"},"content":{"rendered":"\t\t<div data-elementor-type=\"wp-page\" data-elementor-id=\"7847\" class=\"elementor elementor-7847 elementor-4883\">\n\t\t\t\t<div class=\"elementor-element elementor-element-bee3aa7 e-flex e-con-boxed e-con e-parent\" data-id=\"bee3aa7\" data-element_type=\"container\" data-core-v316-plus=\"true\">\n\t\t\t\t\t<div class=\"e-con-inner\">\n\t\t\t\t<div class=\"elementor-element elementor-element-862a89c elementor-widget elementor-widget-text-editor\" data-id=\"862a89c\" data-element_type=\"widget\" data-widget_type=\"text-editor.default\">\n\t\t\t\t<div class=\"elementor-widget-container\">\n\t\t\t<style>\/*! elementor - v3.20.0 - 26-03-2024 *\/\n.elementor-widget-text-editor.elementor-drop-cap-view-stacked .elementor-drop-cap{background-color:#69727d;color:#fff}.elementor-widget-text-editor.elementor-drop-cap-view-framed .elementor-drop-cap{color:#69727d;border:3px solid;background-color:transparent}.elementor-widget-text-editor:not(.elementor-drop-cap-view-default) .elementor-drop-cap{margin-top:8px}.elementor-widget-text-editor:not(.elementor-drop-cap-view-default) .elementor-drop-cap-letter{width:1em;height:1em}.elementor-widget-text-editor .elementor-drop-cap{float:left;text-align:center;line-height:1;font-size:50px}.elementor-widget-text-editor .elementor-drop-cap-letter{display:inline-block}<\/style>\t\t\t\t<p>\u00c0 la Clinique Estoria, nous nous engageons \u00e0 fournir des services m\u00e9dicaux de haute qualit\u00e9 et s\u00fbrs \u00e0 nos patients. Nous comprenons que la d\u00e9cision de voyager \u00e0 l&rsquo;\u00e9tranger pour des interventions m\u00e9dicales peut \u00eatre intimidante, c&rsquo;est pourquoi nous accordons la priorit\u00e9 \u00e0 la qualit\u00e9 et \u00e0 la s\u00e9curit\u00e9 dans tout ce que nous faisons pour garantir que nos patients re\u00e7oivent les meilleurs soins possibles. Pour cette raison, nous avons \u00e9tabli des normes de qualit\u00e9 rigoureuses que notre Conseil de gouvernance m\u00e9dicale doit respecter.<\/p>\n<p>Nos normes de qualit\u00e9 englobent tous les aspects de nos services, de la planification pr\u00e9alable \u00e0 l&rsquo;arriv\u00e9e aux soins postop\u00e9ratoires. Nous travaillons exclusivement avec des h\u00f4pitaux, des cliniques et des m\u00e9decins r\u00e9put\u00e9s et accr\u00e9dit\u00e9s qui r\u00e9pondent aux normes de qualit\u00e9 internationales.<\/p>\n<p>Avant tout, nous travaillons exclusivement avec des prestataires m\u00e9dicaux titulaires de licences, exp\u00e9riment\u00e9s et hautement qualifi\u00e9s dans leurs domaines respectifs. Pour garantir que tous nos prestataires r\u00e9pondent \u00e0 nos normes strictes en mati\u00e8re d&rsquo;expertise m\u00e9dicale et de professionnalisme, nous les examinons attentivement.<\/p>\n<p>En plus des qualifications de nos prestataires, nous accordons \u00e9galement une grande importance \u00e0 la propret\u00e9 et \u00e0 la s\u00e9curit\u00e9 des installations. Nous ne travaillons qu&rsquo;avec des \u00e9tablissements m\u00e9dicaux qui maintiennent des normes \u00e9lev\u00e9es d&rsquo;hygi\u00e8ne et de protocoles de s\u00e9curit\u00e9.<\/p>\n<p>Nous comprenons \u00e9galement que la communication claire et ouverte est essentielle pour instaurer la confiance avec nos patients. C&rsquo;est pourquoi nous avons des membres du personnel multilingues disponibles pour aider nos patients \u00e0 chaque \u00e9tape. Notre \u00e9quipe est toujours disponible pour r\u00e9pondre \u00e0 toutes les questions ou pr\u00e9occupations et fournir aux patients des mises \u00e0 jour r\u00e9guli\u00e8res sur l&rsquo;\u00e9volution de leur traitement.<\/p>\n<p>\u00c0 la Clinique Estoria, nous pensons que la satisfaction des patients est cruciale. Nous nous effor\u00e7ons de fournir une exp\u00e9rience fluide et sans stress \u00e0 nos patients, depuis le moment o\u00f9 ils nous contactent jusqu&rsquo;\u00e0 la fin de leur traitement m\u00e9dical. Nous encourageons la communication ouverte avec nos patients et appr\u00e9cions leurs commentaires et suggestions d&rsquo;am\u00e9lioration.<\/p>\n<p>De plus, nous consid\u00e9rons que le tourisme m\u00e9dical implique plus que de simples interventions m\u00e9dicales. Nous aidons \u00e0 organiser les d\u00e9placements, les r\u00e9servations d&rsquo;h\u00e9bergement et nous proposons toute une gamme de services personnalis\u00e9s pour que nos patients se sentent \u00e0 l&rsquo;aise et soutenus tout au long de leur s\u00e9jour.<\/p>\n<p>Enfin, nos normes de qualit\u00e9 refl\u00e8tent notre engagement \u00e0 fournir des services m\u00e9dicaux s\u00fbrs, fiables et de haute qualit\u00e9 \u00e0 nos patients. Nous croyons que nos normes m\u00e9ticuleuses nous d\u00e9marquent des autres et donnent \u00e0 nos patients l&rsquo;assurance qu&rsquo;ils sont entre de bonnes mains.<\/p>\n<p>En r\u00e9sum\u00e9, \u00e0 la Clinique Estoria, nous ne travaillons qu&rsquo;avec les meilleurs h\u00f4pitaux, cliniques et m\u00e9decins pour garantir le plus haut niveau de r\u00e9ussite des traitements.<\/p>\n<p>Supervision par un panel d&rsquo;experts en gouvernance<br>Installations enti\u00e8rement inspect\u00e9es<br>Cliniciens approuv\u00e9s JCI, TUV et ISO uniquement<br>Gestion compl\u00e8te des cas par le m\u00e9decin assign\u00e9<br>Service complet d&rsquo;accompagnement et de consultation<br>Assurance m\u00e9dicale et de voyage compl\u00e8te<br>Consultations pr\u00e9op\u00e9ratoires et postop\u00e9ratoires \u00e0 domicile<\/p>\t\t\t\t\t\t<\/div>\n\t\t\t\t<\/div>\n\t\t\t\t\t<\/div>\n\t\t\t\t<\/div>\n\t\t\t\t<\/div>\n\t\t","protected":false},"excerpt":{"rendered":"<p>\u00c0 la Clinique Estoria, nous nous engageons \u00e0 fournir des services m\u00e9dicaux de haute qualit\u00e9 et s\u00fbrs \u00e0 nos patients. Nous comprenons que la d\u00e9cision de voyager \u00e0 l&rsquo;\u00e9tranger pour des interventions m\u00e9dicales peut \u00eatre intimidante, c&rsquo;est pourquoi nous accordons la priorit\u00e9 \u00e0 la qualit\u00e9 et \u00e0 la s\u00e9curit\u00e9 dans tout ce que nous faisons&#8230;<\/p>\n","protected":false},"author":1,"featured_media":0,"parent":0,"menu_order":0,"comment_status":"closed","ping_status":"closed","template":"","meta":{"_acf_changed":false,"om_disable_all_campaigns":false,"inline_featured_image":false,"_monsterinsights_skip_tracking":false,"_monsterinsights_sitenote_active":false,"_monsterinsights_sitenote_note":"","_monsterinsights_sitenote_category":0,"footnotes":""},"class_list":["post-7847","page","type-page","status-publish","hentry"],"acf":[],"aioseo_notices":[],"_links":{"self":[{"href":"https:\/\/estoriaclinic.com.tr\/fr\/wp-json\/wp\/v2\/pages\/7847","targetHints":{"allow":["GET"]}}],"collection":[{"href":"https:\/\/estoriaclinic.com.tr\/fr\/wp-json\/wp\/v2\/pages"}],"about":[{"href":"https:\/\/estoriaclinic.com.tr\/fr\/wp-json\/wp\/v2\/types\/page"}],"author":[{"embeddable":true,"href":"https:\/\/estoriaclinic.com.tr\/fr\/wp-json\/wp\/v2\/users\/1"}],"replies":[{"embeddable":true,"href":"https:\/\/estoriaclinic.com.tr\/fr\/wp-json\/wp\/v2\/comments?post=7847"}],"version-history":[{"count":0,"href":"https:\/\/estoriaclinic.com.tr\/fr\/wp-json\/wp\/v2\/pages\/7847\/revisions"}],"wp:attachment":[{"href":"https:\/\/estoriaclinic.com.tr\/fr\/wp-json\/wp\/v2\/media?parent=7847"}],"curies":[{"name":"wp","href":"https:\/\/api.w.org\/{rel}","templated":true}]}}