{"id":8832,"date":"2024-03-10T16:33:29","date_gmt":"2024-03-10T13:33:29","guid":{"rendered":"https:\/\/estoriaclinic.com.tr\/accreditation\/"},"modified":"2024-04-25T15:31:50","modified_gmt":"2024-04-25T12:31:50","slug":"accreditamento","status":"publish","type":"page","link":"https:\/\/estoriaclinic.com.tr\/it\/accreditamento\/","title":{"rendered":"Accreditamento"},"content":{"rendered":"\t\t<div data-elementor-type=\"wp-page\" data-elementor-id=\"8832\" class=\"elementor elementor-8832 elementor-4872\">\n\t\t\t\t<div class=\"elementor-element elementor-element-6e33104 e-flex e-con-boxed e-con e-parent\" data-id=\"6e33104\" data-element_type=\"container\" data-core-v316-plus=\"true\">\n\t\t\t\t\t<div class=\"e-con-inner\">\n\t\t\t\t<div class=\"elementor-element elementor-element-7a0f893 elementor-widget elementor-widget-text-editor\" data-id=\"7a0f893\" data-element_type=\"widget\" data-widget_type=\"text-editor.default\">\n\t\t\t\t<div class=\"elementor-widget-container\">\n\t\t\t<style>\/*! elementor - v3.20.0 - 26-03-2024 *\/\n.elementor-widget-text-editor.elementor-drop-cap-view-stacked .elementor-drop-cap{background-color:#69727d;color:#fff}.elementor-widget-text-editor.elementor-drop-cap-view-framed .elementor-drop-cap{color:#69727d;border:3px solid;background-color:transparent}.elementor-widget-text-editor:not(.elementor-drop-cap-view-default) .elementor-drop-cap{margin-top:8px}.elementor-widget-text-editor:not(.elementor-drop-cap-view-default) .elementor-drop-cap-letter{width:1em;height:1em}.elementor-widget-text-editor .elementor-drop-cap{float:left;text-align:center;line-height:1;font-size:50px}.elementor-widget-text-editor .elementor-drop-cap-letter{display:inline-block}<\/style>\t\t\t\t<p><span data-sheets-root=\"1\" data-sheets-value=\"{&quot;1&quot;:2,&quot;2&quot;:&quot;Estoria, come centro di riferimento nella regione, possiede le certificazioni di qualit\u00e0 SK e ISO 9001 del Ministero della Salute ed \u00e8 soggetta a ispezioni mensili e annuali da parte del Ministero della Salute. Estoria ha sempre interiorizzato la qualit\u00e0 come parte dei processi prioritari nell'infrastruttura che ha stabilito con criteri internazionali.\\r\\n&quot;}\" data-sheets-userformat=\"{&quot;2&quot;:7043,&quot;3&quot;:{&quot;1&quot;:0},&quot;4&quot;:{&quot;1&quot;:2,&quot;2&quot;:14281427},&quot;10&quot;:1,&quot;11&quot;:4,&quot;12&quot;:0,&quot;14&quot;:{&quot;1&quot;:3,&quot;3&quot;:1},&quot;15&quot;:&quot;Arial&quot;}\">Estoria, come centro di riferimento nella regione, possiede le certificazioni di qualit\u00e0 SK e ISO 9001 del Ministero della Salute ed \u00e8 soggetta a ispezioni mensili e annuali da parte del Ministero della Salute. Estoria ha sempre interiorizzato la qualit\u00e0 come parte dei processi prioritari nell&#8217;infrastruttura che ha stabilito con criteri internazionali. <br \/><\/span><\/p>\t\t\t\t\t\t<\/div>\n\t\t\t\t<\/div>\n\t\t\t\t\t<\/div>\n\t\t\t\t<\/div>\n\t\t\t\t<\/div>\n\t\t","protected":false},"excerpt":{"rendered":"<p>Estoria, come centro di riferimento nella regione, possiede le certificazioni di qualit\u00e0 SK e ISO 9001 del Ministero della Salute ed \u00e8 soggetta a ispezioni mensili e annuali da parte del Ministero della Salute. Estoria ha sempre interiorizzato la qualit\u00e0 come parte dei processi prioritari nell&#8217;infrastruttura che ha stabilito con criteri internazionali.<\/p>\n","protected":false},"author":1,"featured_media":0,"parent":0,"menu_order":0,"comment_status":"closed","ping_status":"closed","template":"","meta":{"_acf_changed":false,"om_disable_all_campaigns":false,"inline_featured_image":true,"_monsterinsights_skip_tracking":false,"_monsterinsights_sitenote_active":false,"_monsterinsights_sitenote_note":"","_monsterinsights_sitenote_category":0,"footnotes":""},"class_list":["post-8832","page","type-page","status-publish","hentry"],"acf":[],"aioseo_notices":[],"_links":{"self":[{"href":"https:\/\/estoriaclinic.com.tr\/it\/wp-json\/wp\/v2\/pages\/8832","targetHints":{"allow":["GET"]}}],"collection":[{"href":"https:\/\/estoriaclinic.com.tr\/it\/wp-json\/wp\/v2\/pages"}],"about":[{"href":"https:\/\/estoriaclinic.com.tr\/it\/wp-json\/wp\/v2\/types\/page"}],"author":[{"embeddable":true,"href":"https:\/\/estoriaclinic.com.tr\/it\/wp-json\/wp\/v2\/users\/1"}],"replies":[{"embeddable":true,"href":"https:\/\/estoriaclinic.com.tr\/it\/wp-json\/wp\/v2\/comments?post=8832"}],"version-history":[{"count":0,"href":"https:\/\/estoriaclinic.com.tr\/it\/wp-json\/wp\/v2\/pages\/8832\/revisions"}],"wp:attachment":[{"href":"https:\/\/estoriaclinic.com.tr\/it\/wp-json\/wp\/v2\/media?parent=8832"}],"curies":[{"name":"wp","href":"https:\/\/api.w.org\/{rel}","templated":true}]}}