{"id":8839,"date":"2024-03-10T16:38:09","date_gmt":"2024-03-10T13:38:09","guid":{"rendered":"https:\/\/estoriaclinic.com.tr\/quality-standarts\/"},"modified":"2024-06-03T11:59:23","modified_gmt":"2024-06-03T08:59:23","slug":"standard-di-qualita","status":"publish","type":"page","link":"https:\/\/estoriaclinic.com.tr\/it\/standard-di-qualita\/","title":{"rendered":"Standard Di Qualit\u00e0"},"content":{"rendered":"\t\t<div data-elementor-type=\"wp-page\" data-elementor-id=\"8839\" class=\"elementor elementor-8839 elementor-4883\">\n\t\t\t\t<div class=\"elementor-element elementor-element-bee3aa7 e-flex e-con-boxed e-con e-parent\" data-id=\"bee3aa7\" data-element_type=\"container\" data-core-v316-plus=\"true\">\n\t\t\t\t\t<div class=\"e-con-inner\">\n\t\t\t\t<div class=\"elementor-element elementor-element-862a89c elementor-widget elementor-widget-text-editor\" data-id=\"862a89c\" data-element_type=\"widget\" data-widget_type=\"text-editor.default\">\n\t\t\t\t<div class=\"elementor-widget-container\">\n\t\t\t<style>\/*! elementor - v3.20.0 - 26-03-2024 *\/\n.elementor-widget-text-editor.elementor-drop-cap-view-stacked .elementor-drop-cap{background-color:#69727d;color:#fff}.elementor-widget-text-editor.elementor-drop-cap-view-framed .elementor-drop-cap{color:#69727d;border:3px solid;background-color:transparent}.elementor-widget-text-editor:not(.elementor-drop-cap-view-default) .elementor-drop-cap{margin-top:8px}.elementor-widget-text-editor:not(.elementor-drop-cap-view-default) .elementor-drop-cap-letter{width:1em;height:1em}.elementor-widget-text-editor .elementor-drop-cap{float:left;text-align:center;line-height:1;font-size:50px}.elementor-widget-text-editor .elementor-drop-cap-letter{display:inline-block}<\/style>\t\t\t\t<p><span data-sheets-root=\"1\" data-sheets-value=\"{&quot;1&quot;:2,&quot;2&quot;:&quot;Alla Estoria International Clinic, ci impegniamo a fornire servizi medici sicuri e di alta qualit\u00e0 ai nostri pazienti. Comprendiamo che la decisione di viaggiare all'estero per procedure mediche pu\u00f2 essere intimidatoria, ecco perch\u00e9 diamo priorit\u00e0 alla qualit\u00e0 e alla sicurezza in tutto ci\u00f2 che facciamo per garantire che i nostri pazienti ricevano la migliore assistenza possibile. Per questo motivo abbiamo stabilito rigorosi standard di qualit\u00e0 che il nostro Medical Governing Board deve soddisfare.\\nI nostri standard di qualit\u00e0 coprono tutti gli aspetti dei nostri servizi, dalla pianificazione pre-arrivo alle cure post-operatorie. Lavoriamo esclusivamente con ospedali, cliniche e medici accreditati e affidabili che soddisfano gli standard di qualit\u00e0 internazionali.\\nInnanzitutto, lavoriamo esclusivamente con fornitori medici autorizzati, esperti e altamente qualificati nei rispettivi campi. Per garantire che tutti i nostri fornitori soddisfino i nostri rigorosi standard di competenza medica e professionalit\u00e0, li esaminiamo attentamente.\\nOltre alle qualifiche dei nostri fornitori, diamo priorit\u00e0 anche alla pulizia e alla sicurezza delle strutture. Collaboriamo solo con strutture mediche che mantengono elevati standard igienici e protocolli di sicurezza.Comprendiamo anche che una comunicazione chiara e aperta \u00e8 essenziale per creare fiducia con i nostri pazienti. Ecco perch\u00e9 disponiamo di personale multilingue disponibile ad aiutare i nostri pazienti in ogni fase del percorso. Il nostro team \u00e8 sempre disponibile per rispondere a qualsiasi domanda o dubbio e fornire ai pazienti aggiornamenti regolari sui progressi del loro trattamento.\\nAlla Estoria International Clinic crediamo che la soddisfazione del paziente sia fondamentale. Ci impegniamo a fornire un'esperienza fluida e senza stress ai nostri pazienti, dal momento in cui ci contattano fino al completamento del loro trattamento medico. Incoraggiamo una comunicazione aperta con i nostri pazienti e apprezziamo i loro commenti e suggerimenti per il miglioramento.\\nInoltre, crediamo che il turismo medico coinvolga qualcosa di pi\u00f9 delle semplici procedure mediche. Aiutiamo con l'organizzazione del viaggio, la prenotazione dell'alloggio e offriamo una gamma di servizi personalizzati per garantire che i nostri pazienti si sentano a proprio agio e supportati durante il loro soggiorno.\\nInfine, i nostri standard di qualit\u00e0 riflettono il nostro impegno nel fornire ai nostri pazienti servizi medici sicuri, affidabili e di alta qualit\u00e0. Crediamo che i nostri standard meticolosi ci distinguano dagli altri e diano ai nostri pazienti la tranquillit\u00e0 di essere in buone mani.\\nUltimo ma non meno importante, abbiamo un blog pieno di articoli informativi e approfondimenti sul ruolo dell'Estoria International Clinic nel facilitare l'accesso a un'assistenza sanitaria di qualit\u00e0. Dai un'occhiata ai nostri blog ora! In breve, all\u2019Estoria International Clinic lavoriamo solo con i migliori ospedali, cliniche e medici per garantire il massimo livello di risultati di successo.\\r\\nSupervisione del gruppo di esperti sulla governance\\r\\nStrutture completamente controllate\\r\\nSolo medici approvati da JCI, TUV e ISO\\r\\nGestione completa del caso da parte del medico assegnato.\\r\\nServizio completo di accompagnamento e consulenza.\\r\\nAssicurazione medica e di viaggio completa\\r\\nConsulenze preoperatorie e postoperatorie a domicilio.&quot;}\" data-sheets-userformat=\"{&quot;2&quot;:7043,&quot;3&quot;:{&quot;1&quot;:0},&quot;4&quot;:{&quot;1&quot;:2,&quot;2&quot;:14281427},&quot;10&quot;:1,&quot;11&quot;:4,&quot;12&quot;:0,&quot;14&quot;:{&quot;1&quot;:3,&quot;3&quot;:1},&quot;15&quot;:&quot;Arial&quot;}\">Alla Estoria Clinic, ci impegniamo a fornire servizi medici sicuri e di alta qualit\u00e0 ai nostri pazienti. Comprendiamo che la decisione di viaggiare all&#8217;estero per procedure mediche pu\u00f2 essere intimidatoria, ecco perch\u00e9 diamo priorit\u00e0 alla qualit\u00e0 e alla sicurezza in tutto ci\u00f2 che facciamo per garantire che i nostri pazienti ricevano la migliore assistenza possibile. Per questo motivo abbiamo stabilito rigorosi standard di qualit\u00e0 che il nostro Medical Governing Board deve soddisfare.<br \/>I nostri standard di qualit\u00e0 coprono tutti gli aspetti dei nostri servizi, dalla pianificazione pre-arrivo alle cure post-operatorie. Lavoriamo esclusivamente con ospedali, cliniche e medici accreditati e affidabili che soddisfano gli standard di qualit\u00e0 internazionali.<br \/>Innanzitutto, lavoriamo esclusivamente con fornitori medici autorizzati, esperti e altamente qualificati nei rispettivi campi. Per garantire che tutti i nostri fornitori soddisfino i nostri rigorosi standard di competenza medica e professionalit\u00e0, li esaminiamo attentamente.<br \/>Oltre alle qualifiche dei nostri fornitori, diamo priorit\u00e0 anche alla pulizia e alla sicurezza delle strutture. Collaboriamo solo con strutture mediche che mantengono elevati standard igienici e protocolli di sicurezza.Comprendiamo anche che una comunicazione chiara e aperta \u00e8 essenziale per creare fiducia con i nostri pazienti. Ecco perch\u00e9 disponiamo di personale multilingue disponibile ad aiutare i nostri pazienti in ogni fase del percorso. Il nostro team \u00e8 sempre disponibile per rispondere a qualsiasi domanda o dubbio e fornire ai pazienti aggiornamenti regolari sui progressi del loro trattamento.<br \/>Alla Estoria Clinic crediamo che la soddisfazione del paziente sia fondamentale. Ci impegniamo a fornire un&#8217;esperienza fluida e senza stress ai nostri pazienti, dal momento in cui ci contattano fino al completamento del loro trattamento medico. Incoraggiamo una comunicazione aperta con i nostri pazienti e apprezziamo i loro commenti e suggerimenti per il miglioramento.<br \/>Inoltre, crediamo che il turismo medico coinvolga qualcosa di pi\u00f9 delle semplici procedure mediche. Aiutiamo con l&#8217;organizzazione del viaggio, la prenotazione dell&#8217;alloggio e offriamo una gamma di servizi personalizzati per garantire che i nostri pazienti si sentano a proprio agio e supportati durante il loro soggiorno.<br \/>Infine, i nostri standard di qualit\u00e0 riflettono il nostro impegno nel fornire ai nostri pazienti servizi medici sicuri, affidabili e di alta qualit\u00e0. Crediamo che i nostri standard meticolosi ci distinguano dagli altri e diano ai nostri pazienti la tranquillit\u00e0 di essere in buone mani.<br \/>Ultimo ma non meno importante, abbiamo un blog pieno di articoli informativi e approfondimenti sul ruolo dell&#8217;Estoria Clinic nel facilitare l&#8217;accesso a un&#8217;assistenza sanitaria di qualit\u00e0. Dai un&#8217;occhiata ai nostri blog ora! In breve, all\u2019Estoria Clinic lavoriamo solo con i migliori ospedali, cliniche e medici per garantire il massimo livello di risultati di successo. <br \/>Supervisione del gruppo di esperti sulla governance <br \/>Strutture completamente controllate <br \/>Solo medici approvati da JCI, TUV e ISO <br \/>Gestione completa del caso da parte del medico assegnato. <br \/>Servizio completo di accompagnamento e consulenza. <br \/>Assicurazione medica e di viaggio completa <br \/>Consulenze preoperatorie e postoperatorie a domicilio.<\/span><\/p>\t\t\t\t\t\t<\/div>\n\t\t\t\t<\/div>\n\t\t\t\t\t<\/div>\n\t\t\t\t<\/div>\n\t\t\t\t<\/div>\n\t\t","protected":false},"excerpt":{"rendered":"<p>Alla Estoria Clinic, ci impegniamo a fornire servizi medici sicuri e di alta qualit\u00e0 ai nostri pazienti. Comprendiamo che la decisione di viaggiare all&#8217;estero per procedure mediche pu\u00f2 essere intimidatoria, ecco perch\u00e9 diamo priorit\u00e0 alla qualit\u00e0 e alla sicurezza in tutto ci\u00f2 che facciamo per garantire che i nostri pazienti ricevano la migliore assistenza possibile&#8230;.<\/p>\n","protected":false},"author":1,"featured_media":0,"parent":0,"menu_order":0,"comment_status":"closed","ping_status":"closed","template":"","meta":{"_acf_changed":false,"om_disable_all_campaigns":false,"inline_featured_image":false,"_monsterinsights_skip_tracking":false,"_monsterinsights_sitenote_active":false,"_monsterinsights_sitenote_note":"","_monsterinsights_sitenote_category":0,"footnotes":""},"class_list":["post-8839","page","type-page","status-publish","hentry"],"acf":[],"aioseo_notices":[],"_links":{"self":[{"href":"https:\/\/estoriaclinic.com.tr\/it\/wp-json\/wp\/v2\/pages\/8839","targetHints":{"allow":["GET"]}}],"collection":[{"href":"https:\/\/estoriaclinic.com.tr\/it\/wp-json\/wp\/v2\/pages"}],"about":[{"href":"https:\/\/estoriaclinic.com.tr\/it\/wp-json\/wp\/v2\/types\/page"}],"author":[{"embeddable":true,"href":"https:\/\/estoriaclinic.com.tr\/it\/wp-json\/wp\/v2\/users\/1"}],"replies":[{"embeddable":true,"href":"https:\/\/estoriaclinic.com.tr\/it\/wp-json\/wp\/v2\/comments?post=8839"}],"version-history":[{"count":0,"href":"https:\/\/estoriaclinic.com.tr\/it\/wp-json\/wp\/v2\/pages\/8839\/revisions"}],"wp:attachment":[{"href":"https:\/\/estoriaclinic.com.tr\/it\/wp-json\/wp\/v2\/media?parent=8839"}],"curies":[{"name":"wp","href":"https:\/\/api.w.org\/{rel}","templated":true}]}}