{"id":9681,"date":"2021-07-22T03:31:07","date_gmt":"2021-07-22T00:31:07","guid":{"rendered":"https:\/\/estoriaclinic.com.tr\/dermatology\/"},"modified":"2024-07-30T22:23:59","modified_gmt":"2024-07-30T19:23:59","slug":"dermatologia","status":"publish","type":"page","link":"https:\/\/estoriaclinic.com.tr\/it\/dermatologia\/","title":{"rendered":"Dermatologia"},"content":{"rendered":"\t\t<div data-elementor-type=\"wp-page\" data-elementor-id=\"9681\" class=\"elementor elementor-9681 elementor-4275\">\n\t\t\t\t\t\t<div class=\"elementor-section elementor-top-section elementor-element elementor-element-6ad0452 elementor-section-boxed elementor-section-height-default elementor-section-height-default\" data-id=\"6ad0452\" data-element_type=\"section\">\n\t\t\t\t\t\t<div class=\"elementor-container elementor-column-gap-custom\">\n\t\t\t\t\t<div class=\"elementor-column elementor-col-100 elementor-top-column elementor-element elementor-element-c4a93d2\" data-id=\"c4a93d2\" data-element_type=\"column\">\n\t\t\t<div class=\"elementor-widget-wrap elementor-element-populated\">\n\t\t\t\t\t\t<section class=\"elementor-section elementor-inner-section elementor-element elementor-element-06069d5 elementor-section-boxed elementor-section-height-default elementor-section-height-default\" data-id=\"06069d5\" data-element_type=\"section\">\n\t\t\t\t\t\t<div class=\"elementor-container elementor-column-gap-default\">\n\t\t\t\t\t<div class=\"elementor-column elementor-col-50 elementor-inner-column elementor-element elementor-element-6020ab4\" data-id=\"6020ab4\" data-element_type=\"column\">\n\t\t\t<div class=\"elementor-widget-wrap elementor-element-populated\">\n\t\t\t\t\t\t<div class=\"elementor-element elementor-element-e1564ff elementor-widget elementor-widget-image\" data-id=\"e1564ff\" data-element_type=\"widget\" data-widget_type=\"image.default\">\n\t\t\t\t<div class=\"elementor-widget-container\">\n\t\t\t<style>\/*! elementor - v3.20.0 - 26-03-2024 *\/\n.elementor-widget-image{text-align:center}.elementor-widget-image a{display:inline-block}.elementor-widget-image a img[src$=\".svg\"]{width:48px}.elementor-widget-image img{vertical-align:middle;display:inline-block}<\/style>\t\t\t\t\t\t\t\t\t\t<img fetchpriority=\"high\" decoding=\"async\" width=\"803\" height=\"367\" src=\"https:\/\/estoriaclinic.com.tr\/wp-content\/uploads\/2024\/02\/Dermatology-img.jpg\" class=\"attachment-large size-large wp-image-6069\" alt=\"\" srcset=\"https:\/\/estoriaclinic.com.tr\/wp-content\/uploads\/2024\/02\/Dermatology-img.jpg 803w, https:\/\/estoriaclinic.com.tr\/wp-content\/uploads\/2024\/02\/Dermatology-img-300x137.jpg 300w, https:\/\/estoriaclinic.com.tr\/wp-content\/uploads\/2024\/02\/Dermatology-img-768x351.jpg 768w\" sizes=\"(max-width: 803px) 100vw, 803px\" \/>\t\t\t\t\t\t\t\t\t\t\t\t\t<\/div>\n\t\t\t\t<\/div>\n\t\t\t\t\t<\/div>\n\t\t<\/div>\n\t\t\t\t<div class=\"elementor-column elementor-col-50 elementor-inner-column elementor-element elementor-element-9b460ff\" data-id=\"9b460ff\" data-element_type=\"column\">\n\t\t\t<div class=\"elementor-widget-wrap elementor-element-populated\">\n\t\t\t\t\t\t<div class=\"elementor-element elementor-element-200c47c elementor-widget elementor-widget-namedical_basic_get_apps\" data-id=\"200c47c\" data-element_type=\"widget\" data-widget_type=\"namedical_basic_get_apps.default\">\n\t\t\t\t<div class=\"elementor-widget-container\">\n\t\t\t<div class=\"namep-get-apps\">\r\n\t\t\t\t\t\t\t\t<h5>OTTENERE UNA CONSULENZA GRATUITA<\/h5><h3 class=\"apps-title\">Parlate gratuitamente con il nostro esperto<\/h3><p>Abbiamo orari aggiornati, informazioni di contatto e la possibilit\u00e0 di prenotare appuntamenti online.<\/p><div class=\"namep-btn-wrap\"><a href=\"https:\/\/estoriaclinic.com.tr\/it\/contatto\/\"   class=\"namep-btn\"style=\" \">Richiesta Di Richiamata<\/a><\/div><\/div>\t\t<\/div>\n\t\t\t\t<\/div>\n\t\t\t\t\t<\/div>\n\t\t<\/div>\n\t\t\t\t\t<\/div>\n\t\t<\/section>\n\t\t\t\t\t<\/div>\n\t\t<\/div>\n\t\t\t\t\t<\/div>\n\t\t<\/div>\n\t\t\t\t<section class=\"elementor-section elementor-top-section elementor-element elementor-element-8d26f93 elementor-section-content-middle elementor-section-boxed elementor-section-height-default elementor-section-height-default\" data-id=\"8d26f93\" data-element_type=\"section\" data-settings=\"{&quot;background_background&quot;:&quot;classic&quot;}\">\n\t\t\t\t\t\t<div class=\"elementor-container elementor-column-gap-default\">\n\t\t\t\t\t<div class=\"elementor-column elementor-col-100 elementor-top-column elementor-element elementor-element-391ac7d\" data-id=\"391ac7d\" data-element_type=\"column\">\n\t\t\t<div class=\"elementor-widget-wrap elementor-element-populated\">\n\t\t\t\t\t\t<div class=\"elementor-element elementor-element-97147c4 elementor-widget elementor-widget-text-editor\" data-id=\"97147c4\" data-element_type=\"widget\" data-widget_type=\"text-editor.default\">\n\t\t\t\t<div class=\"elementor-widget-container\">\n\t\t\t<style>\/*! elementor - v3.20.0 - 26-03-2024 *\/\n.elementor-widget-text-editor.elementor-drop-cap-view-stacked .elementor-drop-cap{background-color:#69727d;color:#fff}.elementor-widget-text-editor.elementor-drop-cap-view-framed .elementor-drop-cap{color:#69727d;border:3px solid;background-color:transparent}.elementor-widget-text-editor:not(.elementor-drop-cap-view-default) .elementor-drop-cap{margin-top:8px}.elementor-widget-text-editor:not(.elementor-drop-cap-view-default) .elementor-drop-cap-letter{width:1em;height:1em}.elementor-widget-text-editor .elementor-drop-cap{float:left;text-align:center;line-height:1;font-size:50px}.elementor-widget-text-editor .elementor-drop-cap-letter{display:inline-block}<\/style>\t\t\t\t<h2>Cos&#8217;\u00e8 la dermatologia e cosa fanno i dermatologi?<\/h2><p>La dermatologia \u00e8 una specialit\u00e0 medica che si occupa della diagnosi e del trattamento delle malattie che colpiscono la pelle, i capelli, le unghie e le membrane mucose. I dermatologi diagnosticano, trattano e prevengono queste malattie. Eseguono anche procedure cosmetiche come botox, filler e trattamenti laser nell&#8217;ambito della dermatologia estetica.<\/p><h2>Malattie della pelle: Problemi comuni trattati dai dermatologi<\/h2><p>I dermatologi trattano diverse malattie della pelle come acne, eczema, psoriasi, cancro della pelle, infezioni fungine, rosacea, perdita di capelli e problemi di pigmentazione. Oltre a queste malattie, i dermatologi si occupano anche di problemi estetici come l&#8217;invecchiamento della pelle, le rughe e le macchie cutanee.<\/p>\t\t\t\t\t\t<\/div>\n\t\t\t\t<\/div>\n\t\t\t\t\t<\/div>\n\t\t<\/div>\n\t\t\t\t\t<\/div>\n\t\t<\/section>\n\t\t<div class=\"elementor-element elementor-element-7ef7e24 e-con-full e-flex e-con e-parent\" data-id=\"7ef7e24\" data-element_type=\"container\" data-settings=\"{&quot;background_background&quot;:&quot;classic&quot;}\" data-core-v316-plus=\"true\">\n\t\t<div class=\"elementor-element elementor-element-8831615 e-con-full e-flex e-con e-child\" data-id=\"8831615\" data-element_type=\"container\">\n\t\t\t\t<div class=\"elementor-element elementor-element-eb256cc elementor-widget elementor-widget-image\" data-id=\"eb256cc\" data-element_type=\"widget\" data-widget_type=\"image.default\">\n\t\t\t\t<div class=\"elementor-widget-container\">\n\t\t\t\t\t\t\t\t\t\t\t\t\t<img decoding=\"async\" width=\"1500\" height=\"1500\" src=\"https:\/\/estoriaclinic.com.tr\/wp-content\/uploads\/2024\/02\/Dermatology-1.jpg\" class=\"attachment-full size-full wp-image-6072\" alt=\"\" srcset=\"https:\/\/estoriaclinic.com.tr\/wp-content\/uploads\/2024\/02\/Dermatology-1.jpg 1500w, https:\/\/estoriaclinic.com.tr\/wp-content\/uploads\/2024\/02\/Dermatology-1-300x300.jpg 300w, https:\/\/estoriaclinic.com.tr\/wp-content\/uploads\/2024\/02\/Dermatology-1-1024x1024.jpg 1024w, https:\/\/estoriaclinic.com.tr\/wp-content\/uploads\/2024\/02\/Dermatology-1-150x150.jpg 150w, https:\/\/estoriaclinic.com.tr\/wp-content\/uploads\/2024\/02\/Dermatology-1-768x768.jpg 768w\" sizes=\"(max-width: 1500px) 100vw, 1500px\" \/>\t\t\t\t\t\t\t\t\t\t\t\t\t<\/div>\n\t\t\t\t<\/div>\n\t\t\t\t<\/div>\n\t\t<div class=\"elementor-element elementor-element-6820c53 e-con-full e-flex e-con e-child\" data-id=\"6820c53\" data-element_type=\"container\">\n\t\t\t\t<div class=\"elementor-element elementor-element-d3bdc37 elementor-widget elementor-widget-text-editor\" data-id=\"d3bdc37\" data-element_type=\"widget\" data-widget_type=\"text-editor.default\">\n\t\t\t\t<div class=\"elementor-widget-container\">\n\t\t\t\t\t\t\t<h2>Visita dermatologica: Cosa aspettarsi?<\/h2><p>Durante la visita dermatologica, il dermatologo esamina attentamente la pelle, i capelli e le unghie. Valuta i sintomi, chiede informazioni sull&#8217;anamnesi e, se necessario, ordina altri esami come biopsie o analisi del sangue. L&#8217;esame \u00e8 solitamente indolore e il dermatologo vi informer\u00e0 sulle opzioni di trattamento.<\/p><h2>Trattamento dell&#8217;acne: Metodi e soluzioni dermatologiche<\/h2><p>Per il trattamento dell&#8217;acne, i dermatologi utilizzano vari metodi, come creme topiche, antibiotici per via orale, trattamenti ormonali e trattamenti laser. Il trattamento viene pianificato individualmente in base al tipo e alla gravit\u00e0 dell&#8217;acne. I dermatologi danno anche consigli sulla cura della pelle e sui cambiamenti dello stile di vita.<\/p><h2>Eczema e dermatologia: Sintomi, cause e opzioni di trattamento<\/h2><p>L&#8217;eczema \u00e8 una malattia cronica della pelle che provoca eruzioni cutanee pruriginose, rosse e infiammate. I dermatologi utilizzano creme idratanti, steroidi topici e farmaci che modulano il sistema immunitario per trattare l&#8217;eczema. Inoltre, identificano i fattori scatenanti e aiutano i pazienti a evitarli.<\/p>\t\t\t\t\t\t<\/div>\n\t\t\t\t<\/div>\n\t\t\t\t<\/div>\n\t\t\t\t<\/div>\n\t\t<div class=\"elementor-element elementor-element-ec4c56c e-con-full e-flex e-con e-parent\" data-id=\"ec4c56c\" data-element_type=\"container\" data-settings=\"{&quot;background_background&quot;:&quot;classic&quot;}\" data-core-v316-plus=\"true\">\n\t\t<div class=\"elementor-element elementor-element-f9e491a e-con-full e-flex e-con e-child\" data-id=\"f9e491a\" data-element_type=\"container\">\n\t\t\t\t<div class=\"elementor-element elementor-element-d88d7de elementor-widget elementor-widget-text-editor\" data-id=\"d88d7de\" data-element_type=\"widget\" data-widget_type=\"text-editor.default\">\n\t\t\t\t<div class=\"elementor-widget-container\">\n\t\t\t\t\t\t\t<h2>Rimozione delle cicatrici da acne con i trattamenti dermatologici<\/h2><p>Per il trattamento delle cicatrici da acne, i dermatologi utilizzano diversi metodi come peeling chimici, trattamenti laser, microdermoabrasione e filler dermici. Questi trattamenti rinnovano la superficie della pelle e riducono l&#8217;aspetto delle cicatrici. Il trattamento viene pianificato individualmente in base al tipo e alla gravit\u00e0 delle cicatrici.<\/p><h2>Applicazioni estetiche in dermatologia: Botox, riempimento e trattamenti laser<\/h2><p>I dermatologi eseguono trattamenti estetici come il botox, i filler dermici e i trattamenti laser per ridurre le rughe, migliorare il tono della pelle e il resurfacing cutaneo. Questi trattamenti sono minimamente invasivi e di solito offrono tempi di recupero rapidi. Ogni trattamento \u00e8 personalizzato in base alle esigenze del paziente.<\/p><h2>Raccomandazioni dei dermatologi per la cura della pelle: Consigli per una pelle sana<\/h2><p>I dermatologi raccomandano una routine quotidiana per la cura della pelle sana. Queste routine comprendono l&#8217;uso di detergenti adatti al proprio tipo di pelle, l&#8217;idratazione regolare, l&#8217;uso di creme solari e l&#8217;adozione di uno stile di vita sano. I dermatologi forniscono anche consigli sui prodotti e sulle procedure di cura della pelle.<\/p>\t\t\t\t\t\t<\/div>\n\t\t\t\t<\/div>\n\t\t\t\t<\/div>\n\t\t<div class=\"elementor-element elementor-element-6d2023a e-con-full e-flex e-con e-child\" data-id=\"6d2023a\" data-element_type=\"container\">\n\t\t\t\t<div class=\"elementor-element elementor-element-42388aa elementor-widget elementor-widget-image\" data-id=\"42388aa\" data-element_type=\"widget\" data-widget_type=\"image.default\">\n\t\t\t\t<div class=\"elementor-widget-container\">\n\t\t\t\t\t\t\t\t\t\t\t\t\t<img decoding=\"async\" width=\"1500\" height=\"1500\" src=\"https:\/\/estoriaclinic.com.tr\/wp-content\/uploads\/2024\/02\/Dermatology-2.jpg\" class=\"attachment-full size-full wp-image-6075\" alt=\"\" srcset=\"https:\/\/estoriaclinic.com.tr\/wp-content\/uploads\/2024\/02\/Dermatology-2.jpg 1500w, https:\/\/estoriaclinic.com.tr\/wp-content\/uploads\/2024\/02\/Dermatology-2-300x300.jpg 300w, https:\/\/estoriaclinic.com.tr\/wp-content\/uploads\/2024\/02\/Dermatology-2-1024x1024.jpg 1024w, https:\/\/estoriaclinic.com.tr\/wp-content\/uploads\/2024\/02\/Dermatology-2-150x150.jpg 150w, https:\/\/estoriaclinic.com.tr\/wp-content\/uploads\/2024\/02\/Dermatology-2-768x768.jpg 768w\" sizes=\"(max-width: 1500px) 100vw, 1500px\" \/>\t\t\t\t\t\t\t\t\t\t\t\t\t<\/div>\n\t\t\t\t<\/div>\n\t\t\t\t<\/div>\n\t\t\t\t<\/div>\n\t\t\t\t<section class=\"elementor-section elementor-top-section elementor-element elementor-element-eb75b31 elementor-section-content-middle elementor-section-boxed elementor-section-height-default elementor-section-height-default\" data-id=\"eb75b31\" data-element_type=\"section\" data-settings=\"{&quot;background_background&quot;:&quot;classic&quot;}\">\n\t\t\t\t\t\t<div class=\"elementor-container elementor-column-gap-default\">\n\t\t\t\t\t<div class=\"elementor-column elementor-col-100 elementor-top-column elementor-element elementor-element-936d263\" data-id=\"936d263\" data-element_type=\"column\">\n\t\t\t<div class=\"elementor-widget-wrap\">\n\t\t\t\t\t\t\t<\/div>\n\t\t<\/div>\n\t\t\t\t\t<\/div>\n\t\t<\/section>\n\t\t\t\t<div class=\"elementor-section elementor-top-section elementor-element elementor-element-f00de1b elementor-section-boxed elementor-section-height-default elementor-section-height-default\" data-id=\"f00de1b\" data-element_type=\"section\" data-settings=\"{&quot;background_background&quot;:&quot;gradient&quot;}\">\n\t\t\t\t\t\t<div class=\"elementor-container elementor-column-gap-extended\">\n\t\t\t\t\t<div class=\"elementor-column elementor-col-100 elementor-top-column elementor-element elementor-element-6793e5c\" data-id=\"6793e5c\" data-element_type=\"column\">\n\t\t\t<div class=\"elementor-widget-wrap elementor-element-populated\">\n\t\t\t\t\t\t<div class=\"elementor-section elementor-inner-section elementor-element elementor-element-8d13343 elementor-section-boxed elementor-section-height-default elementor-section-height-default\" data-id=\"8d13343\" data-element_type=\"section\" data-settings=\"{&quot;background_background&quot;:&quot;classic&quot;,&quot;animation&quot;:&quot;none&quot;}\">\n\t\t\t\t\t\t<div class=\"elementor-container elementor-column-gap-default\">\n\t\t\t\t\t<div class=\"elementor-column elementor-col-33 elementor-inner-column elementor-element elementor-element-602add1\" data-id=\"602add1\" data-element_type=\"column\">\n\t\t\t<div class=\"elementor-widget-wrap elementor-element-populated\">\n\t\t\t\t\t\t<div class=\"elementor-element elementor-element-70022f3 elementor-widget elementor-widget-heading\" data-id=\"70022f3\" data-element_type=\"widget\" data-widget_type=\"heading.default\">\n\t\t\t\t<div class=\"elementor-widget-container\">\n\t\t\t<style>\/*! elementor - v3.20.0 - 26-03-2024 *\/\n.elementor-heading-title{padding:0;margin:0;line-height:1}.elementor-widget-heading .elementor-heading-title[class*=elementor-size-]>a{color:inherit;font-size:inherit;line-height:inherit}.elementor-widget-heading .elementor-heading-title.elementor-size-small{font-size:15px}.elementor-widget-heading .elementor-heading-title.elementor-size-medium{font-size:19px}.elementor-widget-heading .elementor-heading-title.elementor-size-large{font-size:29px}.elementor-widget-heading .elementor-heading-title.elementor-size-xl{font-size:39px}.elementor-widget-heading .elementor-heading-title.elementor-size-xxl{font-size:59px}<\/style><p class=\"elementor-heading-title elementor-size-default\">Avete bisogno di un consiglio da parte dei nostri esperti?<\/p>\t\t<\/div>\n\t\t\t\t<\/div>\n\t\t\t\t<div class=\"elementor-element elementor-element-94b2bf0 elementor-widget elementor-widget-heading\" data-id=\"94b2bf0\" data-element_type=\"widget\" data-widget_type=\"heading.default\">\n\t\t\t\t<div class=\"elementor-widget-container\">\n\t\t\t<h3 class=\"elementor-heading-title elementor-size-default\">Richiedete subito una telefonata di richiamo!<\/h3>\t\t<\/div>\n\t\t\t\t<\/div>\n\t\t\t\t<div class=\"elementor-element elementor-element-28ab939 elementor-widget elementor-widget-image\" data-id=\"28ab939\" data-element_type=\"widget\" data-widget_type=\"image.default\">\n\t\t\t\t<div class=\"elementor-widget-container\">\n\t\t\t\t\t\t\t\t\t\t\t\t\t<img loading=\"lazy\" decoding=\"async\" width=\"715\" height=\"100\" src=\"https:\/\/estoriaclinic.com.tr\/wp-content\/uploads\/2024\/02\/Country-Flags-Icons.png\" class=\"attachment-full size-full wp-image-5628\" alt=\"\" srcset=\"https:\/\/estoriaclinic.com.tr\/wp-content\/uploads\/2024\/02\/Country-Flags-Icons.png 715w, https:\/\/estoriaclinic.com.tr\/wp-content\/uploads\/2024\/02\/Country-Flags-Icons-300x42.png 300w\" sizes=\"(max-width: 715px) 100vw, 715px\" \/>\t\t\t\t\t\t\t\t\t\t\t\t\t<\/div>\n\t\t\t\t<\/div>\n\t\t\t\t\t<\/div>\n\t\t<\/div>\n\t\t\t\t<div class=\"elementor-column elementor-col-33 elementor-inner-column elementor-element elementor-element-404b11f\" data-id=\"404b11f\" data-element_type=\"column\">\n\t\t\t<div class=\"elementor-widget-wrap\">\n\t\t\t\t\t\t\t<\/div>\n\t\t<\/div>\n\t\t\t\t<div class=\"elementor-column elementor-col-33 elementor-inner-column elementor-element elementor-element-30f5c6b\" data-id=\"30f5c6b\" data-element_type=\"column\">\n\t\t\t<div class=\"elementor-widget-wrap elementor-element-populated\">\n\t\t\t\t\t\t<div class=\"elementor-element elementor-element-012742e elementor-widget elementor-widget-shortcode\" data-id=\"012742e\" data-element_type=\"widget\" data-widget_type=\"shortcode.default\">\n\t\t\t\t<div class=\"elementor-widget-container\">\n\t\t\t\t\t<div class=\"elementor-shortcode\">\n<div class=\"wpcf7 no-js\" id=\"wpcf7-f7014-o1\" lang=\"it-IT\" dir=\"ltr\">\n<div class=\"screen-reader-response\"><p role=\"status\" aria-live=\"polite\" aria-atomic=\"true\"><\/p> <ul><\/ul><\/div>\n<form action=\"\/it\/wp-json\/wp\/v2\/pages\/9681#wpcf7-f7014-o1\" method=\"post\" class=\"wpcf7-form init\" aria-label=\"Modulo di contatto\" novalidate=\"novalidate\" data-status=\"init\">\n<div style=\"display: none;\">\n<input type=\"hidden\" name=\"_wpcf7\" value=\"7014\" \/>\n<input type=\"hidden\" name=\"_wpcf7_version\" value=\"5.8.7\" \/>\n<input type=\"hidden\" name=\"_wpcf7_locale\" value=\"it_IT\" \/>\n<input type=\"hidden\" name=\"_wpcf7_unit_tag\" value=\"wpcf7-f7014-o1\" \/>\n<input type=\"hidden\" name=\"_wpcf7_container_post\" value=\"0\" \/>\n<input type=\"hidden\" name=\"_wpcf7_posted_data_hash\" value=\"\" \/>\n<\/div>\n<div class=\"rqform\">\n\t<p class=\"form-row\"><span class=\"wpcf7-form-control-wrap\" data-name=\"text-588\"><input size=\"40\" class=\"wpcf7-form-control wpcf7-text wpcf7-validates-as-required\" aria-required=\"true\" aria-invalid=\"false\" placeholder=\"Nome e cognome *\" value=\"\" type=\"text\" name=\"text-588\" \/><\/span>\n\t<\/p>\n\t<p class=\"form-row\"><span class=\"wpcf7-form-control-wrap\" data-name=\"phonetext-245\"><input size=\"40\" class=\"wpcf7-form-control wpcf7-phonetext wpcf7-validates-as-required wpcf7-text wpcf7-validates-as-phonetext country-form-field-99\" data-numberonly=\"true\" aria-required=\"true\" aria-invalid=\"false\" placeholder=\"\" value=\"\" type=\"text\" name=\"phonetext-245\" \/><input type=\"hidden\" name=\"phonetext-245-country-code\" class=\"wpcf7-phonetext-country-code\" \/><\/span>\n\t<\/p>\n\t<p class=\"form-row\"><span class=\"wpcf7-form-control-wrap\" data-name=\"countrytext-816\"><input size=\"40\" class=\"wpcf7-form-control wpcf7-countrytext wpcf7-validates-as-required wpcf7-text wpcf7-validates-as-countrytext country-form-field-99\" aria-required=\"true\" aria-invalid=\"false\" placeholder=\"Country*\" value=\"\" type=\"text\" name=\"countrytext-816\" \/><\/span>\n\t<\/p>\n\t<p class=\"form-row\" style=\"height: 70px;\" ><span class=\"wpcf7-form-control-wrap\" data-name=\"textarea-988\"><textarea cols=\"40\" rows=\"10\" class=\"wpcf7-form-control wpcf7-textarea wpcf7-validates-as-required\" aria-required=\"true\" aria-invalid=\"false\" placeholder=\"Il vostro messaggio\u2026\" name=\"textarea-988\"><\/textarea><\/span>\n\t<\/p>\n\t<p><input class=\"wpcf7-form-control wpcf7-submit has-spinner\" type=\"submit\" value=\"Inviare\" \/>\n\t<\/p>\n<\/div><div class=\"wpcf7-response-output\" aria-hidden=\"true\"><\/div>\n<\/form>\n<\/div>\n<\/div>\n\t\t\t\t<\/div>\n\t\t\t\t<\/div>\n\t\t\t\t\t<\/div>\n\t\t<\/div>\n\t\t\t\t\t<\/div>\n\t\t<\/div>\n\t\t\t\t\t<\/div>\n\t\t<\/div>\n\t\t\t\t\t<\/div>\n\t\t<\/div>\n\t\t\t\t<\/div>\n\t\t","protected":false},"excerpt":{"rendered":"<p>OTTENERE UNA CONSULENZA GRATUITA Parlate gratuitamente con il nostro esperto Abbiamo orari aggiornati, informazioni di contatto e la possibilit\u00e0 di prenotare appuntamenti online. Richiesta Di Richiamata Cos&#8217;\u00e8 la dermatologia e cosa fanno i dermatologi? La dermatologia \u00e8 una specialit\u00e0 medica che si occupa della diagnosi e del trattamento delle malattie che colpiscono la pelle, i&#8230;<\/p>\n","protected":false},"author":1,"featured_media":0,"parent":0,"menu_order":0,"comment_status":"closed","ping_status":"closed","template":"tmpl\/template-fullwidth.php","meta":{"_acf_changed":false,"om_disable_all_campaigns":false,"inline_featured_image":false,"_monsterinsights_skip_tracking":false,"_monsterinsights_sitenote_active":false,"_monsterinsights_sitenote_note":"","_monsterinsights_sitenote_category":0,"footnotes":""},"class_list":["post-9681","page","type-page","status-publish","hentry"],"acf":[],"aioseo_notices":[],"_links":{"self":[{"href":"https:\/\/estoriaclinic.com.tr\/it\/wp-json\/wp\/v2\/pages\/9681","targetHints":{"allow":["GET"]}}],"collection":[{"href":"https:\/\/estoriaclinic.com.tr\/it\/wp-json\/wp\/v2\/pages"}],"about":[{"href":"https:\/\/estoriaclinic.com.tr\/it\/wp-json\/wp\/v2\/types\/page"}],"author":[{"embeddable":true,"href":"https:\/\/estoriaclinic.com.tr\/it\/wp-json\/wp\/v2\/users\/1"}],"replies":[{"embeddable":true,"href":"https:\/\/estoriaclinic.com.tr\/it\/wp-json\/wp\/v2\/comments?post=9681"}],"version-history":[{"count":0,"href":"https:\/\/estoriaclinic.com.tr\/it\/wp-json\/wp\/v2\/pages\/9681\/revisions"}],"wp:attachment":[{"href":"https:\/\/estoriaclinic.com.tr\/it\/wp-json\/wp\/v2\/media?parent=9681"}],"curies":[{"name":"wp","href":"https:\/\/api.w.org\/{rel}","templated":true}]}}