{"id":10062,"date":"2021-07-22T03:31:07","date_gmt":"2021-07-22T00:31:07","guid":{"rendered":"https:\/\/estoriaclinic.com.tr\/mustache-transplantation\/"},"modified":"2024-07-30T00:13:26","modified_gmt":"2024-07-29T21:13:26","slug":"transplantation-av-mustasch","status":"publish","type":"page","link":"https:\/\/estoriaclinic.com.tr\/sv\/transplantation-av-mustasch\/","title":{"rendered":"Transplantation Av Mustasch"},"content":{"rendered":"\t\t<div data-elementor-type=\"wp-page\" data-elementor-id=\"10062\" class=\"elementor elementor-10062 elementor-3471\">\n\t\t\t\t\t\t<div class=\"elementor-section elementor-top-section elementor-element elementor-element-6ad0452 elementor-section-boxed elementor-section-height-default elementor-section-height-default\" data-id=\"6ad0452\" data-element_type=\"section\">\n\t\t\t\t\t\t<div class=\"elementor-container elementor-column-gap-custom\">\n\t\t\t\t\t<div class=\"elementor-column elementor-col-100 elementor-top-column elementor-element elementor-element-c4a93d2\" data-id=\"c4a93d2\" data-element_type=\"column\">\n\t\t\t<div class=\"elementor-widget-wrap elementor-element-populated\">\n\t\t\t\t\t\t<section class=\"elementor-section elementor-inner-section elementor-element elementor-element-06069d5 elementor-section-boxed elementor-section-height-default elementor-section-height-default\" data-id=\"06069d5\" data-element_type=\"section\">\n\t\t\t\t\t\t<div class=\"elementor-container elementor-column-gap-default\">\n\t\t\t\t\t<div class=\"elementor-column elementor-col-50 elementor-inner-column elementor-element elementor-element-6020ab4\" data-id=\"6020ab4\" data-element_type=\"column\">\n\t\t\t<div class=\"elementor-widget-wrap elementor-element-populated\">\n\t\t\t\t\t\t<div class=\"elementor-element elementor-element-e7a3507 elementor-widget elementor-widget-namedical_basic_image_compare\" data-id=\"e7a3507\" data-element_type=\"widget\" data-settings=\"{&quot;before_image&quot;:{&quot;url&quot;:&quot;https:\\\/\\\/estoriaclinic.com.tr\\\/wp-content\\\/uploads\\\/2024\\\/02\\\/Beard-and-Mustache-Transplantation-Before-1.jpg&quot;,&quot;id&quot;:3287,&quot;size&quot;:&quot;&quot;,&quot;alt&quot;:&quot;&quot;,&quot;source&quot;:&quot;library&quot;},&quot;after_image&quot;:{&quot;url&quot;:&quot;https:\\\/\\\/estoriaclinic.com.tr\\\/wp-content\\\/uploads\\\/2024\\\/02\\\/Beard-and-Mustache-Transplantation-After-1.jpg&quot;,&quot;id&quot;:3288,&quot;size&quot;:&quot;&quot;,&quot;alt&quot;:&quot;&quot;,&quot;source&quot;:&quot;library&quot;}}\" data-widget_type=\"namedical_basic_image_compare.default\">\n\t\t\t\t<div class=\"elementor-widget-container\">\n\t\t\t<div class=\"namep-compare-wrap\"><div class=\"namep-compare compare-69f21ea32b1a8-7257\"><\/div><\/div>\r\n\t\t<script type=\"text\/javascript\">\r\n\r\n\t    jQuery(document).ready(function($) {\r\n\r\n\t    \tslider = new juxtapose.JXSlider('.compare-69f21ea32b1a8-7257',\r\n\t\t    [\r\n\t        {\r\n            src: 'https:\/\/estoriaclinic.com.tr\/wp-content\/uploads\/2024\/02\/Beard-and-Mustache-Transplantation-Before-1.jpg',\r\n            label: '',\r\n\t        },\r\n\t        {\r\n            src: 'https:\/\/estoriaclinic.com.tr\/wp-content\/uploads\/2024\/02\/Beard-and-Mustache-Transplantation-After-1.jpg',\r\n            label: '',\r\n\t        }\r\n\t\t    ],\r\n\t\t    {\r\n\t        animate: true,\r\n\t        showLabels: false,\r\n\t        showCredits: false,\r\n\t        startingPosition: \"50%\",\r\n\t        makeResponsive: true,\r\n\t        mode: \"horizontal\",\r\n\t\t    });\r\n\r\n\t    });\r\n\t  <\/script>\r\n\t\t\t<\/div>\n\t\t\t\t<\/div>\n\t\t\t\t\t<\/div>\n\t\t<\/div>\n\t\t\t\t<div class=\"elementor-column elementor-col-50 elementor-inner-column elementor-element elementor-element-9b460ff\" data-id=\"9b460ff\" data-element_type=\"column\">\n\t\t\t<div class=\"elementor-widget-wrap elementor-element-populated\">\n\t\t\t\t\t\t<div class=\"elementor-element elementor-element-0ed52f5 elementor-widget elementor-widget-namedical_basic_get_apps\" data-id=\"0ed52f5\" data-element_type=\"widget\" data-widget_type=\"namedical_basic_get_apps.default\">\n\t\t\t\t<div class=\"elementor-widget-container\">\n\t\t\t<div class=\"namep-get-apps\">\r\n\t\t\t\t\t\t\t\t<h5>F\u00c5 EN GRATIS KONSULTATION<\/h5><h3 class=\"apps-title\">Tala med v\u00e5r expert gratis<\/h3><p>Vi har uppdaterade scheman, kontaktinformation och l\u00e5ter dig boka tid online.<\/p><div class=\"namep-btn-wrap\"><a href=\"https:\/\/estoriaclinic.com.tr\/sv\/kontakta-oss\/\"   class=\"namep-btn\"style=\" \">Beg\u00e4r att bli uppringd<\/a><\/div><\/div>\t\t<\/div>\n\t\t\t\t<\/div>\n\t\t\t\t\t<\/div>\n\t\t<\/div>\n\t\t\t\t\t<\/div>\n\t\t<\/section>\n\t\t\t\t\t<\/div>\n\t\t<\/div>\n\t\t\t\t\t<\/div>\n\t\t<\/div>\n\t\t\t\t<section class=\"elementor-section elementor-top-section elementor-element elementor-element-8d26f93 elementor-section-content-middle elementor-section-boxed elementor-section-height-default elementor-section-height-default\" data-id=\"8d26f93\" data-element_type=\"section\" data-settings=\"{&quot;background_background&quot;:&quot;classic&quot;}\">\n\t\t\t\t\t\t<div class=\"elementor-container elementor-column-gap-default\">\n\t\t\t\t\t<div class=\"elementor-column elementor-col-100 elementor-top-column elementor-element elementor-element-391ac7d\" data-id=\"391ac7d\" data-element_type=\"column\">\n\t\t\t<div class=\"elementor-widget-wrap elementor-element-populated\">\n\t\t\t\t\t\t<div class=\"elementor-element elementor-element-97147c4 elementor-widget elementor-widget-text-editor\" data-id=\"97147c4\" data-element_type=\"widget\" data-widget_type=\"text-editor.default\">\n\t\t\t\t<div class=\"elementor-widget-container\">\n\t\t\t<style>\/*! elementor - v3.20.0 - 26-03-2024 *\/\n.elementor-widget-text-editor.elementor-drop-cap-view-stacked .elementor-drop-cap{background-color:#69727d;color:#fff}.elementor-widget-text-editor.elementor-drop-cap-view-framed .elementor-drop-cap{color:#69727d;border:3px solid;background-color:transparent}.elementor-widget-text-editor:not(.elementor-drop-cap-view-default) .elementor-drop-cap{margin-top:8px}.elementor-widget-text-editor:not(.elementor-drop-cap-view-default) .elementor-drop-cap-letter{width:1em;height:1em}.elementor-widget-text-editor .elementor-drop-cap{float:left;text-align:center;line-height:1;font-size:50px}.elementor-widget-text-editor .elementor-drop-cap-letter{display:inline-block}<\/style>\t\t\t\t<h2>Vad \u00e4r en mustaschtransplantation?<\/h2><p>Mustaschtransplantation \u00e4r ett liknande f\u00f6rfarande som h\u00e5rtransplantation. Det inneb\u00e4r att man tar h\u00e5rs\u00e4ckar fr\u00e5n ett annat omr\u00e5de p\u00e5 kroppen (vanligtvis nacken eller bakom \u00f6ronen) och transplanterar dem till mustaschomr\u00e5det. Denna metod syftar till att uppn\u00e5 ett naturligt utseende i mustaschomr\u00e5det och g\u00f6r det m\u00f6jligt f\u00f6r personen att ha en mustasch med \u00f6nskad densitet.<\/p><h2>Varf\u00f6r utf\u00f6rs mustaschtransplantation?<\/h2><p><strong>Mustaschtransplantation kan utf\u00f6ras av olika sk\u00e4l:<\/strong><\/p><p><strong>Genetiska faktorer:<\/strong> F\u00f6r personer som genetiskt sett har gles eller ingen h\u00e5rv\u00e4xt i mustaschomr\u00e5det.<br \/><strong>Trauma eller br\u00e4nn\u00e4rr:<\/strong> F\u00f6r personer som upplever mustaschf\u00f6rlust p\u00e5 grund av trauma, br\u00e4nn\u00e4rr eller kirurgiska \u00e4rr i ansiktet.<br \/><strong>Estetiska preferenser:<\/strong> F\u00f6r personer som vill ha en fylligare och mer formad mustasch.<br \/><strong>Hormonella obalanser:<\/strong> F\u00f6r personer som inte f\u00e5r h\u00e5r i mustaschomr\u00e5det p\u00e5 grund av hormonella obalanser.<\/p>\t\t\t\t\t\t<\/div>\n\t\t\t\t<\/div>\n\t\t\t\t\t<\/div>\n\t\t<\/div>\n\t\t\t\t\t<\/div>\n\t\t<\/section>\n\t\t<div class=\"elementor-element elementor-element-7ef7e24 e-con-full e-flex e-con e-parent\" data-id=\"7ef7e24\" data-element_type=\"container\" data-settings=\"{&quot;background_background&quot;:&quot;classic&quot;}\" data-core-v316-plus=\"true\">\n\t\t<div class=\"elementor-element elementor-element-8831615 e-con-full e-flex e-con e-child\" data-id=\"8831615\" data-element_type=\"container\">\n\t\t\t\t<div class=\"elementor-element elementor-element-eb256cc elementor-widget elementor-widget-image\" data-id=\"eb256cc\" data-element_type=\"widget\" data-widget_type=\"image.default\">\n\t\t\t\t<div class=\"elementor-widget-container\">\n\t\t\t<style>\/*! elementor - v3.20.0 - 26-03-2024 *\/\n.elementor-widget-image{text-align:center}.elementor-widget-image a{display:inline-block}.elementor-widget-image a img[src$=\".svg\"]{width:48px}.elementor-widget-image img{vertical-align:middle;display:inline-block}<\/style>\t\t\t\t\t\t\t\t\t\t<img fetchpriority=\"high\" decoding=\"async\" width=\"1500\" height=\"1500\" src=\"https:\/\/estoriaclinic.com.tr\/wp-content\/uploads\/2024\/02\/Beard-and-Mustache-Transplantation-1.jpg\" class=\"attachment-full size-full wp-image-10055\" alt=\"\" srcset=\"https:\/\/estoriaclinic.com.tr\/wp-content\/uploads\/2024\/02\/Beard-and-Mustache-Transplantation-1.jpg 1500w, https:\/\/estoriaclinic.com.tr\/wp-content\/uploads\/2024\/02\/Beard-and-Mustache-Transplantation-1-300x300.jpg 300w, https:\/\/estoriaclinic.com.tr\/wp-content\/uploads\/2024\/02\/Beard-and-Mustache-Transplantation-1-1024x1024.jpg 1024w, https:\/\/estoriaclinic.com.tr\/wp-content\/uploads\/2024\/02\/Beard-and-Mustache-Transplantation-1-150x150.jpg 150w, https:\/\/estoriaclinic.com.tr\/wp-content\/uploads\/2024\/02\/Beard-and-Mustache-Transplantation-1-768x768.jpg 768w\" sizes=\"(max-width: 1500px) 100vw, 1500px\" \/>\t\t\t\t\t\t\t\t\t\t\t\t\t<\/div>\n\t\t\t\t<\/div>\n\t\t\t\t<\/div>\n\t\t<div class=\"elementor-element elementor-element-6820c53 e-con-full e-flex e-con e-child\" data-id=\"6820c53\" data-element_type=\"container\">\n\t\t\t\t<div class=\"elementor-element elementor-element-d3bdc37 elementor-widget elementor-widget-text-editor\" data-id=\"d3bdc37\" data-element_type=\"widget\" data-widget_type=\"text-editor.default\">\n\t\t\t\t<div class=\"elementor-widget-container\">\n\t\t\t\t\t\t\t<h2>Hur g\u00f6rs mustaschtransplantation?<\/h2><p><br \/><strong>Konsultation och planering<\/strong><br \/>Det f\u00f6rsta steget \u00e4r att patienten konsulterar en specialist. Under denna konsultation best\u00e4ms patientens f\u00f6rv\u00e4ntningar, mustaschform och densitet. Specialisten utv\u00e4rderar patientens h\u00e5ravfallshistoria och allm\u00e4nna h\u00e4lsostatus.<\/p><p><strong>Rotutdragning fr\u00e5n donatoromr\u00e5det<\/strong><br \/>H\u00e5rfolliklar f\u00f6r mustaschtransplantation tas vanligtvis fr\u00e5n nacken eller bakom \u00f6ronen. H\u00e5ret i detta omr\u00e5de \u00e4r genetiskt predisponerat f\u00f6r att inte falla ut. H\u00e5rs\u00e4ckarna extraheras med hj\u00e4lp av FUE-metoden (Follicular Unit Extraction). I denna metod extraheras enskilda h\u00e5rs\u00e4ckar med hj\u00e4lp av en mikromotor.<\/p><p><strong>Rottransplantation i mustaschomr\u00e5det<\/strong><br \/>H\u00e5rfolliklarna transplanteras till mustaschomr\u00e5det. Under denna procedur anv\u00e4nds lokalbed\u00f6vning och sm\u00e5 kanaler \u00f6ppnas i det omr\u00e5de d\u00e4r folliklarna kommer att placeras. H\u00e5rfolliklarna placeras i en naturlig tillv\u00e4xtriktning och vinkel.<\/p>\t\t\t\t\t\t<\/div>\n\t\t\t\t<\/div>\n\t\t\t\t<\/div>\n\t\t\t\t<\/div>\n\t\t<div class=\"elementor-element elementor-element-ec4c56c e-con-full e-flex e-con e-parent\" data-id=\"ec4c56c\" data-element_type=\"container\" data-settings=\"{&quot;background_background&quot;:&quot;classic&quot;}\" data-core-v316-plus=\"true\">\n\t\t<div class=\"elementor-element elementor-element-f9e491a e-con-full e-flex e-con e-child\" data-id=\"f9e491a\" data-element_type=\"container\">\n\t\t\t\t<div class=\"elementor-element elementor-element-d88d7de elementor-widget elementor-widget-text-editor\" data-id=\"d88d7de\" data-element_type=\"widget\" data-widget_type=\"text-editor.default\">\n\t\t\t\t<div class=\"elementor-widget-container\">\n\t\t\t\t\t\t\t<h2>Sk\u00f6tsel efter mustaschtransplantation<\/h2><p><strong>F\u00f6rsta veckan<\/strong><br \/>Under den f\u00f6rsta veckan b\u00f6r kontakt med mustaschomr\u00e5det undvikas. Ansiktstv\u00e4tt b\u00f6r g\u00f6ras noggrant.<\/p><p><strong>Svullnad och rodnad:<\/strong><br \/>Kalla kompresser kan appliceras f\u00f6r att minska svullnad och rodnad.<\/p><p><strong>Anv\u00e4ndning av mediciner:<\/strong><br \/>Antibiotika och sm\u00e4rtstillande medel som rekommenderas av l\u00e4karen b\u00f6r anv\u00e4ndas regelbundet.<\/p><p><strong>Saker att undvika:<\/strong><br \/>Undvik tung tr\u00e4ning, bastu och \u00e5ngbad under de f\u00f6rsta veckorna.<\/p><p><strong>S\u00f6mnposition:<\/strong><br \/>Att sova i en position d\u00e4r huvudet \u00e4r upph\u00f6jt kan bidra till att minska svullnaden.<\/p>\t\t\t\t\t\t<\/div>\n\t\t\t\t<\/div>\n\t\t\t\t<\/div>\n\t\t<div class=\"elementor-element elementor-element-6d2023a e-con-full e-flex e-con e-child\" data-id=\"6d2023a\" data-element_type=\"container\">\n\t\t\t\t<div class=\"elementor-element elementor-element-42388aa elementor-widget elementor-widget-image\" data-id=\"42388aa\" data-element_type=\"widget\" data-widget_type=\"image.default\">\n\t\t\t\t<div class=\"elementor-widget-container\">\n\t\t\t\t\t\t\t\t\t\t\t\t\t<img decoding=\"async\" width=\"1500\" height=\"1500\" src=\"https:\/\/estoriaclinic.com.tr\/wp-content\/uploads\/2024\/02\/Beard-and-Mustache-Transplantation-2.jpg\" class=\"attachment-full size-full wp-image-10056\" alt=\"\" srcset=\"https:\/\/estoriaclinic.com.tr\/wp-content\/uploads\/2024\/02\/Beard-and-Mustache-Transplantation-2.jpg 1500w, https:\/\/estoriaclinic.com.tr\/wp-content\/uploads\/2024\/02\/Beard-and-Mustache-Transplantation-2-300x300.jpg 300w, https:\/\/estoriaclinic.com.tr\/wp-content\/uploads\/2024\/02\/Beard-and-Mustache-Transplantation-2-1024x1024.jpg 1024w, https:\/\/estoriaclinic.com.tr\/wp-content\/uploads\/2024\/02\/Beard-and-Mustache-Transplantation-2-150x150.jpg 150w, https:\/\/estoriaclinic.com.tr\/wp-content\/uploads\/2024\/02\/Beard-and-Mustache-Transplantation-2-768x768.jpg 768w\" sizes=\"(max-width: 1500px) 100vw, 1500px\" \/>\t\t\t\t\t\t\t\t\t\t\t\t\t<\/div>\n\t\t\t\t<\/div>\n\t\t\t\t<\/div>\n\t\t\t\t<\/div>\n\t\t\t\t<section class=\"elementor-section elementor-top-section elementor-element elementor-element-eb75b31 elementor-section-content-middle elementor-section-boxed elementor-section-height-default elementor-section-height-default\" data-id=\"eb75b31\" data-element_type=\"section\" data-settings=\"{&quot;background_background&quot;:&quot;classic&quot;}\">\n\t\t\t\t\t\t<div class=\"elementor-container elementor-column-gap-default\">\n\t\t\t\t\t<div class=\"elementor-column elementor-col-100 elementor-top-column elementor-element elementor-element-48bddfc\" data-id=\"48bddfc\" data-element_type=\"column\">\n\t\t\t<div class=\"elementor-widget-wrap\">\n\t\t\t\t\t\t\t<\/div>\n\t\t<\/div>\n\t\t\t\t\t<\/div>\n\t\t<\/section>\n\t\t\t\t<div class=\"elementor-section elementor-top-section elementor-element elementor-element-9f0d355 elementor-section-boxed elementor-section-height-default elementor-section-height-default\" data-id=\"9f0d355\" data-element_type=\"section\" data-settings=\"{&quot;background_background&quot;:&quot;gradient&quot;}\">\n\t\t\t\t\t\t<div class=\"elementor-container elementor-column-gap-extended\">\n\t\t\t\t\t<div class=\"elementor-column elementor-col-100 elementor-top-column elementor-element elementor-element-25e0825\" data-id=\"25e0825\" data-element_type=\"column\">\n\t\t\t<div class=\"elementor-widget-wrap elementor-element-populated\">\n\t\t\t\t\t\t<div class=\"elementor-section elementor-inner-section elementor-element elementor-element-e655d2b elementor-section-boxed elementor-section-height-default elementor-section-height-default\" data-id=\"e655d2b\" data-element_type=\"section\" data-settings=\"{&quot;background_background&quot;:&quot;classic&quot;,&quot;animation&quot;:&quot;none&quot;}\">\n\t\t\t\t\t\t<div class=\"elementor-container elementor-column-gap-default\">\n\t\t\t\t\t<div class=\"elementor-column elementor-col-33 elementor-inner-column elementor-element elementor-element-0850519\" data-id=\"0850519\" data-element_type=\"column\">\n\t\t\t<div class=\"elementor-widget-wrap elementor-element-populated\">\n\t\t\t\t\t\t<div class=\"elementor-element elementor-element-0525add elementor-widget elementor-widget-heading\" data-id=\"0525add\" data-element_type=\"widget\" data-widget_type=\"heading.default\">\n\t\t\t\t<div class=\"elementor-widget-container\">\n\t\t\t<style>\/*! elementor - v3.20.0 - 26-03-2024 *\/\n.elementor-heading-title{padding:0;margin:0;line-height:1}.elementor-widget-heading .elementor-heading-title[class*=elementor-size-]>a{color:inherit;font-size:inherit;line-height:inherit}.elementor-widget-heading .elementor-heading-title.elementor-size-small{font-size:15px}.elementor-widget-heading .elementor-heading-title.elementor-size-medium{font-size:19px}.elementor-widget-heading .elementor-heading-title.elementor-size-large{font-size:29px}.elementor-widget-heading .elementor-heading-title.elementor-size-xl{font-size:39px}.elementor-widget-heading .elementor-heading-title.elementor-size-xxl{font-size:59px}<\/style><p class=\"elementor-heading-title elementor-size-default\">Beh\u00f6ver du r\u00e5d fr\u00e5n v\u00e5ra experter?<\/p>\t\t<\/div>\n\t\t\t\t<\/div>\n\t\t\t\t<div class=\"elementor-element elementor-element-5fa5c8a elementor-widget elementor-widget-heading\" data-id=\"5fa5c8a\" data-element_type=\"widget\" data-widget_type=\"heading.default\">\n\t\t\t\t<div class=\"elementor-widget-container\">\n\t\t\t<h3 class=\"elementor-heading-title elementor-size-default\">Beg\u00e4r ett \u00e5teruppringningssamtal idag Nu!<\/h3>\t\t<\/div>\n\t\t\t\t<\/div>\n\t\t\t\t<div class=\"elementor-element elementor-element-94bf539 elementor-widget elementor-widget-text-editor\" data-id=\"94bf539\" data-element_type=\"widget\" data-widget_type=\"text-editor.default\">\n\t\t\t\t<div class=\"elementor-widget-container\">\n\t\t\t\t\t\t\t<div class=\"elementor-element elementor-element-2d32269 elementor-widget__width-initial elementor-widget elementor-widget-text-editor\" data-id=\"2d32269\" data-element_type=\"widget\" data-widget_type=\"text-editor.default\"><div class=\"elementor-widget-container\"><p>P\u00e5 Estoria Clinic \u00e4r vi \u00f6vertygade om att varje transformativ resa b\u00f6rjar med ett meningsfullt samtal.<\/p><\/div><\/div>\t\t\t\t\t\t<\/div>\n\t\t\t\t<\/div>\n\t\t\t\t<div class=\"elementor-element elementor-element-7825596 elementor-widget elementor-widget-image\" data-id=\"7825596\" data-element_type=\"widget\" data-widget_type=\"image.default\">\n\t\t\t\t<div class=\"elementor-widget-container\">\n\t\t\t\t\t\t\t\t\t\t\t\t\t<img decoding=\"async\" width=\"715\" height=\"100\" src=\"https:\/\/estoriaclinic.com.tr\/wp-content\/uploads\/2024\/02\/Country-Flags-Icons.png\" class=\"attachment-full size-full wp-image-9433\" alt=\"\" srcset=\"https:\/\/estoriaclinic.com.tr\/wp-content\/uploads\/2024\/02\/Country-Flags-Icons.png 715w, https:\/\/estoriaclinic.com.tr\/wp-content\/uploads\/2024\/02\/Country-Flags-Icons-300x42.png 300w\" sizes=\"(max-width: 715px) 100vw, 715px\" \/>\t\t\t\t\t\t\t\t\t\t\t\t\t<\/div>\n\t\t\t\t<\/div>\n\t\t\t\t\t<\/div>\n\t\t<\/div>\n\t\t\t\t<div class=\"elementor-column elementor-col-33 elementor-inner-column elementor-element elementor-element-2f78c18\" data-id=\"2f78c18\" data-element_type=\"column\">\n\t\t\t<div class=\"elementor-widget-wrap\">\n\t\t\t\t\t\t\t<\/div>\n\t\t<\/div>\n\t\t\t\t<div class=\"elementor-column elementor-col-33 elementor-inner-column elementor-element elementor-element-164aa08\" data-id=\"164aa08\" data-element_type=\"column\">\n\t\t\t<div class=\"elementor-widget-wrap elementor-element-populated\">\n\t\t\t\t\t\t<div class=\"elementor-element elementor-element-d2ebe19 elementor-widget elementor-widget-shortcode\" data-id=\"d2ebe19\" data-element_type=\"widget\" data-widget_type=\"shortcode.default\">\n\t\t\t\t<div class=\"elementor-widget-container\">\n\t\t\t\t\t<div class=\"elementor-shortcode\">\n<div class=\"wpcf7 no-js\" id=\"wpcf7-f10025-o1\" lang=\"sv-SE\" dir=\"ltr\">\n<div class=\"screen-reader-response\"><p role=\"status\" aria-live=\"polite\" aria-atomic=\"true\"><\/p> <ul><\/ul><\/div>\n<form action=\"\/sv\/wp-json\/wp\/v2\/pages\/10062#wpcf7-f10025-o1\" method=\"post\" class=\"wpcf7-form init\" aria-label=\"Kontaktformul\u00e4r\" novalidate=\"novalidate\" data-status=\"init\">\n<div style=\"display: none;\">\n<input type=\"hidden\" name=\"_wpcf7\" value=\"10025\" \/>\n<input type=\"hidden\" name=\"_wpcf7_version\" value=\"5.8.7\" \/>\n<input type=\"hidden\" name=\"_wpcf7_locale\" value=\"sv_SE\" \/>\n<input type=\"hidden\" name=\"_wpcf7_unit_tag\" value=\"wpcf7-f10025-o1\" \/>\n<input type=\"hidden\" name=\"_wpcf7_container_post\" value=\"0\" \/>\n<input type=\"hidden\" name=\"_wpcf7_posted_data_hash\" value=\"\" \/>\n<\/div>\n<div class=\"rqform\">\n\t<p class=\"form-row\"><span class=\"wpcf7-form-control-wrap\" data-name=\"text-588\"><input size=\"40\" class=\"wpcf7-form-control wpcf7-text wpcf7-validates-as-required\" aria-required=\"true\" aria-invalid=\"false\" placeholder=\"Namn &amp; efternamn *\" value=\"\" type=\"text\" name=\"text-588\" \/><\/span>\n\t<\/p>\n\t<p class=\"form-row\"><span class=\"wpcf7-form-control-wrap\" data-name=\"phonetext-245\"><input size=\"40\" class=\"wpcf7-form-control wpcf7-phonetext wpcf7-validates-as-required wpcf7-text wpcf7-validates-as-phonetext country-form-field-99\" aria-required=\"true\" aria-invalid=\"false\" placeholder=\"\" value=\"\" type=\"text\" name=\"phonetext-245\" \/><input type=\"hidden\" name=\"phonetext-245-country-code\" class=\"wpcf7-phonetext-country-code\" \/><\/span>\n\t<\/p>\n\t<p class=\"form-row\"><span class=\"wpcf7-form-control-wrap\" data-name=\"countrytext-816\"><input size=\"40\" class=\"wpcf7-form-control wpcf7-countrytext wpcf7-validates-as-required wpcf7-text wpcf7-validates-as-countrytext country-form-field-99\" aria-required=\"true\" aria-invalid=\"false\" placeholder=\"Land*\" value=\"\" type=\"text\" name=\"countrytext-816\" \/><\/span>\n\t<\/p>\n\t<p class=\"form-row\" style=\"height: 70px;\" ><span class=\"wpcf7-form-control-wrap\" data-name=\"textarea-988\"><textarea cols=\"40\" rows=\"10\" class=\"wpcf7-form-control wpcf7-textarea wpcf7-validates-as-required\" aria-required=\"true\" aria-invalid=\"false\" placeholder=\"Meddelande...\" name=\"textarea-988\"><\/textarea><\/span>\n\t<\/p>\n\t<p><input class=\"wpcf7-form-control wpcf7-submit has-spinner\" type=\"submit\" value=\"Skicka\" \/>\n\t<\/p>\n<\/div><div class=\"wpcf7-response-output\" aria-hidden=\"true\"><\/div>\n<\/form>\n<\/div>\n<\/div>\n\t\t\t\t<\/div>\n\t\t\t\t<\/div>\n\t\t\t\t\t<\/div>\n\t\t<\/div>\n\t\t\t\t\t<\/div>\n\t\t<\/div>\n\t\t\t\t\t<\/div>\n\t\t<\/div>\n\t\t\t\t\t<\/div>\n\t\t<\/div>\n\t\t\t\t<\/div>\n\t\t","protected":false},"excerpt":{"rendered":"<p>F\u00c5 EN GRATIS KONSULTATION Tala med v\u00e5r expert gratis Vi har uppdaterade scheman, kontaktinformation och l\u00e5ter dig boka tid online. Beg\u00e4r att bli uppringd Vad \u00e4r en mustaschtransplantation? Mustaschtransplantation \u00e4r ett liknande f\u00f6rfarande som h\u00e5rtransplantation. Det inneb\u00e4r att man tar h\u00e5rs\u00e4ckar fr\u00e5n ett annat omr\u00e5de p\u00e5 kroppen (vanligtvis nacken eller bakom \u00f6ronen) och transplanterar dem&#8230;<\/p>\n","protected":false},"author":1,"featured_media":0,"parent":0,"menu_order":0,"comment_status":"closed","ping_status":"closed","template":"tmpl\/template-fullwidth.php","meta":{"_acf_changed":false,"om_disable_all_campaigns":false,"inline_featured_image":true,"_monsterinsights_skip_tracking":false,"_monsterinsights_sitenote_active":false,"_monsterinsights_sitenote_note":"","_monsterinsights_sitenote_category":0,"footnotes":""},"class_list":["post-10062","page","type-page","status-publish","hentry"],"acf":[],"aioseo_notices":[],"_links":{"self":[{"href":"https:\/\/estoriaclinic.com.tr\/sv\/wp-json\/wp\/v2\/pages\/10062","targetHints":{"allow":["GET"]}}],"collection":[{"href":"https:\/\/estoriaclinic.com.tr\/sv\/wp-json\/wp\/v2\/pages"}],"about":[{"href":"https:\/\/estoriaclinic.com.tr\/sv\/wp-json\/wp\/v2\/types\/page"}],"author":[{"embeddable":true,"href":"https:\/\/estoriaclinic.com.tr\/sv\/wp-json\/wp\/v2\/users\/1"}],"replies":[{"embeddable":true,"href":"https:\/\/estoriaclinic.com.tr\/sv\/wp-json\/wp\/v2\/comments?post=10062"}],"version-history":[{"count":0,"href":"https:\/\/estoriaclinic.com.tr\/sv\/wp-json\/wp\/v2\/pages\/10062\/revisions"}],"wp:attachment":[{"href":"https:\/\/estoriaclinic.com.tr\/sv\/wp-json\/wp\/v2\/media?parent=10062"}],"curies":[{"name":"wp","href":"https:\/\/api.w.org\/{rel}","templated":true}]}}