{"id":10085,"date":"2021-07-22T03:31:07","date_gmt":"2021-07-22T00:31:07","guid":{"rendered":"https:\/\/estoriaclinic.com.tr\/prp-mesotheraphy\/"},"modified":"2024-07-30T00:32:09","modified_gmt":"2024-07-29T21:32:09","slug":"prp-mesoterapi","status":"publish","type":"page","link":"https:\/\/estoriaclinic.com.tr\/sv\/prp-mesoterapi\/","title":{"rendered":"PRP &amp; Mesoterapi"},"content":{"rendered":"\t\t<div data-elementor-type=\"wp-page\" data-elementor-id=\"10085\" class=\"elementor elementor-10085 elementor-3432\">\n\t\t\t\t\t\t<div class=\"elementor-section elementor-top-section elementor-element elementor-element-6ad0452 elementor-section-boxed elementor-section-height-default elementor-section-height-default\" data-id=\"6ad0452\" data-element_type=\"section\">\n\t\t\t\t\t\t<div class=\"elementor-container elementor-column-gap-custom\">\n\t\t\t\t\t<div class=\"elementor-column elementor-col-100 elementor-top-column elementor-element elementor-element-c4a93d2\" data-id=\"c4a93d2\" data-element_type=\"column\">\n\t\t\t<div class=\"elementor-widget-wrap elementor-element-populated\">\n\t\t\t\t\t\t<section class=\"elementor-section elementor-inner-section elementor-element elementor-element-06069d5 elementor-section-boxed elementor-section-height-default elementor-section-height-default\" data-id=\"06069d5\" data-element_type=\"section\">\n\t\t\t\t\t\t<div class=\"elementor-container elementor-column-gap-default\">\n\t\t\t\t\t<div class=\"elementor-column elementor-col-50 elementor-inner-column elementor-element elementor-element-6020ab4\" data-id=\"6020ab4\" data-element_type=\"column\">\n\t\t\t<div class=\"elementor-widget-wrap elementor-element-populated\">\n\t\t\t\t\t\t<div class=\"elementor-element elementor-element-e7a3507 elementor-widget elementor-widget-namedical_basic_image_compare\" data-id=\"e7a3507\" data-element_type=\"widget\" data-settings=\"{&quot;before_image&quot;:{&quot;url&quot;:&quot;https:\\\/\\\/estoriaclinic.com.tr\\\/wp-content\\\/uploads\\\/2024\\\/02\\\/PRP-Mesotherapy-Before-1.jpg&quot;,&quot;id&quot;:3436,&quot;size&quot;:&quot;&quot;,&quot;alt&quot;:&quot;&quot;,&quot;source&quot;:&quot;library&quot;},&quot;after_image&quot;:{&quot;url&quot;:&quot;https:\\\/\\\/estoriaclinic.com.tr\\\/wp-content\\\/uploads\\\/2024\\\/02\\\/PRP-Mesotherapy-After-1.jpg&quot;,&quot;id&quot;:3435,&quot;size&quot;:&quot;&quot;,&quot;alt&quot;:&quot;&quot;,&quot;source&quot;:&quot;library&quot;}}\" data-widget_type=\"namedical_basic_image_compare.default\">\n\t\t\t\t<div class=\"elementor-widget-container\">\n\t\t\t<div class=\"namep-compare-wrap\"><div class=\"namep-compare compare-69f21e46eb207-2298\"><\/div><\/div>\r\n\t\t<script type=\"text\/javascript\">\r\n\r\n\t    jQuery(document).ready(function($) {\r\n\r\n\t    \tslider = new juxtapose.JXSlider('.compare-69f21e46eb207-2298',\r\n\t\t    [\r\n\t        {\r\n            src: 'https:\/\/estoriaclinic.com.tr\/wp-content\/uploads\/2024\/02\/PRP-Mesotherapy-Before-1.jpg',\r\n            label: '',\r\n\t        },\r\n\t        {\r\n            src: 'https:\/\/estoriaclinic.com.tr\/wp-content\/uploads\/2024\/02\/PRP-Mesotherapy-After-1.jpg',\r\n            label: '',\r\n\t        }\r\n\t\t    ],\r\n\t\t    {\r\n\t        animate: true,\r\n\t        showLabels: false,\r\n\t        showCredits: false,\r\n\t        startingPosition: \"50%\",\r\n\t        makeResponsive: true,\r\n\t        mode: \"horizontal\",\r\n\t\t    });\r\n\r\n\t    });\r\n\t  <\/script>\r\n\t\t\t<\/div>\n\t\t\t\t<\/div>\n\t\t\t\t\t<\/div>\n\t\t<\/div>\n\t\t\t\t<div class=\"elementor-column elementor-col-50 elementor-inner-column elementor-element elementor-element-9b460ff\" data-id=\"9b460ff\" data-element_type=\"column\">\n\t\t\t<div class=\"elementor-widget-wrap elementor-element-populated\">\n\t\t\t\t\t\t<div class=\"elementor-element elementor-element-c6d7511 elementor-widget elementor-widget-namedical_basic_get_apps\" data-id=\"c6d7511\" data-element_type=\"widget\" data-widget_type=\"namedical_basic_get_apps.default\">\n\t\t\t\t<div class=\"elementor-widget-container\">\n\t\t\t<div class=\"namep-get-apps\">\r\n\t\t\t\t\t\t\t\t<h5>F\u00c5 EN GRATIS KONSULTATION<\/h5><h3 class=\"apps-title\">Tala med v\u00e5r expert gratis<\/h3><p>Vi har uppdaterade scheman, kontaktinformation och l\u00e5ter dig boka tid online.<\/p><div class=\"namep-btn-wrap\"><a href=\"https:\/\/estoriaclinic.com.tr\/sv\/kontakta-oss\/\"   class=\"namep-btn\"style=\" \">Beg\u00e4r att bli uppringd<\/a><\/div><\/div>\t\t<\/div>\n\t\t\t\t<\/div>\n\t\t\t\t\t<\/div>\n\t\t<\/div>\n\t\t\t\t\t<\/div>\n\t\t<\/section>\n\t\t\t\t\t<\/div>\n\t\t<\/div>\n\t\t\t\t\t<\/div>\n\t\t<\/div>\n\t\t\t\t<section class=\"elementor-section elementor-top-section elementor-element elementor-element-8d26f93 elementor-section-content-middle elementor-section-boxed elementor-section-height-default elementor-section-height-default\" data-id=\"8d26f93\" data-element_type=\"section\" data-settings=\"{&quot;background_background&quot;:&quot;classic&quot;}\">\n\t\t\t\t\t\t<div class=\"elementor-container elementor-column-gap-default\">\n\t\t\t\t\t<div class=\"elementor-column elementor-col-100 elementor-top-column elementor-element elementor-element-391ac7d\" data-id=\"391ac7d\" data-element_type=\"column\">\n\t\t\t<div class=\"elementor-widget-wrap elementor-element-populated\">\n\t\t\t\t\t\t<div class=\"elementor-element elementor-element-97147c4 elementor-widget elementor-widget-text-editor\" data-id=\"97147c4\" data-element_type=\"widget\" data-widget_type=\"text-editor.default\">\n\t\t\t\t<div class=\"elementor-widget-container\">\n\t\t\t<style>\/*! elementor - v3.20.0 - 26-03-2024 *\/\n.elementor-widget-text-editor.elementor-drop-cap-view-stacked .elementor-drop-cap{background-color:#69727d;color:#fff}.elementor-widget-text-editor.elementor-drop-cap-view-framed .elementor-drop-cap{color:#69727d;border:3px solid;background-color:transparent}.elementor-widget-text-editor:not(.elementor-drop-cap-view-default) .elementor-drop-cap{margin-top:8px}.elementor-widget-text-editor:not(.elementor-drop-cap-view-default) .elementor-drop-cap-letter{width:1em;height:1em}.elementor-widget-text-editor .elementor-drop-cap{float:left;text-align:center;line-height:1;font-size:50px}.elementor-widget-text-editor .elementor-drop-cap-letter{display:inline-block}<\/style>\t\t\t\t<h2>PRP och mesoterapi:<\/h2><p>PRP (Platelet Rich Plasma) och mesoterapi \u00e4r tv\u00e5 effektiva behandlingar som ofta anv\u00e4nds f\u00f6r att bibeh\u00e5lla hudens h\u00e4lsa och ungdomlighet, f\u00f6rhindra h\u00e5ravfall och f\u00f6rb\u00e4ttra det allm\u00e4nna estetiska utseendet.<\/p><h2>Vad \u00e4r PRP?<\/h2><p>PRP st\u00e5r f\u00f6r trombocytrik plasma och \u00e4r en process d\u00e4r man anv\u00e4nder plasma fr\u00e5n det egna blodet f\u00f6r att behandla olika h\u00e4lsoproblem och estetiska problem. PRP inneh\u00e5ller en h\u00f6g koncentration av blodpl\u00e4ttar. Trombocyterna bidrar inte bara till blodets koagulering utan inneh\u00e5ller ocks\u00e5 tillv\u00e4xtfaktorer som fr\u00e4mjar v\u00e4vnadsl\u00e4kning och -regenerering.<\/p><h2>Vad \u00e4r mesoterapi?<\/h2><p>Mesoterapi \u00e4r en behandling d\u00e4r vitaminer, mineraler, aminosyror och andra n\u00e4rings\u00e4mnen injiceras under huden. Dessa injektioner kan anpassas efter hudens behov och inriktas p\u00e5 specifika problem.<\/p>\t\t\t\t\t\t<\/div>\n\t\t\t\t<\/div>\n\t\t\t\t\t<\/div>\n\t\t<\/div>\n\t\t\t\t\t<\/div>\n\t\t<\/section>\n\t\t<div class=\"elementor-element elementor-element-7ef7e24 e-con-full e-flex e-con e-parent\" data-id=\"7ef7e24\" data-element_type=\"container\" data-settings=\"{&quot;background_background&quot;:&quot;classic&quot;}\" data-core-v316-plus=\"true\">\n\t\t<div class=\"elementor-element elementor-element-8831615 e-con-full e-flex e-con e-child\" data-id=\"8831615\" data-element_type=\"container\">\n\t\t\t\t<div class=\"elementor-element elementor-element-eb256cc elementor-widget elementor-widget-image\" data-id=\"eb256cc\" data-element_type=\"widget\" data-widget_type=\"image.default\">\n\t\t\t\t<div class=\"elementor-widget-container\">\n\t\t\t<style>\/*! elementor - v3.20.0 - 26-03-2024 *\/\n.elementor-widget-image{text-align:center}.elementor-widget-image a{display:inline-block}.elementor-widget-image a img[src$=\".svg\"]{width:48px}.elementor-widget-image img{vertical-align:middle;display:inline-block}<\/style>\t\t\t\t\t\t\t\t\t\t<img fetchpriority=\"high\" decoding=\"async\" width=\"1500\" height=\"1500\" src=\"https:\/\/estoriaclinic.com.tr\/wp-content\/uploads\/2024\/02\/PRP-Mesotheraphy-1.jpg\" class=\"attachment-full size-full wp-image-10088\" alt=\"\" srcset=\"https:\/\/estoriaclinic.com.tr\/wp-content\/uploads\/2024\/02\/PRP-Mesotheraphy-1.jpg 1500w, https:\/\/estoriaclinic.com.tr\/wp-content\/uploads\/2024\/02\/PRP-Mesotheraphy-1-300x300.jpg 300w, https:\/\/estoriaclinic.com.tr\/wp-content\/uploads\/2024\/02\/PRP-Mesotheraphy-1-1024x1024.jpg 1024w, https:\/\/estoriaclinic.com.tr\/wp-content\/uploads\/2024\/02\/PRP-Mesotheraphy-1-150x150.jpg 150w, https:\/\/estoriaclinic.com.tr\/wp-content\/uploads\/2024\/02\/PRP-Mesotheraphy-1-768x768.jpg 768w\" sizes=\"(max-width: 1500px) 100vw, 1500px\" \/>\t\t\t\t\t\t\t\t\t\t\t\t\t<\/div>\n\t\t\t\t<\/div>\n\t\t\t\t<\/div>\n\t\t<div class=\"elementor-element elementor-element-6820c53 e-con-full e-flex e-con e-child\" data-id=\"6820c53\" data-element_type=\"container\">\n\t\t\t\t<div class=\"elementor-element elementor-element-d3bdc37 elementor-widget elementor-widget-text-editor\" data-id=\"d3bdc37\" data-element_type=\"widget\" data-widget_type=\"text-editor.default\">\n\t\t\t\t<div class=\"elementor-widget-container\">\n\t\t\t\t\t\t\t<h2>Hur erh\u00e5lls PRP?<\/h2><h3>Processen f\u00f6r att erh\u00e5lla PRP best\u00e5r av flera steg:<\/h3><p><strong>Blodinsamling:<\/strong> Lite blod tas fr\u00e5n den person som ska behandlas.<br \/><strong>Centrifugeringsprocess:<\/strong> Blodet separeras i sina komponenter genom att snurra med h\u00f6g hastighet i en speciell centrifuganordning. Tack vare denna process blir plasman rik p\u00e5 blodpl\u00e4ttar.<br \/><strong>Injektion:<\/strong> Den erh\u00e5llna PRP:n injiceras i det omr\u00e5de som ska behandlas med hj\u00e4lp av fina n\u00e5lar.<\/p><h3>PRP-behandling har m\u00e5nga till\u00e4mpningsomr\u00e5den:<\/h3><p><strong>Hudf\u00f6ryngring:<\/strong> PRP \u00f6kar kollagenproduktionen, vilket g\u00f6r att huden ser yngre och friskare ut.<br \/><strong>H\u00e5ravfall:<\/strong> Genom att st\u00e4rka h\u00e5rs\u00e4ckarna stoppas h\u00e5ravfall och ny h\u00e5rv\u00e4xt stimuleras.<br \/><strong>Ortopedi:<\/strong> Det anv\u00e4nds vid behandling av idrottsskador, muskel- och ledproblem.<\/p>\t\t\t\t\t\t<\/div>\n\t\t\t\t<\/div>\n\t\t\t\t<\/div>\n\t\t\t\t<\/div>\n\t\t<div class=\"elementor-element elementor-element-ec4c56c e-con-full e-flex e-con e-parent\" data-id=\"ec4c56c\" data-element_type=\"container\" data-settings=\"{&quot;background_background&quot;:&quot;classic&quot;}\" data-core-v316-plus=\"true\">\n\t\t<div class=\"elementor-element elementor-element-f9e491a e-con-full e-flex e-con e-child\" data-id=\"f9e491a\" data-element_type=\"container\">\n\t\t\t\t<div class=\"elementor-element elementor-element-d88d7de elementor-widget elementor-widget-text-editor\" data-id=\"d88d7de\" data-element_type=\"widget\" data-widget_type=\"text-editor.default\">\n\t\t\t\t<div class=\"elementor-widget-container\">\n\t\t\t\t\t\t\t<h2>Hur till\u00e4mpas mesoterapi?<\/h2><h3>Mesoterapianv\u00e4ndning best\u00e5r av f\u00f6ljande steg:<\/h3><p><strong>F\u00f6rberedelse:<\/strong> Huden reng\u00f6rs och desinficeras.<br \/><strong>Mikroinjektioner:<\/strong> Den beredda mesoterapiblandningen injiceras i det mellersta hudlagret med fina n\u00e5lar. Denna procedur utf\u00f6rs vanligtvis i form av flera sm\u00e5 injektioner.<br \/><strong>Behandlingsprocess:<\/strong>Mesoterapi administreras vanligtvis i flera sessioner. Antalet sessioner varierar beroende p\u00e5 vilket omr\u00e5de som behandlas och hur allvarligt problemet \u00e4r.<\/p><h3>Mesoterapi anv\u00e4nds f\u00f6r ett brett spektrum av estetiska problem:<\/h3><p><strong>Hudf\u00f6ryngring:<\/strong> F\u00f6rb\u00e4ttrar hudtonen och minskar fina linjer och rynkor.<br \/><strong>Cellulitbehandling:<\/strong> Minskar uppkomsten av celluliter och stramar upp hudv\u00e4vnaden.<br \/><strong>Regional bantning:<\/strong> Ger regional f\u00f6rtunning genom att minska fettv\u00e4vnaden.<br \/><strong>H\u00e5rbehandling:<\/strong> Stoppar h\u00e5ravfall och fr\u00e4mjar h\u00e5rv\u00e4xt.<\/p>\t\t\t\t\t\t<\/div>\n\t\t\t\t<\/div>\n\t\t\t\t<\/div>\n\t\t<div class=\"elementor-element elementor-element-6d2023a e-con-full e-flex e-con e-child\" data-id=\"6d2023a\" data-element_type=\"container\">\n\t\t\t\t<div class=\"elementor-element elementor-element-42388aa elementor-widget elementor-widget-image\" data-id=\"42388aa\" data-element_type=\"widget\" data-widget_type=\"image.default\">\n\t\t\t\t<div class=\"elementor-widget-container\">\n\t\t\t\t\t\t\t\t\t\t\t\t\t<img decoding=\"async\" width=\"1500\" height=\"1500\" src=\"https:\/\/estoriaclinic.com.tr\/wp-content\/uploads\/2024\/02\/PRP-Mesotheraphy-2.jpg\" class=\"attachment-full size-full wp-image-10089\" alt=\"\" srcset=\"https:\/\/estoriaclinic.com.tr\/wp-content\/uploads\/2024\/02\/PRP-Mesotheraphy-2.jpg 1500w, https:\/\/estoriaclinic.com.tr\/wp-content\/uploads\/2024\/02\/PRP-Mesotheraphy-2-300x300.jpg 300w, https:\/\/estoriaclinic.com.tr\/wp-content\/uploads\/2024\/02\/PRP-Mesotheraphy-2-1024x1024.jpg 1024w, https:\/\/estoriaclinic.com.tr\/wp-content\/uploads\/2024\/02\/PRP-Mesotheraphy-2-150x150.jpg 150w, https:\/\/estoriaclinic.com.tr\/wp-content\/uploads\/2024\/02\/PRP-Mesotheraphy-2-768x768.jpg 768w\" sizes=\"(max-width: 1500px) 100vw, 1500px\" \/>\t\t\t\t\t\t\t\t\t\t\t\t\t<\/div>\n\t\t\t\t<\/div>\n\t\t\t\t<\/div>\n\t\t\t\t<\/div>\n\t\t\t\t<section class=\"elementor-section elementor-top-section elementor-element elementor-element-eb75b31 elementor-section-content-middle elementor-section-boxed elementor-section-height-default elementor-section-height-default\" data-id=\"eb75b31\" data-element_type=\"section\" data-settings=\"{&quot;background_background&quot;:&quot;classic&quot;}\">\n\t\t\t\t\t\t<div class=\"elementor-container elementor-column-gap-default\">\n\t\t\t\t\t<div class=\"elementor-column elementor-col-100 elementor-top-column elementor-element elementor-element-b52a861\" data-id=\"b52a861\" data-element_type=\"column\">\n\t\t\t<div class=\"elementor-widget-wrap\">\n\t\t\t\t\t\t\t<\/div>\n\t\t<\/div>\n\t\t\t\t\t<\/div>\n\t\t<\/section>\n\t\t\t\t<div class=\"elementor-section elementor-top-section elementor-element elementor-element-a96a087 elementor-section-boxed elementor-section-height-default elementor-section-height-default\" data-id=\"a96a087\" data-element_type=\"section\" data-settings=\"{&quot;background_background&quot;:&quot;gradient&quot;}\">\n\t\t\t\t\t\t<div class=\"elementor-container elementor-column-gap-extended\">\n\t\t\t\t\t<div class=\"elementor-column elementor-col-100 elementor-top-column elementor-element elementor-element-59e4d40\" data-id=\"59e4d40\" data-element_type=\"column\">\n\t\t\t<div class=\"elementor-widget-wrap elementor-element-populated\">\n\t\t\t\t\t\t<div class=\"elementor-section elementor-inner-section elementor-element elementor-element-41fcc36 elementor-section-boxed elementor-section-height-default elementor-section-height-default\" data-id=\"41fcc36\" data-element_type=\"section\" data-settings=\"{&quot;background_background&quot;:&quot;classic&quot;,&quot;animation&quot;:&quot;none&quot;}\">\n\t\t\t\t\t\t<div class=\"elementor-container elementor-column-gap-default\">\n\t\t\t\t\t<div class=\"elementor-column elementor-col-33 elementor-inner-column elementor-element elementor-element-7ce26cc\" data-id=\"7ce26cc\" data-element_type=\"column\">\n\t\t\t<div class=\"elementor-widget-wrap elementor-element-populated\">\n\t\t\t\t\t\t<div class=\"elementor-element elementor-element-7fcc628 elementor-widget elementor-widget-heading\" data-id=\"7fcc628\" data-element_type=\"widget\" data-widget_type=\"heading.default\">\n\t\t\t\t<div class=\"elementor-widget-container\">\n\t\t\t<style>\/*! elementor - v3.20.0 - 26-03-2024 *\/\n.elementor-heading-title{padding:0;margin:0;line-height:1}.elementor-widget-heading .elementor-heading-title[class*=elementor-size-]>a{color:inherit;font-size:inherit;line-height:inherit}.elementor-widget-heading .elementor-heading-title.elementor-size-small{font-size:15px}.elementor-widget-heading .elementor-heading-title.elementor-size-medium{font-size:19px}.elementor-widget-heading .elementor-heading-title.elementor-size-large{font-size:29px}.elementor-widget-heading .elementor-heading-title.elementor-size-xl{font-size:39px}.elementor-widget-heading .elementor-heading-title.elementor-size-xxl{font-size:59px}<\/style><p class=\"elementor-heading-title elementor-size-default\">Beh\u00f6ver du r\u00e5d fr\u00e5n v\u00e5ra experter?<\/p>\t\t<\/div>\n\t\t\t\t<\/div>\n\t\t\t\t<div class=\"elementor-element elementor-element-59e5d6b elementor-widget elementor-widget-heading\" data-id=\"59e5d6b\" data-element_type=\"widget\" data-widget_type=\"heading.default\">\n\t\t\t\t<div class=\"elementor-widget-container\">\n\t\t\t<h3 class=\"elementor-heading-title elementor-size-default\">Beg\u00e4r ett \u00e5teruppringningssamtal idag Nu!<\/h3>\t\t<\/div>\n\t\t\t\t<\/div>\n\t\t\t\t<div class=\"elementor-element elementor-element-e0d05b8 elementor-widget elementor-widget-text-editor\" data-id=\"e0d05b8\" data-element_type=\"widget\" data-widget_type=\"text-editor.default\">\n\t\t\t\t<div class=\"elementor-widget-container\">\n\t\t\t\t\t\t\t<div class=\"elementor-element elementor-element-2d32269 elementor-widget__width-initial elementor-widget elementor-widget-text-editor\" data-id=\"2d32269\" data-element_type=\"widget\" data-widget_type=\"text-editor.default\"><div class=\"elementor-widget-container\"><p>P\u00e5 Estoria Clinic \u00e4r vi \u00f6vertygade om att varje transformativ resa b\u00f6rjar med ett meningsfullt samtal.<\/p><\/div><\/div>\t\t\t\t\t\t<\/div>\n\t\t\t\t<\/div>\n\t\t\t\t<div class=\"elementor-element elementor-element-7c88198 elementor-widget elementor-widget-image\" data-id=\"7c88198\" data-element_type=\"widget\" data-widget_type=\"image.default\">\n\t\t\t\t<div class=\"elementor-widget-container\">\n\t\t\t\t\t\t\t\t\t\t\t\t\t<img decoding=\"async\" width=\"715\" height=\"100\" src=\"https:\/\/estoriaclinic.com.tr\/wp-content\/uploads\/2024\/02\/Country-Flags-Icons.png\" class=\"attachment-full size-full wp-image-9433\" alt=\"\" srcset=\"https:\/\/estoriaclinic.com.tr\/wp-content\/uploads\/2024\/02\/Country-Flags-Icons.png 715w, https:\/\/estoriaclinic.com.tr\/wp-content\/uploads\/2024\/02\/Country-Flags-Icons-300x42.png 300w\" sizes=\"(max-width: 715px) 100vw, 715px\" \/>\t\t\t\t\t\t\t\t\t\t\t\t\t<\/div>\n\t\t\t\t<\/div>\n\t\t\t\t\t<\/div>\n\t\t<\/div>\n\t\t\t\t<div class=\"elementor-column elementor-col-33 elementor-inner-column elementor-element elementor-element-fce336c\" data-id=\"fce336c\" data-element_type=\"column\">\n\t\t\t<div class=\"elementor-widget-wrap\">\n\t\t\t\t\t\t\t<\/div>\n\t\t<\/div>\n\t\t\t\t<div class=\"elementor-column elementor-col-33 elementor-inner-column elementor-element elementor-element-2ee0eb5\" data-id=\"2ee0eb5\" data-element_type=\"column\">\n\t\t\t<div class=\"elementor-widget-wrap elementor-element-populated\">\n\t\t\t\t\t\t<div class=\"elementor-element elementor-element-9815329 elementor-widget elementor-widget-shortcode\" data-id=\"9815329\" data-element_type=\"widget\" data-widget_type=\"shortcode.default\">\n\t\t\t\t<div class=\"elementor-widget-container\">\n\t\t\t\t\t<div class=\"elementor-shortcode\">\n<div class=\"wpcf7 no-js\" id=\"wpcf7-f10025-o1\" lang=\"sv-SE\" dir=\"ltr\">\n<div class=\"screen-reader-response\"><p role=\"status\" aria-live=\"polite\" aria-atomic=\"true\"><\/p> <ul><\/ul><\/div>\n<form action=\"\/sv\/wp-json\/wp\/v2\/pages\/10085#wpcf7-f10025-o1\" method=\"post\" class=\"wpcf7-form init\" aria-label=\"Kontaktformul\u00e4r\" novalidate=\"novalidate\" data-status=\"init\">\n<div style=\"display: none;\">\n<input type=\"hidden\" name=\"_wpcf7\" value=\"10025\" \/>\n<input type=\"hidden\" name=\"_wpcf7_version\" value=\"5.8.7\" \/>\n<input type=\"hidden\" name=\"_wpcf7_locale\" value=\"sv_SE\" \/>\n<input type=\"hidden\" name=\"_wpcf7_unit_tag\" value=\"wpcf7-f10025-o1\" \/>\n<input type=\"hidden\" name=\"_wpcf7_container_post\" value=\"0\" \/>\n<input type=\"hidden\" name=\"_wpcf7_posted_data_hash\" value=\"\" \/>\n<\/div>\n<div class=\"rqform\">\n\t<p class=\"form-row\"><span class=\"wpcf7-form-control-wrap\" data-name=\"text-588\"><input size=\"40\" class=\"wpcf7-form-control wpcf7-text wpcf7-validates-as-required\" aria-required=\"true\" aria-invalid=\"false\" placeholder=\"Namn &amp; efternamn *\" value=\"\" type=\"text\" name=\"text-588\" \/><\/span>\n\t<\/p>\n\t<p class=\"form-row\"><span class=\"wpcf7-form-control-wrap\" data-name=\"phonetext-245\"><input size=\"40\" class=\"wpcf7-form-control wpcf7-phonetext wpcf7-validates-as-required wpcf7-text wpcf7-validates-as-phonetext country-form-field-99\" aria-required=\"true\" aria-invalid=\"false\" placeholder=\"\" value=\"\" type=\"text\" name=\"phonetext-245\" \/><input type=\"hidden\" name=\"phonetext-245-country-code\" class=\"wpcf7-phonetext-country-code\" \/><\/span>\n\t<\/p>\n\t<p class=\"form-row\"><span class=\"wpcf7-form-control-wrap\" data-name=\"countrytext-816\"><input size=\"40\" class=\"wpcf7-form-control wpcf7-countrytext wpcf7-validates-as-required wpcf7-text wpcf7-validates-as-countrytext country-form-field-99\" aria-required=\"true\" aria-invalid=\"false\" placeholder=\"Land*\" value=\"\" type=\"text\" name=\"countrytext-816\" \/><\/span>\n\t<\/p>\n\t<p class=\"form-row\" style=\"height: 70px;\" ><span class=\"wpcf7-form-control-wrap\" data-name=\"textarea-988\"><textarea cols=\"40\" rows=\"10\" class=\"wpcf7-form-control wpcf7-textarea wpcf7-validates-as-required\" aria-required=\"true\" aria-invalid=\"false\" placeholder=\"Meddelande...\" name=\"textarea-988\"><\/textarea><\/span>\n\t<\/p>\n\t<p><input class=\"wpcf7-form-control wpcf7-submit has-spinner\" type=\"submit\" value=\"Skicka\" \/>\n\t<\/p>\n<\/div><div class=\"wpcf7-response-output\" aria-hidden=\"true\"><\/div>\n<\/form>\n<\/div>\n<\/div>\n\t\t\t\t<\/div>\n\t\t\t\t<\/div>\n\t\t\t\t\t<\/div>\n\t\t<\/div>\n\t\t\t\t\t<\/div>\n\t\t<\/div>\n\t\t\t\t\t<\/div>\n\t\t<\/div>\n\t\t\t\t\t<\/div>\n\t\t<\/div>\n\t\t\t\t<\/div>\n\t\t","protected":false},"excerpt":{"rendered":"<p>F\u00c5 EN GRATIS KONSULTATION Tala med v\u00e5r expert gratis Vi har uppdaterade scheman, kontaktinformation och l\u00e5ter dig boka tid online. Beg\u00e4r att bli uppringd PRP och mesoterapi: PRP (Platelet Rich Plasma) och mesoterapi \u00e4r tv\u00e5 effektiva behandlingar som ofta anv\u00e4nds f\u00f6r att bibeh\u00e5lla hudens h\u00e4lsa och ungdomlighet, f\u00f6rhindra h\u00e5ravfall och f\u00f6rb\u00e4ttra det allm\u00e4nna estetiska utseendet&#8230;.<\/p>\n","protected":false},"author":1,"featured_media":0,"parent":0,"menu_order":0,"comment_status":"closed","ping_status":"closed","template":"tmpl\/template-fullwidth.php","meta":{"_acf_changed":false,"om_disable_all_campaigns":false,"inline_featured_image":true,"_monsterinsights_skip_tracking":false,"_monsterinsights_sitenote_active":false,"_monsterinsights_sitenote_note":"","_monsterinsights_sitenote_category":0,"footnotes":""},"class_list":["post-10085","page","type-page","status-publish","hentry"],"acf":[],"aioseo_notices":[],"_links":{"self":[{"href":"https:\/\/estoriaclinic.com.tr\/sv\/wp-json\/wp\/v2\/pages\/10085","targetHints":{"allow":["GET"]}}],"collection":[{"href":"https:\/\/estoriaclinic.com.tr\/sv\/wp-json\/wp\/v2\/pages"}],"about":[{"href":"https:\/\/estoriaclinic.com.tr\/sv\/wp-json\/wp\/v2\/types\/page"}],"author":[{"embeddable":true,"href":"https:\/\/estoriaclinic.com.tr\/sv\/wp-json\/wp\/v2\/users\/1"}],"replies":[{"embeddable":true,"href":"https:\/\/estoriaclinic.com.tr\/sv\/wp-json\/wp\/v2\/comments?post=10085"}],"version-history":[{"count":0,"href":"https:\/\/estoriaclinic.com.tr\/sv\/wp-json\/wp\/v2\/pages\/10085\/revisions"}],"wp:attachment":[{"href":"https:\/\/estoriaclinic.com.tr\/sv\/wp-json\/wp\/v2\/media?parent=10085"}],"curies":[{"name":"wp","href":"https:\/\/api.w.org\/{rel}","templated":true}]}}