{"id":10331,"date":"2021-07-22T03:31:07","date_gmt":"2021-07-22T00:31:07","guid":{"rendered":"https:\/\/estoriaclinic.com.tr\/epilation\/"},"modified":"2024-08-07T11:46:40","modified_gmt":"2024-08-07T08:46:40","slug":"epilering","status":"publish","type":"page","link":"https:\/\/estoriaclinic.com.tr\/sv\/epilering\/","title":{"rendered":"Epilering"},"content":{"rendered":"\t\t<div data-elementor-type=\"wp-page\" data-elementor-id=\"10331\" class=\"elementor elementor-10331 elementor-4258\">\n\t\t\t\t\t\t<div class=\"elementor-section elementor-top-section elementor-element elementor-element-6ad0452 elementor-section-boxed elementor-section-height-default elementor-section-height-default\" data-id=\"6ad0452\" data-element_type=\"section\">\n\t\t\t\t\t\t<div class=\"elementor-container elementor-column-gap-custom\">\n\t\t\t\t\t<div class=\"elementor-column elementor-col-100 elementor-top-column elementor-element elementor-element-c4a93d2\" data-id=\"c4a93d2\" data-element_type=\"column\">\n\t\t\t<div class=\"elementor-widget-wrap elementor-element-populated\">\n\t\t\t\t\t\t<section class=\"elementor-section elementor-inner-section elementor-element elementor-element-06069d5 elementor-section-boxed elementor-section-height-default elementor-section-height-default\" data-id=\"06069d5\" data-element_type=\"section\">\n\t\t\t\t\t\t<div class=\"elementor-container elementor-column-gap-default\">\n\t\t\t\t\t<div class=\"elementor-column elementor-col-50 elementor-inner-column elementor-element elementor-element-6020ab4\" data-id=\"6020ab4\" data-element_type=\"column\">\n\t\t\t<div class=\"elementor-widget-wrap elementor-element-populated\">\n\t\t\t\t\t\t<div class=\"elementor-element elementor-element-0305cfb elementor-widget elementor-widget-namedical_basic_image_compare\" data-id=\"0305cfb\" data-element_type=\"widget\" data-settings=\"{&quot;before_image&quot;:{&quot;url&quot;:&quot;https:\\\/\\\/estoriaclinic.com.tr\\\/wp-content\\\/uploads\\\/2024\\\/02\\\/epilation_before_1.jpg&quot;,&quot;id&quot;:4264,&quot;size&quot;:&quot;&quot;,&quot;alt&quot;:&quot;&quot;,&quot;source&quot;:&quot;library&quot;},&quot;after_image&quot;:{&quot;url&quot;:&quot;https:\\\/\\\/estoriaclinic.com.tr\\\/wp-content\\\/uploads\\\/2024\\\/02\\\/epilation_after_1.jpg&quot;,&quot;id&quot;:4263,&quot;size&quot;:&quot;&quot;,&quot;alt&quot;:&quot;&quot;,&quot;source&quot;:&quot;library&quot;}}\" data-widget_type=\"namedical_basic_image_compare.default\">\n\t\t\t\t<div class=\"elementor-widget-container\">\n\t\t\t<div class=\"namep-compare-wrap\"><div class=\"namep-compare compare-69ea8c741a44e-5843\"><\/div><\/div>\r\n\t\t<script type=\"text\/javascript\">\r\n\r\n\t    jQuery(document).ready(function($) {\r\n\r\n\t    \tslider = new juxtapose.JXSlider('.compare-69ea8c741a44e-5843',\r\n\t\t    [\r\n\t        {\r\n            src: 'https:\/\/estoriaclinic.com.tr\/wp-content\/uploads\/2024\/02\/epilation_before_1.jpg',\r\n            label: '',\r\n\t        },\r\n\t        {\r\n            src: 'https:\/\/estoriaclinic.com.tr\/wp-content\/uploads\/2024\/02\/epilation_after_1.jpg',\r\n            label: '',\r\n\t        }\r\n\t\t    ],\r\n\t\t    {\r\n\t        animate: true,\r\n\t        showLabels: false,\r\n\t        showCredits: false,\r\n\t        startingPosition: \"50%\",\r\n\t        makeResponsive: true,\r\n\t        mode: \"horizontal\",\r\n\t\t    });\r\n\r\n\t    });\r\n\t  <\/script>\r\n\t\t\t<\/div>\n\t\t\t\t<\/div>\n\t\t\t\t\t<\/div>\n\t\t<\/div>\n\t\t\t\t<div class=\"elementor-column elementor-col-50 elementor-inner-column elementor-element elementor-element-9b460ff\" data-id=\"9b460ff\" data-element_type=\"column\">\n\t\t\t<div class=\"elementor-widget-wrap elementor-element-populated\">\n\t\t\t\t\t\t<div class=\"elementor-element elementor-element-94f5a66 elementor-widget elementor-widget-namedical_basic_get_apps\" data-id=\"94f5a66\" data-element_type=\"widget\" data-widget_type=\"namedical_basic_get_apps.default\">\n\t\t\t\t<div class=\"elementor-widget-container\">\n\t\t\t<div class=\"namep-get-apps\">\r\n\t\t\t\t\t\t\t\t<h5>F\u00c5 EN GRATIS KONSULTATION<\/h5><h3 class=\"apps-title\">Tala med v\u00e5r expert gratis<\/h3><p>Vi har uppdaterade scheman, kontaktinformation och l\u00e5ter dig boka tid online.<\/p><div class=\"namep-btn-wrap\"><a href=\"https:\/\/estoriaclinic.com.tr\/sv\/kontakta-oss\/\"   class=\"namep-btn\"style=\" \">Beg\u00e4r att bli uppringd<\/a><\/div><\/div>\t\t<\/div>\n\t\t\t\t<\/div>\n\t\t\t\t\t<\/div>\n\t\t<\/div>\n\t\t\t\t\t<\/div>\n\t\t<\/section>\n\t\t\t\t\t<\/div>\n\t\t<\/div>\n\t\t\t\t\t<\/div>\n\t\t<\/div>\n\t\t\t\t<section class=\"elementor-section elementor-top-section elementor-element elementor-element-8d26f93 elementor-section-content-middle elementor-section-boxed elementor-section-height-default elementor-section-height-default\" data-id=\"8d26f93\" data-element_type=\"section\" data-settings=\"{&quot;background_background&quot;:&quot;classic&quot;}\">\n\t\t\t\t\t\t<div class=\"elementor-container elementor-column-gap-default\">\n\t\t\t\t\t<div class=\"elementor-column elementor-col-100 elementor-top-column elementor-element elementor-element-391ac7d\" data-id=\"391ac7d\" data-element_type=\"column\">\n\t\t\t<div class=\"elementor-widget-wrap elementor-element-populated\">\n\t\t\t\t\t\t<div class=\"elementor-element elementor-element-97147c4 elementor-widget elementor-widget-text-editor\" data-id=\"97147c4\" data-element_type=\"widget\" data-widget_type=\"text-editor.default\">\n\t\t\t\t<div class=\"elementor-widget-container\">\n\t\t\t<style>\/*! elementor - v3.20.0 - 26-03-2024 *\/\n.elementor-widget-text-editor.elementor-drop-cap-view-stacked .elementor-drop-cap{background-color:#69727d;color:#fff}.elementor-widget-text-editor.elementor-drop-cap-view-framed .elementor-drop-cap{color:#69727d;border:3px solid;background-color:transparent}.elementor-widget-text-editor:not(.elementor-drop-cap-view-default) .elementor-drop-cap{margin-top:8px}.elementor-widget-text-editor:not(.elementor-drop-cap-view-default) .elementor-drop-cap-letter{width:1em;height:1em}.elementor-widget-text-editor .elementor-drop-cap{float:left;text-align:center;line-height:1;font-size:50px}.elementor-widget-text-editor .elementor-drop-cap-letter{display:inline-block}<\/style>\t\t\t\t<h2>B\u00e4sta h\u00e5rborttagningsteknikerna f\u00f6r sl\u00e4t hud<\/h2><p>De b\u00e4sta h\u00e5rborttagningsteknikerna f\u00f6r sl\u00e4t hud inkluderar h\u00e5rborttagning med laser, IPL (Intense Pulsed Light) h\u00e5rborttagning, elektrolys och vaxning. Laserepilering ger l\u00e5ngvariga resultat och \u00e4r effektiv p\u00e5 m\u00f6rkare h\u00e5rstr\u00e5n. IPL \u00e4r en snabb och effektiv metod p\u00e5 stora hudomr\u00e5den. Elektrolys ger permanent h\u00e5rborttagning men \u00e4r mer tidskr\u00e4vande. Vaxning, \u00e5 andra sidan, ger sl\u00e4t hud genom att ta bort h\u00e5r fr\u00e5n roten och kan hj\u00e4lpa till att minska h\u00e5ret med regelbunden anv\u00e4ndning.<\/p>\t\t\t\t\t\t<\/div>\n\t\t\t\t<\/div>\n\t\t\t\t\t<\/div>\n\t\t<\/div>\n\t\t\t\t\t<\/div>\n\t\t<\/section>\n\t\t<div class=\"elementor-element elementor-element-7ef7e24 e-con-full e-flex e-con e-parent\" data-id=\"7ef7e24\" data-element_type=\"container\" data-settings=\"{&quot;background_background&quot;:&quot;classic&quot;}\" data-core-v316-plus=\"true\">\n\t\t<div class=\"elementor-element elementor-element-8831615 e-con-full e-flex e-con e-child\" data-id=\"8831615\" data-element_type=\"container\">\n\t\t\t\t<div class=\"elementor-element elementor-element-eb256cc elementor-widget elementor-widget-image\" data-id=\"eb256cc\" data-element_type=\"widget\" data-widget_type=\"image.default\">\n\t\t\t\t<div class=\"elementor-widget-container\">\n\t\t\t<style>\/*! elementor - v3.20.0 - 26-03-2024 *\/\n.elementor-widget-image{text-align:center}.elementor-widget-image a{display:inline-block}.elementor-widget-image a img[src$=\".svg\"]{width:48px}.elementor-widget-image img{vertical-align:middle;display:inline-block}<\/style>\t\t\t\t\t\t\t\t\t\t<img fetchpriority=\"high\" decoding=\"async\" width=\"1500\" height=\"1500\" src=\"https:\/\/estoriaclinic.com.tr\/wp-content\/uploads\/2024\/02\/Epilation_2.jpg\" class=\"attachment-full size-full wp-image-10332\" alt=\"\" srcset=\"https:\/\/estoriaclinic.com.tr\/wp-content\/uploads\/2024\/02\/Epilation_2.jpg 1500w, https:\/\/estoriaclinic.com.tr\/wp-content\/uploads\/2024\/02\/Epilation_2-300x300.jpg 300w, https:\/\/estoriaclinic.com.tr\/wp-content\/uploads\/2024\/02\/Epilation_2-1024x1024.jpg 1024w, https:\/\/estoriaclinic.com.tr\/wp-content\/uploads\/2024\/02\/Epilation_2-150x150.jpg 150w, https:\/\/estoriaclinic.com.tr\/wp-content\/uploads\/2024\/02\/Epilation_2-768x768.jpg 768w\" sizes=\"(max-width: 1500px) 100vw, 1500px\" \/>\t\t\t\t\t\t\t\t\t\t\t\t\t<\/div>\n\t\t\t\t<\/div>\n\t\t\t\t<\/div>\n\t\t<div class=\"elementor-element elementor-element-6820c53 e-con-full e-flex e-con e-child\" data-id=\"6820c53\" data-element_type=\"container\">\n\t\t\t\t<div class=\"elementor-element elementor-element-d3bdc37 elementor-widget elementor-widget-text-editor\" data-id=\"d3bdc37\" data-element_type=\"widget\" data-widget_type=\"text-editor.default\">\n\t\t\t\t<div class=\"elementor-widget-container\">\n\t\t\t\t\t\t\t<h2>H\u00e5rborttagning: Permanenta s\u00e4tt att bli av med fint h\u00e5r<\/h2><p>Laserh\u00e5rborttagning och elektrolys \u00e4r de mest effektiva metoderna f\u00f6r att bli av med fint h\u00e5r permanent. Medan laserepilering f\u00f6rst\u00f6r h\u00e5rs\u00e4ckarna, f\u00f6rst\u00f6r elektrolys varje h\u00e5rs\u00e4ck med elektrisk str\u00f6m. Dessa metoder kr\u00e4ver regelbundna sessioner och b\u00f6r anpassas till hudtyp och h\u00e5rstruktur. Resultaten ger permanent h\u00e5rreducering och f\u00f6rhindrar \u00e5terv\u00e4xt av fint h\u00e5r.<\/p><h2>De mest p\u00e5litliga h\u00e5rborttagningsmetoderna f\u00f6r k\u00e4nslig hud<\/h2><p>De mest tillf\u00f6rlitliga h\u00e5rborttagningsmetoderna f\u00f6r k\u00e4nslig hud \u00e4r IPL, epilatorer och h\u00e5rborttagningskr\u00e4mer som \u00e4r speciellt framtagna f\u00f6r k\u00e4nslig hud. IPL reducerar h\u00e5r utan att irritera huden. Epilatorer ger sl\u00e4t hud genom att dra h\u00e5ret fr\u00e5n roten. Med h\u00e5rborttagningskr\u00e4mer som \u00e4r framtagna f\u00f6r k\u00e4nslig hud minimeras de kemiska biverkningarna. Dessa metoder g\u00f6r att du kan bli av med h\u00e5r utan att orsaka rodnad och irritation p\u00e5 huden.<\/p><h2>Epilering och hudv\u00e5rd: Tips f\u00f6r en sl\u00e4t look<\/h2><p>Hudv\u00e5rd efter epilering \u00e4r avg\u00f6rande f\u00f6r ett j\u00e4mnt utseende. Reng\u00f6ring och \u00e5terfuktning av huden f\u00f6re epilering g\u00f6r proceduren mer effektiv. Det \u00e4r viktigt att anv\u00e4nda aloe vera eller kr\u00e4mer med antiinflammatoriska egenskaper f\u00f6r att lugna huden efter epileringen. Solskydd och att h\u00e5lla huden \u00e5terfuktad f\u00f6rebygger ocks\u00e5 irritation och h\u00e5ller huden frisk. Regelbunden exfoliering f\u00f6rebygger ocks\u00e5 in\u00e5tv\u00e4xande h\u00e5rstr\u00e5n och g\u00f6r huden sl\u00e4tare.<\/p>\t\t\t\t\t\t<\/div>\n\t\t\t\t<\/div>\n\t\t\t\t<\/div>\n\t\t\t\t<\/div>\n\t\t<div class=\"elementor-element elementor-element-ec4c56c e-con-full e-flex e-con e-parent\" data-id=\"ec4c56c\" data-element_type=\"container\" data-settings=\"{&quot;background_background&quot;:&quot;classic&quot;}\" data-core-v316-plus=\"true\">\n\t\t<div class=\"elementor-element elementor-element-f9e491a e-con-full e-flex e-con e-child\" data-id=\"f9e491a\" data-element_type=\"container\">\n\t\t\t\t<div class=\"elementor-element elementor-element-d88d7de elementor-widget elementor-widget-text-editor\" data-id=\"d88d7de\" data-element_type=\"widget\" data-widget_type=\"text-editor.default\">\n\t\t\t\t<div class=\"elementor-widget-container\">\n\t\t\t\t\t\t\t<h2>F\u00f6rdelar och nackdelar med epilering: Hur g\u00f6r man r\u00e4tt val?<\/h2><p>F\u00f6rdelarna med epilering inkluderar l\u00e5ngvarig h\u00e5rreducering, sl\u00e4t hud och snabba resultat. Vissa epileringsmetoder kan dock orsaka hudirritation, rodnad och in\u00e5tv\u00e4xande h\u00e5r. F\u00f6r att v\u00e4lja r\u00e4tt metod b\u00f6r du ta h\u00e4nsyn till din hudtyp och h\u00e5rstruktur. F\u00f6r k\u00e4nslig hud \u00e4r mindre irriterande metoder att f\u00f6redra, medan de som vill ha permanenta resultat b\u00f6r \u00f6verv\u00e4ga alternativ som laserepilering eller elektrolys. Att f\u00e5 r\u00e5d fr\u00e5n en hudl\u00e4kare kan ocks\u00e5 hj\u00e4lpa dig att g\u00f6ra r\u00e4tt val.<\/p><h2>V\u00e5rd efter epilering: Tips f\u00f6r att \u00e5terfukta och skydda din hud<\/h2><p>V\u00e5rd efter epilering \u00e4r viktigt f\u00f6r att h\u00e5lla huden frisk och f\u00f6rhindra irritation. Lugna huden omedelbart efter ingreppet genom att tv\u00e4tta med kallt vatten. Lugna huden med aloe vera-gel eller antiinflammatoriska kr\u00e4mer. H\u00e5ll huden konstant \u00e5terfuktad med fuktgivande kr\u00e4mer. Undvik ocks\u00e5 solen i minst 24 timmar efter epileringen och anv\u00e4nd solskyddsmedel. Undvik att b\u00e4ra \u00e5tsittande kl\u00e4der som kan irritera huden.<\/p>\t\t\t\t\t\t<\/div>\n\t\t\t\t<\/div>\n\t\t\t\t<\/div>\n\t\t<div class=\"elementor-element elementor-element-6d2023a e-con-full e-flex e-con e-child\" data-id=\"6d2023a\" data-element_type=\"container\">\n\t\t\t\t<div class=\"elementor-element elementor-element-42388aa elementor-widget elementor-widget-image\" data-id=\"42388aa\" data-element_type=\"widget\" data-widget_type=\"image.default\">\n\t\t\t\t<div class=\"elementor-widget-container\">\n\t\t\t\t\t\t\t\t\t\t\t\t\t<img decoding=\"async\" width=\"1500\" height=\"1500\" src=\"https:\/\/estoriaclinic.com.tr\/wp-content\/uploads\/2024\/02\/Epilation_3.jpg\" class=\"attachment-full size-full wp-image-10338\" alt=\"\" srcset=\"https:\/\/estoriaclinic.com.tr\/wp-content\/uploads\/2024\/02\/Epilation_3.jpg 1500w, https:\/\/estoriaclinic.com.tr\/wp-content\/uploads\/2024\/02\/Epilation_3-300x300.jpg 300w, https:\/\/estoriaclinic.com.tr\/wp-content\/uploads\/2024\/02\/Epilation_3-1024x1024.jpg 1024w, https:\/\/estoriaclinic.com.tr\/wp-content\/uploads\/2024\/02\/Epilation_3-150x150.jpg 150w, https:\/\/estoriaclinic.com.tr\/wp-content\/uploads\/2024\/02\/Epilation_3-768x768.jpg 768w\" sizes=\"(max-width: 1500px) 100vw, 1500px\" \/>\t\t\t\t\t\t\t\t\t\t\t\t\t<\/div>\n\t\t\t\t<\/div>\n\t\t\t\t<\/div>\n\t\t\t\t<\/div>\n\t\t\t\t<section class=\"elementor-section elementor-top-section elementor-element elementor-element-eb75b31 elementor-section-content-middle elementor-section-boxed elementor-section-height-default elementor-section-height-default\" data-id=\"eb75b31\" data-element_type=\"section\" data-settings=\"{&quot;background_background&quot;:&quot;classic&quot;}\">\n\t\t\t\t\t\t<div class=\"elementor-container elementor-column-gap-default\">\n\t\t\t\t\t<div class=\"elementor-column elementor-col-100 elementor-top-column elementor-element elementor-element-9277ac5\" data-id=\"9277ac5\" data-element_type=\"column\">\n\t\t\t<div class=\"elementor-widget-wrap\">\n\t\t\t\t\t\t\t<\/div>\n\t\t<\/div>\n\t\t\t\t\t<\/div>\n\t\t<\/section>\n\t\t\t\t<div class=\"elementor-section elementor-top-section elementor-element elementor-element-c66cd0e elementor-section-boxed elementor-section-height-default elementor-section-height-default\" data-id=\"c66cd0e\" data-element_type=\"section\" data-settings=\"{&quot;background_background&quot;:&quot;gradient&quot;}\">\n\t\t\t\t\t\t<div class=\"elementor-container elementor-column-gap-extended\">\n\t\t\t\t\t<div class=\"elementor-column elementor-col-100 elementor-top-column elementor-element elementor-element-aa3498a\" data-id=\"aa3498a\" data-element_type=\"column\">\n\t\t\t<div class=\"elementor-widget-wrap elementor-element-populated\">\n\t\t\t\t\t\t<div class=\"elementor-section elementor-inner-section elementor-element elementor-element-28f66e8 elementor-section-boxed elementor-section-height-default elementor-section-height-default\" data-id=\"28f66e8\" data-element_type=\"section\" data-settings=\"{&quot;background_background&quot;:&quot;classic&quot;,&quot;animation&quot;:&quot;none&quot;}\">\n\t\t\t\t\t\t<div class=\"elementor-container elementor-column-gap-default\">\n\t\t\t\t\t<div class=\"elementor-column elementor-col-33 elementor-inner-column elementor-element elementor-element-0c678f1\" data-id=\"0c678f1\" data-element_type=\"column\">\n\t\t\t<div class=\"elementor-widget-wrap elementor-element-populated\">\n\t\t\t\t\t\t<div class=\"elementor-element elementor-element-8f0e5d5 elementor-widget elementor-widget-heading\" data-id=\"8f0e5d5\" data-element_type=\"widget\" data-widget_type=\"heading.default\">\n\t\t\t\t<div class=\"elementor-widget-container\">\n\t\t\t<style>\/*! elementor - v3.20.0 - 26-03-2024 *\/\n.elementor-heading-title{padding:0;margin:0;line-height:1}.elementor-widget-heading .elementor-heading-title[class*=elementor-size-]>a{color:inherit;font-size:inherit;line-height:inherit}.elementor-widget-heading .elementor-heading-title.elementor-size-small{font-size:15px}.elementor-widget-heading .elementor-heading-title.elementor-size-medium{font-size:19px}.elementor-widget-heading .elementor-heading-title.elementor-size-large{font-size:29px}.elementor-widget-heading .elementor-heading-title.elementor-size-xl{font-size:39px}.elementor-widget-heading .elementor-heading-title.elementor-size-xxl{font-size:59px}<\/style><p class=\"elementor-heading-title elementor-size-default\">Beh\u00f6ver du r\u00e5d fr\u00e5n v\u00e5ra experter?<\/p>\t\t<\/div>\n\t\t\t\t<\/div>\n\t\t\t\t<div class=\"elementor-element elementor-element-7fad79f elementor-widget elementor-widget-heading\" data-id=\"7fad79f\" data-element_type=\"widget\" data-widget_type=\"heading.default\">\n\t\t\t\t<div class=\"elementor-widget-container\">\n\t\t\t<h3 class=\"elementor-heading-title elementor-size-default\">Beg\u00e4r ett \u00e5teruppringningssamtal idag Nu!<\/h3>\t\t<\/div>\n\t\t\t\t<\/div>\n\t\t\t\t<div class=\"elementor-element elementor-element-4586c2d elementor-widget elementor-widget-image\" data-id=\"4586c2d\" data-element_type=\"widget\" data-widget_type=\"image.default\">\n\t\t\t\t<div class=\"elementor-widget-container\">\n\t\t\t\t\t\t\t\t\t\t\t\t\t<img decoding=\"async\" width=\"715\" height=\"100\" src=\"https:\/\/estoriaclinic.com.tr\/wp-content\/uploads\/2024\/02\/Country-Flags-Icons.png\" class=\"attachment-full size-full wp-image-9433\" alt=\"\" srcset=\"https:\/\/estoriaclinic.com.tr\/wp-content\/uploads\/2024\/02\/Country-Flags-Icons.png 715w, https:\/\/estoriaclinic.com.tr\/wp-content\/uploads\/2024\/02\/Country-Flags-Icons-300x42.png 300w\" sizes=\"(max-width: 715px) 100vw, 715px\" \/>\t\t\t\t\t\t\t\t\t\t\t\t\t<\/div>\n\t\t\t\t<\/div>\n\t\t\t\t\t<\/div>\n\t\t<\/div>\n\t\t\t\t<div class=\"elementor-column elementor-col-33 elementor-inner-column elementor-element elementor-element-eec35bf\" data-id=\"eec35bf\" data-element_type=\"column\">\n\t\t\t<div class=\"elementor-widget-wrap\">\n\t\t\t\t\t\t\t<\/div>\n\t\t<\/div>\n\t\t\t\t<div class=\"elementor-column elementor-col-33 elementor-inner-column elementor-element elementor-element-b047b63\" data-id=\"b047b63\" data-element_type=\"column\">\n\t\t\t<div class=\"elementor-widget-wrap elementor-element-populated\">\n\t\t\t\t\t\t<div class=\"elementor-element elementor-element-ab7e79e elementor-widget elementor-widget-shortcode\" data-id=\"ab7e79e\" data-element_type=\"widget\" data-widget_type=\"shortcode.default\">\n\t\t\t\t<div class=\"elementor-widget-container\">\n\t\t\t\t\t<div class=\"elementor-shortcode\">\n<div class=\"wpcf7 no-js\" id=\"wpcf7-f10025-o1\" lang=\"sv-SE\" dir=\"ltr\">\n<div class=\"screen-reader-response\"><p role=\"status\" aria-live=\"polite\" aria-atomic=\"true\"><\/p> <ul><\/ul><\/div>\n<form action=\"\/sv\/wp-json\/wp\/v2\/pages\/10331#wpcf7-f10025-o1\" method=\"post\" class=\"wpcf7-form init\" aria-label=\"Kontaktformul\u00e4r\" novalidate=\"novalidate\" data-status=\"init\">\n<div style=\"display: none;\">\n<input type=\"hidden\" name=\"_wpcf7\" value=\"10025\" \/>\n<input type=\"hidden\" name=\"_wpcf7_version\" value=\"5.8.7\" \/>\n<input type=\"hidden\" name=\"_wpcf7_locale\" value=\"sv_SE\" \/>\n<input type=\"hidden\" name=\"_wpcf7_unit_tag\" value=\"wpcf7-f10025-o1\" \/>\n<input type=\"hidden\" name=\"_wpcf7_container_post\" value=\"0\" \/>\n<input type=\"hidden\" name=\"_wpcf7_posted_data_hash\" value=\"\" \/>\n<\/div>\n<div class=\"rqform\">\n\t<p class=\"form-row\"><span class=\"wpcf7-form-control-wrap\" data-name=\"text-588\"><input size=\"40\" class=\"wpcf7-form-control wpcf7-text wpcf7-validates-as-required\" aria-required=\"true\" aria-invalid=\"false\" placeholder=\"Namn &amp; efternamn *\" value=\"\" type=\"text\" name=\"text-588\" \/><\/span>\n\t<\/p>\n\t<p class=\"form-row\"><span class=\"wpcf7-form-control-wrap\" data-name=\"phonetext-245\"><input size=\"40\" class=\"wpcf7-form-control wpcf7-phonetext wpcf7-validates-as-required wpcf7-text wpcf7-validates-as-phonetext country-form-field-99\" aria-required=\"true\" aria-invalid=\"false\" placeholder=\"\" value=\"\" type=\"text\" name=\"phonetext-245\" \/><input type=\"hidden\" name=\"phonetext-245-country-code\" class=\"wpcf7-phonetext-country-code\" \/><\/span>\n\t<\/p>\n\t<p class=\"form-row\"><span class=\"wpcf7-form-control-wrap\" data-name=\"countrytext-816\"><input size=\"40\" class=\"wpcf7-form-control wpcf7-countrytext wpcf7-validates-as-required wpcf7-text wpcf7-validates-as-countrytext country-form-field-99\" aria-required=\"true\" aria-invalid=\"false\" placeholder=\"Land*\" value=\"\" type=\"text\" name=\"countrytext-816\" \/><\/span>\n\t<\/p>\n\t<p class=\"form-row\" style=\"height: 70px;\" ><span class=\"wpcf7-form-control-wrap\" data-name=\"textarea-988\"><textarea cols=\"40\" rows=\"10\" class=\"wpcf7-form-control wpcf7-textarea wpcf7-validates-as-required\" aria-required=\"true\" aria-invalid=\"false\" placeholder=\"Meddelande...\" name=\"textarea-988\"><\/textarea><\/span>\n\t<\/p>\n\t<p><input class=\"wpcf7-form-control wpcf7-submit has-spinner\" type=\"submit\" value=\"Skicka\" \/>\n\t<\/p>\n<\/div><div class=\"wpcf7-response-output\" aria-hidden=\"true\"><\/div>\n<\/form>\n<\/div>\n<\/div>\n\t\t\t\t<\/div>\n\t\t\t\t<\/div>\n\t\t\t\t\t<\/div>\n\t\t<\/div>\n\t\t\t\t\t<\/div>\n\t\t<\/div>\n\t\t\t\t\t<\/div>\n\t\t<\/div>\n\t\t\t\t\t<\/div>\n\t\t<\/div>\n\t\t\t\t<\/div>\n\t\t","protected":false},"excerpt":{"rendered":"<p>F\u00c5 EN GRATIS KONSULTATION Tala med v\u00e5r expert gratis Vi har uppdaterade scheman, kontaktinformation och l\u00e5ter dig boka tid online. Beg\u00e4r att bli uppringd B\u00e4sta h\u00e5rborttagningsteknikerna f\u00f6r sl\u00e4t hud De b\u00e4sta h\u00e5rborttagningsteknikerna f\u00f6r sl\u00e4t hud inkluderar h\u00e5rborttagning med laser, IPL (Intense Pulsed Light) h\u00e5rborttagning, elektrolys och vaxning. Laserepilering ger l\u00e5ngvariga resultat och \u00e4r effektiv p\u00e5&#8230;<\/p>\n","protected":false},"author":1,"featured_media":0,"parent":0,"menu_order":0,"comment_status":"closed","ping_status":"closed","template":"tmpl\/template-fullwidth.php","meta":{"_acf_changed":false,"om_disable_all_campaigns":false,"inline_featured_image":true,"_monsterinsights_skip_tracking":false,"_monsterinsights_sitenote_active":false,"_monsterinsights_sitenote_note":"","_monsterinsights_sitenote_category":0,"footnotes":""},"class_list":["post-10331","page","type-page","status-publish","hentry"],"acf":[],"aioseo_notices":[],"_links":{"self":[{"href":"https:\/\/estoriaclinic.com.tr\/sv\/wp-json\/wp\/v2\/pages\/10331","targetHints":{"allow":["GET"]}}],"collection":[{"href":"https:\/\/estoriaclinic.com.tr\/sv\/wp-json\/wp\/v2\/pages"}],"about":[{"href":"https:\/\/estoriaclinic.com.tr\/sv\/wp-json\/wp\/v2\/types\/page"}],"author":[{"embeddable":true,"href":"https:\/\/estoriaclinic.com.tr\/sv\/wp-json\/wp\/v2\/users\/1"}],"replies":[{"embeddable":true,"href":"https:\/\/estoriaclinic.com.tr\/sv\/wp-json\/wp\/v2\/comments?post=10331"}],"version-history":[{"count":0,"href":"https:\/\/estoriaclinic.com.tr\/sv\/wp-json\/wp\/v2\/pages\/10331\/revisions"}],"wp:attachment":[{"href":"https:\/\/estoriaclinic.com.tr\/sv\/wp-json\/wp\/v2\/media?parent=10331"}],"curies":[{"name":"wp","href":"https:\/\/api.w.org\/{rel}","templated":true}]}}