{"id":12396,"date":"2024-04-29T11:11:48","date_gmt":"2024-04-29T08:11:48","guid":{"rendered":"https:\/\/estoriaclinic.com.tr\/nergiz-erten\/"},"modified":"2024-06-03T23:02:23","modified_gmt":"2024-06-03T20:02:23","slug":"nergiz-erten","status":"publish","type":"page","link":"https:\/\/estoriaclinic.com.tr\/sv\/nergiz-erten\/","title":{"rendered":"Nergiz Erten"},"content":{"rendered":"\t\t<div data-elementor-type=\"wp-page\" data-elementor-id=\"12396\" class=\"elementor elementor-12396 elementor-8941\">\n\t\t\t\t<div class=\"elementor-element elementor-element-9e2d699 e-flex e-con-boxed e-con e-parent\" data-id=\"9e2d699\" data-element_type=\"container\" data-core-v316-plus=\"true\">\n\t\t\t\t\t<div class=\"e-con-inner\">\n\t\t<div class=\"elementor-element elementor-element-5285439 e-con-full e-flex e-con e-child\" data-id=\"5285439\" data-element_type=\"container\">\n\t\t\t\t<div class=\"elementor-element elementor-element-069aa79 elementor-widget elementor-widget-image\" data-id=\"069aa79\" data-element_type=\"widget\" data-widget_type=\"image.default\">\n\t\t\t\t<div class=\"elementor-widget-container\">\n\t\t\t<style>\/*! elementor - v3.20.0 - 26-03-2024 *\/\n.elementor-widget-image{text-align:center}.elementor-widget-image a{display:inline-block}.elementor-widget-image a img[src$=\".svg\"]{width:48px}.elementor-widget-image img{vertical-align:middle;display:inline-block}<\/style>\t\t\t\t\t\t\t\t\t\t<img fetchpriority=\"high\" decoding=\"async\" width=\"300\" height=\"300\" src=\"https:\/\/estoriaclinic.com.tr\/wp-content\/uploads\/2024\/04\/nergis-erciyes-removebg-preview-300x300.png\" class=\"attachment-medium size-medium wp-image-12397\" alt=\"\" srcset=\"https:\/\/estoriaclinic.com.tr\/wp-content\/uploads\/2024\/04\/nergis-erciyes-removebg-preview-300x300.png 300w, https:\/\/estoriaclinic.com.tr\/wp-content\/uploads\/2024\/04\/nergis-erciyes-removebg-preview-150x150.png 150w, https:\/\/estoriaclinic.com.tr\/wp-content\/uploads\/2024\/04\/nergis-erciyes-removebg-preview.png 500w\" sizes=\"(max-width: 300px) 100vw, 300px\" \/>\t\t\t\t\t\t\t\t\t\t\t\t\t<\/div>\n\t\t\t\t<\/div>\n\t\t\t\t<\/div>\n\t\t<div class=\"elementor-element elementor-element-f7e7874 e-con-full elementor-hidden-mobile e-flex e-con e-child\" data-id=\"f7e7874\" data-element_type=\"container\">\n\t\t\t\t<div class=\"elementor-element elementor-element-f88d9e1 elementor-hidden-mobile elementor-widget elementor-widget-image\" data-id=\"f88d9e1\" data-element_type=\"widget\" data-widget_type=\"image.default\">\n\t\t\t\t<div class=\"elementor-widget-container\">\n\t\t\t\t\t\t\t\t\t\t\t\t\t<img decoding=\"async\" width=\"300\" height=\"82\" src=\"https:\/\/estoriaclinic.com.tr\/wp-content\/uploads\/2024\/04\/Estoria_Clinic_Logo_Main-1.svg\" class=\"attachment-medium size-medium wp-image-8950\" alt=\"\" \/>\t\t\t\t\t\t\t\t\t\t\t\t\t<\/div>\n\t\t\t\t<\/div>\n\t\t\t\t<\/div>\n\t\t\t\t\t<\/div>\n\t\t\t\t<\/div>\n\t\t<div class=\"elementor-element elementor-element-0b5a462 e-flex e-con-boxed e-con e-parent\" data-id=\"0b5a462\" data-element_type=\"container\" data-core-v316-plus=\"true\">\n\t\t\t\t\t<div class=\"e-con-inner\">\n\t\t\t\t<div class=\"elementor-element elementor-element-6374ab1 elementor-widget elementor-widget-htmega-datatable-addons\" data-id=\"6374ab1\" data-element_type=\"widget\" data-widget_type=\"htmega-datatable-addons.default\">\n\t\t\t\t<div class=\"elementor-widget-container\">\n\t\t\t        <div class=\"htmega-table-style htmega-table-style-3 htb-table-responsive\">\n            <table class=\"htb-table \">\n                                    <thead>\n                        <tr>\n                            <th class='elementor-repeater-item-873fd0d'>KARRI\u00c4R<\/th>                        <\/tr>\n                    <\/thead>\n                                <tbody>\n                                    <\/tbody>\n            <\/table>\n        <\/div>\n        \t\t<\/div>\n\t\t\t\t<\/div>\n\t\t\t\t\t<\/div>\n\t\t\t\t<\/div>\n\t\t<div class=\"elementor-element elementor-element-c195b70 e-flex e-con-boxed e-con e-parent\" data-id=\"c195b70\" data-element_type=\"container\" data-core-v316-plus=\"true\">\n\t\t\t\t\t<div class=\"e-con-inner\">\n\t\t\t\t<div class=\"elementor-element elementor-element-f4a99c2 elementor-widget elementor-widget-text-editor\" data-id=\"f4a99c2\" data-element_type=\"widget\" data-widget_type=\"text-editor.default\">\n\t\t\t\t<div class=\"elementor-widget-container\">\n\t\t\t<style>\/*! elementor - v3.20.0 - 26-03-2024 *\/\n.elementor-widget-text-editor.elementor-drop-cap-view-stacked .elementor-drop-cap{background-color:#69727d;color:#fff}.elementor-widget-text-editor.elementor-drop-cap-view-framed .elementor-drop-cap{color:#69727d;border:3px solid;background-color:transparent}.elementor-widget-text-editor:not(.elementor-drop-cap-view-default) .elementor-drop-cap{margin-top:8px}.elementor-widget-text-editor:not(.elementor-drop-cap-view-default) .elementor-drop-cap-letter{width:1em;height:1em}.elementor-widget-text-editor .elementor-drop-cap{float:left;text-align:center;line-height:1;font-size:50px}.elementor-widget-text-editor .elementor-drop-cap-letter{display:inline-block}<\/style>\t\t\t\t<p>Jag f\u00f6ddes 1975 i Istanbul. Jag tog examen fr\u00e5n Erciyes Universitets medicinska fakultet \u00e5r 2000. \u00c5r 2018 fick jag ett nytt perspektiv p\u00e5 mitt yrke genom min bekantskap med funktionell medicin, och d\u00e4refter intresserade jag mig f\u00f6r behandlingar som ozonterapi, medicinsk hypnos, neuralterapi och vaskul\u00e4ra behandlingar (glutation, vitamin C\u2026). Jag fick mina utbildningar i fillers, botox och mesoterapi fr\u00e5n doyenl\u00e4rare inom medicinsk estetik. Senare b\u00f6rjade jag intressera mig f\u00f6r kroppsfillers och b\u00f6rjade g\u00f6ra helansikts- och helkroppsfillers (br\u00f6st, rumpa, arm, ben, penis och kvinnliga genitalier) genom att slutf\u00f6ra min utbildning i kroppsfillers.<\/p><p>\u00a0<\/p>\t\t\t\t\t\t<\/div>\n\t\t\t\t<\/div>\n\t\t\t\t\t<\/div>\n\t\t\t\t<\/div>\n\t\t\t\t<\/div>\n\t\t","protected":false},"excerpt":{"rendered":"<p>KARRI\u00c4R Jag f\u00f6ddes 1975 i Istanbul. Jag tog examen fr\u00e5n Erciyes Universitets medicinska fakultet \u00e5r 2000. \u00c5r 2018 fick jag ett nytt perspektiv p\u00e5 mitt yrke genom min bekantskap med funktionell medicin, och d\u00e4refter intresserade jag mig f\u00f6r behandlingar som ozonterapi, medicinsk hypnos, neuralterapi och vaskul\u00e4ra behandlingar (glutation, vitamin C\u2026). Jag fick mina utbildningar i&#8230;<\/p>\n","protected":false},"author":1,"featured_media":0,"parent":0,"menu_order":0,"comment_status":"closed","ping_status":"closed","template":"","meta":{"_acf_changed":false,"om_disable_all_campaigns":false,"inline_featured_image":false,"_monsterinsights_skip_tracking":false,"_monsterinsights_sitenote_active":false,"_monsterinsights_sitenote_note":"","_monsterinsights_sitenote_category":0,"footnotes":""},"class_list":["post-12396","page","type-page","status-publish","hentry"],"acf":[],"aioseo_notices":[],"_links":{"self":[{"href":"https:\/\/estoriaclinic.com.tr\/sv\/wp-json\/wp\/v2\/pages\/12396","targetHints":{"allow":["GET"]}}],"collection":[{"href":"https:\/\/estoriaclinic.com.tr\/sv\/wp-json\/wp\/v2\/pages"}],"about":[{"href":"https:\/\/estoriaclinic.com.tr\/sv\/wp-json\/wp\/v2\/types\/page"}],"author":[{"embeddable":true,"href":"https:\/\/estoriaclinic.com.tr\/sv\/wp-json\/wp\/v2\/users\/1"}],"replies":[{"embeddable":true,"href":"https:\/\/estoriaclinic.com.tr\/sv\/wp-json\/wp\/v2\/comments?post=12396"}],"version-history":[{"count":0,"href":"https:\/\/estoriaclinic.com.tr\/sv\/wp-json\/wp\/v2\/pages\/12396\/revisions"}],"wp:attachment":[{"href":"https:\/\/estoriaclinic.com.tr\/sv\/wp-json\/wp\/v2\/media?parent=12396"}],"curies":[{"name":"wp","href":"https:\/\/api.w.org\/{rel}","templated":true}]}}