{"id":15386,"date":"2024-12-02T13:50:33","date_gmt":"2024-12-02T10:50:33","guid":{"rendered":"https:\/\/estoriaclinic.com.tr\/safak-seval\/"},"modified":"2024-12-02T14:27:07","modified_gmt":"2024-12-02T11:27:07","slug":"safak-seval","status":"publish","type":"page","link":"https:\/\/estoriaclinic.com.tr\/sv\/safak-seval\/","title":{"rendered":"Safak Seval"},"content":{"rendered":"\t\t<div data-elementor-type=\"wp-page\" data-elementor-id=\"15386\" class=\"elementor elementor-15386 elementor-15367\">\n\t\t\t\t<div class=\"elementor-element elementor-element-9e2d699 e-flex e-con-boxed e-con e-parent\" data-id=\"9e2d699\" data-element_type=\"container\" data-core-v316-plus=\"true\">\n\t\t\t\t\t<div class=\"e-con-inner\">\n\t\t<div class=\"elementor-element elementor-element-5285439 e-con-full e-flex e-con e-child\" data-id=\"5285439\" data-element_type=\"container\">\n\t\t\t\t<div class=\"elementor-element elementor-element-069aa79 elementor-widget elementor-widget-image\" data-id=\"069aa79\" data-element_type=\"widget\" data-widget_type=\"image.default\">\n\t\t\t\t<div class=\"elementor-widget-container\">\n\t\t\t<style>\/*! elementor - v3.20.0 - 26-03-2024 *\/\n.elementor-widget-image{text-align:center}.elementor-widget-image a{display:inline-block}.elementor-widget-image a img[src$=\".svg\"]{width:48px}.elementor-widget-image img{vertical-align:middle;display:inline-block}<\/style>\t\t\t\t\t\t\t\t\t\t<img fetchpriority=\"high\" decoding=\"async\" width=\"300\" height=\"300\" src=\"https:\/\/estoriaclinic.com.tr\/wp-content\/uploads\/2024\/12\/safak-seval-300x300.png\" class=\"attachment-medium size-medium wp-image-15376\" alt=\"\" srcset=\"https:\/\/estoriaclinic.com.tr\/wp-content\/uploads\/2024\/12\/safak-seval-300x300.png 300w, https:\/\/estoriaclinic.com.tr\/wp-content\/uploads\/2024\/12\/safak-seval-150x150.png 150w, https:\/\/estoriaclinic.com.tr\/wp-content\/uploads\/2024\/12\/safak-seval.png 500w\" sizes=\"(max-width: 300px) 100vw, 300px\" \/>\t\t\t\t\t\t\t\t\t\t\t\t\t<\/div>\n\t\t\t\t<\/div>\n\t\t\t\t<\/div>\n\t\t<div class=\"elementor-element elementor-element-f7e7874 e-con-full elementor-hidden-mobile e-flex e-con e-child\" data-id=\"f7e7874\" data-element_type=\"container\">\n\t\t\t\t<div class=\"elementor-element elementor-element-cb7fc76 elementor-hidden-mobile elementor-widget elementor-widget-image\" data-id=\"cb7fc76\" data-element_type=\"widget\" data-widget_type=\"image.default\">\n\t\t\t\t<div class=\"elementor-widget-container\">\n\t\t\t\t\t\t\t\t\t\t\t\t\t<img decoding=\"async\" width=\"1\" height=\"1\" src=\"https:\/\/estoriaclinic.com.tr\/wp-content\/uploads\/2024\/06\/Estoria_Clinic_Logo_Main-1.svg\" class=\"attachment-medium size-medium wp-image-12097\" alt=\"\" \/>\t\t\t\t\t\t\t\t\t\t\t\t\t<\/div>\n\t\t\t\t<\/div>\n\t\t\t\t<\/div>\n\t\t\t\t\t<\/div>\n\t\t\t\t<\/div>\n\t\t<div class=\"elementor-element elementor-element-0b5a462 e-flex e-con-boxed e-con e-parent\" data-id=\"0b5a462\" data-element_type=\"container\" data-core-v316-plus=\"true\">\n\t\t\t\t\t<div class=\"e-con-inner\">\n\t\t\t\t<div class=\"elementor-element elementor-element-6374ab1 elementor-widget elementor-widget-htmega-datatable-addons\" data-id=\"6374ab1\" data-element_type=\"widget\" data-widget_type=\"htmega-datatable-addons.default\">\n\t\t\t\t<div class=\"elementor-widget-container\">\n\t\t\t        <div class=\"htmega-table-style htmega-table-style-3 htb-table-responsive\">\n            <table class=\"htb-table \">\n                                    <thead>\n                        <tr>\n                            <th class='elementor-repeater-item-873fd0d'>KARRI\u00c4R<\/th>                        <\/tr>\n                    <\/thead>\n                                <tbody>\n                                    <\/tbody>\n            <\/table>\n        <\/div>\n        \t\t<\/div>\n\t\t\t\t<\/div>\n\t\t\t\t\t<\/div>\n\t\t\t\t<\/div>\n\t\t<div class=\"elementor-element elementor-element-c195b70 e-flex e-con-boxed e-con e-parent\" data-id=\"c195b70\" data-element_type=\"container\" data-core-v316-plus=\"true\">\n\t\t\t\t\t<div class=\"e-con-inner\">\n\t\t\t\t<div class=\"elementor-element elementor-element-f4a99c2 elementor-widget elementor-widget-text-editor\" data-id=\"f4a99c2\" data-element_type=\"widget\" data-widget_type=\"text-editor.default\">\n\t\t\t\t<div class=\"elementor-widget-container\">\n\t\t\t<style>\/*! elementor - v3.20.0 - 26-03-2024 *\/\n.elementor-widget-text-editor.elementor-drop-cap-view-stacked .elementor-drop-cap{background-color:#69727d;color:#fff}.elementor-widget-text-editor.elementor-drop-cap-view-framed .elementor-drop-cap{color:#69727d;border:3px solid;background-color:transparent}.elementor-widget-text-editor:not(.elementor-drop-cap-view-default) .elementor-drop-cap{margin-top:8px}.elementor-widget-text-editor:not(.elementor-drop-cap-view-default) .elementor-drop-cap-letter{width:1em;height:1em}.elementor-widget-text-editor .elementor-drop-cap{float:left;text-align:center;line-height:1;font-size:50px}.elementor-widget-text-editor .elementor-drop-cap-letter{display:inline-block}<\/style>\t\t\t\t<p><strong>INFORMATION OM UTBILDNING<\/strong><\/p><p>Dr \u015eafak Seval f\u00f6ddes i Ankara 1968. \u00c5r 1994 avslutade han sin utbildning vid Istanbul University Faculty of Medicine och erh\u00f6ll sin doktorsexamen.<\/p><p><strong>STUDIER<\/strong><\/p><p>Han har arbetat i olika befattningar som familjel\u00e4kare, ansvarig l\u00e4kare och bitr\u00e4dande h\u00e4lsochef p\u00e5 statliga institutioner i cirka 15 \u00e5r. \u00c5r 2005, efter att ha f\u00e5tt titeln Medical Aesthetic Physician, arbetade han p\u00e5 dussintals kliniker inom omr\u00e5det medicinsk estetik. Genom att noga f\u00f6lja all utveckling inom detta omr\u00e5de har han utf\u00f6rt m\u00e5nga framg\u00e5ngsrika ingrepp och f\u00e5tt sina patienter n\u00f6jda.<\/p><p><strong>AKADEMISKA OCH YRKESM\u00c4SSIGA BIDRAG<\/strong><\/p><p>Han f\u00f6rkovrar sig st\u00e4ndigt inom medicinsk estetik och forts\u00e4tter att arbeta f\u00f6r att ge sina patienter b\u00e4sta m\u00f6jliga service. Dessutom forts\u00e4tter han att dela med sig av sina kunskaper och erfarenheter genom att delta i m\u00e5nga nationella och internationella kongresser.<\/p>\t\t\t\t\t\t<\/div>\n\t\t\t\t<\/div>\n\t\t\t\t\t<\/div>\n\t\t\t\t<\/div>\n\t\t\t\t<\/div>\n\t\t","protected":false},"excerpt":{"rendered":"<p>KARRI\u00c4R INFORMATION OM UTBILDNING Dr \u015eafak Seval f\u00f6ddes i Ankara 1968. \u00c5r 1994 avslutade han sin utbildning vid Istanbul University Faculty of Medicine och erh\u00f6ll sin doktorsexamen. STUDIER Han har arbetat i olika befattningar som familjel\u00e4kare, ansvarig l\u00e4kare och bitr\u00e4dande h\u00e4lsochef p\u00e5 statliga institutioner i cirka 15 \u00e5r. \u00c5r 2005, efter att ha f\u00e5tt titeln&#8230;<\/p>\n","protected":false},"author":1,"featured_media":0,"parent":0,"menu_order":0,"comment_status":"closed","ping_status":"closed","template":"","meta":{"_acf_changed":false,"om_disable_all_campaigns":false,"inline_featured_image":false,"_monsterinsights_skip_tracking":false,"_monsterinsights_sitenote_active":false,"_monsterinsights_sitenote_note":"","_monsterinsights_sitenote_category":0,"footnotes":""},"class_list":["post-15386","page","type-page","status-publish","hentry"],"acf":[],"aioseo_notices":[],"_links":{"self":[{"href":"https:\/\/estoriaclinic.com.tr\/sv\/wp-json\/wp\/v2\/pages\/15386","targetHints":{"allow":["GET"]}}],"collection":[{"href":"https:\/\/estoriaclinic.com.tr\/sv\/wp-json\/wp\/v2\/pages"}],"about":[{"href":"https:\/\/estoriaclinic.com.tr\/sv\/wp-json\/wp\/v2\/types\/page"}],"author":[{"embeddable":true,"href":"https:\/\/estoriaclinic.com.tr\/sv\/wp-json\/wp\/v2\/users\/1"}],"replies":[{"embeddable":true,"href":"https:\/\/estoriaclinic.com.tr\/sv\/wp-json\/wp\/v2\/comments?post=15386"}],"version-history":[{"count":3,"href":"https:\/\/estoriaclinic.com.tr\/sv\/wp-json\/wp\/v2\/pages\/15386\/revisions"}],"predecessor-version":[{"id":15407,"href":"https:\/\/estoriaclinic.com.tr\/sv\/wp-json\/wp\/v2\/pages\/15386\/revisions\/15407"}],"wp:attachment":[{"href":"https:\/\/estoriaclinic.com.tr\/sv\/wp-json\/wp\/v2\/media?parent=15386"}],"curies":[{"name":"wp","href":"https:\/\/api.w.org\/{rel}","templated":true}]}}