{"id":9497,"date":"2024-03-10T16:33:29","date_gmt":"2024-03-10T13:33:29","guid":{"rendered":"https:\/\/estoriaclinic.com.tr\/accreditation\/"},"modified":"2024-05-07T15:39:23","modified_gmt":"2024-05-07T12:39:23","slug":"ackreditering","status":"publish","type":"page","link":"https:\/\/estoriaclinic.com.tr\/sv\/ackreditering\/","title":{"rendered":"Ackreditering"},"content":{"rendered":"\t\t<div data-elementor-type=\"wp-page\" data-elementor-id=\"9497\" class=\"elementor elementor-9497 elementor-4872\">\n\t\t\t\t<div class=\"elementor-element elementor-element-6e33104 e-flex e-con-boxed e-con e-parent\" data-id=\"6e33104\" data-element_type=\"container\" data-core-v316-plus=\"true\">\n\t\t\t\t\t<div class=\"e-con-inner\">\n\t\t\t\t<div class=\"elementor-element elementor-element-7a0f893 elementor-widget elementor-widget-text-editor\" data-id=\"7a0f893\" data-element_type=\"widget\" data-widget_type=\"text-editor.default\">\n\t\t\t\t<div class=\"elementor-widget-container\">\n\t\t\t<style>\/*! elementor - v3.20.0 - 26-03-2024 *\/\n.elementor-widget-text-editor.elementor-drop-cap-view-stacked .elementor-drop-cap{background-color:#69727d;color:#fff}.elementor-widget-text-editor.elementor-drop-cap-view-framed .elementor-drop-cap{color:#69727d;border:3px solid;background-color:transparent}.elementor-widget-text-editor:not(.elementor-drop-cap-view-default) .elementor-drop-cap{margin-top:8px}.elementor-widget-text-editor:not(.elementor-drop-cap-view-default) .elementor-drop-cap-letter{width:1em;height:1em}.elementor-widget-text-editor .elementor-drop-cap{float:left;text-align:center;line-height:1;font-size:50px}.elementor-widget-text-editor .elementor-drop-cap-letter{display:inline-block}<\/style>\t\t\t\t<p>Estoria, som \u00e4r regionens referenscenter, \u00e4r ackrediterat f\u00f6r kvalitetscertifiering enligt SKs och ISO 9001 av h\u00e4lsoministeriet och \u00e4r f\u00f6rem\u00e5l f\u00f6r m\u00e5natliga och \u00e5rliga inspektioner av h\u00e4lsoministeriet. Estoria har alltid internaliserat kvalitet som en del av de prioriterade processerna i den infrastruktur som man har etablerat baserat p\u00e5 internationella kriterier<\/p>\t\t\t\t\t\t<\/div>\n\t\t\t\t<\/div>\n\t\t\t\t\t<\/div>\n\t\t\t\t<\/div>\n\t\t\t\t<\/div>\n\t\t","protected":false},"excerpt":{"rendered":"<p>Estoria, som \u00e4r regionens referenscenter, \u00e4r ackrediterat f\u00f6r kvalitetscertifiering enligt SKs och ISO 9001 av h\u00e4lsoministeriet och \u00e4r f\u00f6rem\u00e5l f\u00f6r m\u00e5natliga och \u00e5rliga inspektioner av h\u00e4lsoministeriet. Estoria har alltid internaliserat kvalitet som en del av de prioriterade processerna i den infrastruktur som man har etablerat baserat p\u00e5 internationella kriterier<\/p>\n","protected":false},"author":1,"featured_media":0,"parent":0,"menu_order":0,"comment_status":"closed","ping_status":"closed","template":"","meta":{"_acf_changed":false,"om_disable_all_campaigns":false,"inline_featured_image":true,"_monsterinsights_skip_tracking":false,"_monsterinsights_sitenote_active":false,"_monsterinsights_sitenote_note":"","_monsterinsights_sitenote_category":0,"footnotes":""},"class_list":["post-9497","page","type-page","status-publish","hentry"],"acf":[],"aioseo_notices":[],"_links":{"self":[{"href":"https:\/\/estoriaclinic.com.tr\/sv\/wp-json\/wp\/v2\/pages\/9497","targetHints":{"allow":["GET"]}}],"collection":[{"href":"https:\/\/estoriaclinic.com.tr\/sv\/wp-json\/wp\/v2\/pages"}],"about":[{"href":"https:\/\/estoriaclinic.com.tr\/sv\/wp-json\/wp\/v2\/types\/page"}],"author":[{"embeddable":true,"href":"https:\/\/estoriaclinic.com.tr\/sv\/wp-json\/wp\/v2\/users\/1"}],"replies":[{"embeddable":true,"href":"https:\/\/estoriaclinic.com.tr\/sv\/wp-json\/wp\/v2\/comments?post=9497"}],"version-history":[{"count":0,"href":"https:\/\/estoriaclinic.com.tr\/sv\/wp-json\/wp\/v2\/pages\/9497\/revisions"}],"wp:attachment":[{"href":"https:\/\/estoriaclinic.com.tr\/sv\/wp-json\/wp\/v2\/media?parent=9497"}],"curies":[{"name":"wp","href":"https:\/\/api.w.org\/{rel}","templated":true}]}}