{"id":9502,"date":"2024-03-10T16:38:09","date_gmt":"2024-03-10T13:38:09","guid":{"rendered":"https:\/\/estoriaclinic.com.tr\/quality-standarts\/"},"modified":"2024-06-03T22:57:01","modified_gmt":"2024-06-03T19:57:01","slug":"kvalitetsstandarder","status":"publish","type":"page","link":"https:\/\/estoriaclinic.com.tr\/sv\/kvalitetsstandarder\/","title":{"rendered":"Kvalitetsstandarder"},"content":{"rendered":"\t\t<div data-elementor-type=\"wp-page\" data-elementor-id=\"9502\" class=\"elementor elementor-9502 elementor-4883\">\n\t\t\t\t<div class=\"elementor-element elementor-element-bee3aa7 e-flex e-con-boxed e-con e-parent\" data-id=\"bee3aa7\" data-element_type=\"container\" data-core-v316-plus=\"true\">\n\t\t\t\t\t<div class=\"e-con-inner\">\n\t\t\t\t<div class=\"elementor-element elementor-element-862a89c elementor-widget elementor-widget-text-editor\" data-id=\"862a89c\" data-element_type=\"widget\" data-widget_type=\"text-editor.default\">\n\t\t\t\t<div class=\"elementor-widget-container\">\n\t\t\t<style>\/*! elementor - v3.20.0 - 26-03-2024 *\/\n.elementor-widget-text-editor.elementor-drop-cap-view-stacked .elementor-drop-cap{background-color:#69727d;color:#fff}.elementor-widget-text-editor.elementor-drop-cap-view-framed .elementor-drop-cap{color:#69727d;border:3px solid;background-color:transparent}.elementor-widget-text-editor:not(.elementor-drop-cap-view-default) .elementor-drop-cap{margin-top:8px}.elementor-widget-text-editor:not(.elementor-drop-cap-view-default) .elementor-drop-cap-letter{width:1em;height:1em}.elementor-widget-text-editor .elementor-drop-cap{float:left;text-align:center;line-height:1;font-size:50px}.elementor-widget-text-editor .elementor-drop-cap-letter{display:inline-block}<\/style>\t\t\t\t<p><span data-sheets-root=\"1\" data-sheets-value=\"{&quot;1&quot;:2,&quot;2&quot;:&quot;P\u00e5 Estoria International Clinic \u00e4r vi engagerade i att tillhandah\u00e5lla h\u00f6gkvalitativa och s\u00e4kra medicinska tj\u00e4nster till v\u00e5ra patienter. Vi f\u00f6rst\u00e5r att beslutet att resa utomlands f\u00f6r medicinska ingrepp kan vara skr\u00e4mmande, vilket \u00e4r varf\u00f6r vi prioriterar kvalitet och s\u00e4kerhet i allt vi g\u00f6r f\u00f6r att s\u00e4kerst\u00e4lla att v\u00e5ra patienter f\u00e5r b\u00e4sta m\u00f6jliga v\u00e5rd. Av den anledningen har vi etablerat rigor\u00f6sa kvalitetsstandarder som v\u00e5rt Medicinska Styrorgan m\u00e5ste uppfylla.\\n\\nV\u00e5ra kvalitetsstandarder omfattar varje aspekt av v\u00e5ra tj\u00e4nster, fr\u00e5n planering f\u00f6re ankomst till efterv\u00e5rd efter operationen. Vi arbetar uteslutande med respekterade och ackrediterade sjukhus, kliniker och l\u00e4kare som uppfyller internationella kvalitetsstandarder.\\n\\nF\u00f6rst och fr\u00e4mst arbetar vi endast med medicinska leverant\u00f6rer som \u00e4r licensierade, erfarna och mycket skickliga inom sina respektive omr\u00e5den. F\u00f6r att s\u00e4kerst\u00e4lla att alla v\u00e5ra leverant\u00f6rer uppfyller v\u00e5ra str\u00e4nga standarder f\u00f6r medicinsk expertis och professionalism granskar vi dem noggrant.\\n\\nUt\u00f6ver v\u00e5ra leverant\u00f6rers kvalifikationer prioriterar vi ocks\u00e5 anl\u00e4ggningsrensning och s\u00e4kerhet. Vi arbetar endast med medicinska anl\u00e4ggningar som uppr\u00e4tth\u00e5ller h\u00f6ga standarder f\u00f6r hygien och s\u00e4kerhetsprotokoll.\\n\\nVi f\u00f6rst\u00e5r ocks\u00e5 att tydlig och \u00f6ppen kommunikation \u00e4r avg\u00f6rande f\u00f6r att bygga f\u00f6rtroende med v\u00e5ra patienter. D\u00e4rf\u00f6r har vi flerspr\u00e5kig personal som \u00e4r tillg\u00e4nglig f\u00f6r att hj\u00e4lpa v\u00e5ra patienter vid varje steg p\u00e5 v\u00e4gen. V\u00e5rt team finns alltid till hands f\u00f6r att besvara fr\u00e5gor eller bekymmer och f\u00f6r att regelbundet uppdatera patienterna om deras behandlingsframsteg.\\n\\nP\u00e5 Estoria International Clinic anser vi att patientens tillfredsst\u00e4llelse \u00e4r avg\u00f6rande. Vi str\u00e4var efter att erbjuda en smidig och stressfri upplevelse f\u00f6r v\u00e5ra patienter, fr\u00e5n det \u00f6gonblick de kontaktar oss till avslutningen av deras medicinska behandling. Vi uppmuntrar \u00f6ppen kommunikation med v\u00e5ra patienter och v\u00e4rderar deras feedback och f\u00f6rslag till f\u00f6rb\u00e4ttring.\\n\\nDessutom anser vi att medicinsk turism inneb\u00e4r mer \u00e4n bara medicinska ingrepp. Vi hj\u00e4lper till med researrangemang, bokning av boende och erbjuder ett utbud av personliga tj\u00e4nster f\u00f6r att s\u00e4kerst\u00e4lla att v\u00e5ra patienter k\u00e4nner sig bekv\u00e4ma och st\u00f6dda under hela sin vistelse.\\n\\nSlutligen \u00e5terspeglar v\u00e5ra kvalitetsstandarder v\u00e5rt \u00e5tagande att tillhandah\u00e5lla s\u00e4kra, p\u00e5litliga och h\u00f6gkvalitativa medicinska tj\u00e4nster till v\u00e5ra patienter. Vi tror att v\u00e5ra noggranna standarder skiljer oss fr\u00e5n andra och ger v\u00e5ra patienter trygghet genom att veta att de \u00e4r i goda h\u00e4nder.\\n\\nSist men inte minst har vi en blogg full av informativa artiklar och insikter om Estoria International Clinics roll i att underl\u00e4tta tillg\u00e5ngen till h\u00f6gkvalitativ v\u00e5rd. Kolla in v\u00e5ra bloggar nu!\\n\\nSammanfattningsvis, p\u00e5 Estoria International Clinic arbetar vi endast med de b\u00e4sta sjukhusen, klinikerna och l\u00e4karna f\u00f6r att s\u00e4kerst\u00e4lla den h\u00f6gsta niv\u00e5n av framg\u00e5ngsrika resultat.\\n\\n\u00d6versyn av Expertstyrningspanelen\\nFullst\u00e4ndigt inspekterade faciliteter\\nEndast JCI, TUV och ISO-godk\u00e4nda kliniker\\nFullst\u00e4ndig fallhantering av tilldelad l\u00e4kare\\nFullst\u00e4ndig f\u00f6ljeslagare och konsulttj\u00e4nst\\nFull medicinsk och resef\u00f6rs\u00e4kring\\nF\u00f6r-operation och efter-operation konsultationer hemma&quot;}\" data-sheets-userformat=\"{&quot;2&quot;:15299,&quot;3&quot;:{&quot;1&quot;:0},&quot;4&quot;:{&quot;1&quot;:2,&quot;2&quot;:16773836},&quot;9&quot;:0,&quot;10&quot;:1,&quot;11&quot;:4,&quot;12&quot;:0,&quot;14&quot;:{&quot;1&quot;:2,&quot;2&quot;:0},&quot;15&quot;:&quot;inherit&quot;,&quot;16&quot;:10}\">P\u00e5 Estoria Clinic \u00e4r vi engagerade i att tillhandah\u00e5lla h\u00f6gkvalitativa och s\u00e4kra medicinska tj\u00e4nster till v\u00e5ra patienter. Vi f\u00f6rst\u00e5r att beslutet att resa utomlands f\u00f6r medicinska ingrepp kan vara skr\u00e4mmande, vilket \u00e4r varf\u00f6r vi prioriterar kvalitet och s\u00e4kerhet i allt vi g\u00f6r f\u00f6r att s\u00e4kerst\u00e4lla att v\u00e5ra patienter f\u00e5r b\u00e4sta m\u00f6jliga v\u00e5rd. Av den anledningen har vi etablerat rigor\u00f6sa kvalitetsstandarder som v\u00e5rt Medicinska Styrorgan m\u00e5ste uppfylla.<\/span><\/p>\n<p>V\u00e5ra kvalitetsstandarder omfattar varje aspekt av v\u00e5ra tj\u00e4nster, fr\u00e5n planering f\u00f6re ankomst till efterv\u00e5rd efter operationen. Vi arbetar uteslutande med respekterade och ackrediterade sjukhus, kliniker och l\u00e4kare som uppfyller internationella kvalitetsstandarder.<\/p>\n<p>F\u00f6rst och fr\u00e4mst arbetar vi endast med medicinska leverant\u00f6rer som \u00e4r licensierade, erfarna och mycket skickliga inom sina respektive omr\u00e5den. F\u00f6r att s\u00e4kerst\u00e4lla att alla v\u00e5ra leverant\u00f6rer uppfyller v\u00e5ra str\u00e4nga standarder f\u00f6r medicinsk expertis och professionalism granskar vi dem noggrant.<\/p>\n<p>Ut\u00f6ver v\u00e5ra leverant\u00f6rers kvalifikationer prioriterar vi ocks\u00e5 anl\u00e4ggningsrensning och s\u00e4kerhet. Vi arbetar endast med medicinska anl\u00e4ggningar som uppr\u00e4tth\u00e5ller h\u00f6ga standarder f\u00f6r hygien och s\u00e4kerhetsprotokoll.<\/p>\n<p>Vi f\u00f6rst\u00e5r ocks\u00e5 att tydlig och \u00f6ppen kommunikation \u00e4r avg\u00f6rande f\u00f6r att bygga f\u00f6rtroende med v\u00e5ra patienter. D\u00e4rf\u00f6r har vi flerspr\u00e5kig personal som \u00e4r tillg\u00e4nglig f\u00f6r att hj\u00e4lpa v\u00e5ra patienter vid varje steg p\u00e5 v\u00e4gen. V\u00e5rt team finns alltid till hands f\u00f6r att besvara fr\u00e5gor eller bekymmer och f\u00f6r att regelbundet uppdatera patienterna om deras behandlingsframsteg.<\/p>\n<p>P\u00e5 Estoria Clinic anser vi att patientens tillfredsst\u00e4llelse \u00e4r avg\u00f6rande. Vi str\u00e4var efter att erbjuda en smidig och stressfri upplevelse f\u00f6r v\u00e5ra patienter, fr\u00e5n det \u00f6gonblick de kontaktar oss till avslutningen av deras medicinska behandling. Vi uppmuntrar \u00f6ppen kommunikation med v\u00e5ra patienter och v\u00e4rderar deras feedback och f\u00f6rslag till f\u00f6rb\u00e4ttring.<\/p>\n<p>Dessutom anser vi att medicinsk turism inneb\u00e4r mer \u00e4n bara medicinska ingrepp. Vi hj\u00e4lper till med researrangemang, bokning av boende och erbjuder ett utbud av personliga tj\u00e4nster f\u00f6r att s\u00e4kerst\u00e4lla att v\u00e5ra patienter k\u00e4nner sig bekv\u00e4ma och st\u00f6dda under hela sin vistelse.<\/p>\n<p>Slutligen \u00e5terspeglar v\u00e5ra kvalitetsstandarder v\u00e5rt \u00e5tagande att tillhandah\u00e5lla s\u00e4kra, p\u00e5litliga och h\u00f6gkvalitativa medicinska tj\u00e4nster till v\u00e5ra patienter. Vi tror att v\u00e5ra noggranna standarder skiljer oss fr\u00e5n andra och ger v\u00e5ra patienter trygghet genom att veta att de \u00e4r i goda h\u00e4nder.<\/p>\n<p>Sist men inte minst har vi en blogg full av informativa artiklar och insikter om Estoria Clinics roll i att underl\u00e4tta tillg\u00e5ngen till h\u00f6gkvalitativ v\u00e5rd. Kolla in v\u00e5ra bloggar nu!<\/p>\n<p>Sammanfattningsvis, p\u00e5 Estoria Clinic arbetar vi endast med de b\u00e4sta sjukhusen, klinikerna och l\u00e4karna f\u00f6r att s\u00e4kerst\u00e4lla den h\u00f6gsta niv\u00e5n av framg\u00e5ngsrika resultat.<\/p>\n<p>\u00d6versyn av Expertstyrningspanelen<br>Fullst\u00e4ndigt inspekterade faciliteter<br>Endast JCI, TUV och ISO-godk\u00e4nda kliniker<br>Fullst\u00e4ndig fallhantering av tilldelad l\u00e4kare<br>Fullst\u00e4ndig f\u00f6ljeslagare och konsulttj\u00e4nst<br>Full medicinsk och resef\u00f6rs\u00e4kring<br>F\u00f6r-operation och efter-operation konsultationer hemma<\/p>\t\t\t\t\t\t<\/div>\n\t\t\t\t<\/div>\n\t\t\t\t\t<\/div>\n\t\t\t\t<\/div>\n\t\t\t\t<\/div>\n\t\t","protected":false},"excerpt":{"rendered":"<p>P\u00e5 Estoria Clinic \u00e4r vi engagerade i att tillhandah\u00e5lla h\u00f6gkvalitativa och s\u00e4kra medicinska tj\u00e4nster till v\u00e5ra patienter. Vi f\u00f6rst\u00e5r att beslutet att resa utomlands f\u00f6r medicinska ingrepp kan vara skr\u00e4mmande, vilket \u00e4r varf\u00f6r vi prioriterar kvalitet och s\u00e4kerhet i allt vi g\u00f6r f\u00f6r att s\u00e4kerst\u00e4lla att v\u00e5ra patienter f\u00e5r b\u00e4sta m\u00f6jliga v\u00e5rd. Av den anledningen&#8230;<\/p>\n","protected":false},"author":1,"featured_media":0,"parent":0,"menu_order":0,"comment_status":"closed","ping_status":"closed","template":"","meta":{"_acf_changed":false,"om_disable_all_campaigns":false,"inline_featured_image":false,"_monsterinsights_skip_tracking":false,"_monsterinsights_sitenote_active":false,"_monsterinsights_sitenote_note":"","_monsterinsights_sitenote_category":0,"footnotes":""},"class_list":["post-9502","page","type-page","status-publish","hentry"],"acf":[],"aioseo_notices":[],"_links":{"self":[{"href":"https:\/\/estoriaclinic.com.tr\/sv\/wp-json\/wp\/v2\/pages\/9502","targetHints":{"allow":["GET"]}}],"collection":[{"href":"https:\/\/estoriaclinic.com.tr\/sv\/wp-json\/wp\/v2\/pages"}],"about":[{"href":"https:\/\/estoriaclinic.com.tr\/sv\/wp-json\/wp\/v2\/types\/page"}],"author":[{"embeddable":true,"href":"https:\/\/estoriaclinic.com.tr\/sv\/wp-json\/wp\/v2\/users\/1"}],"replies":[{"embeddable":true,"href":"https:\/\/estoriaclinic.com.tr\/sv\/wp-json\/wp\/v2\/comments?post=9502"}],"version-history":[{"count":0,"href":"https:\/\/estoriaclinic.com.tr\/sv\/wp-json\/wp\/v2\/pages\/9502\/revisions"}],"wp:attachment":[{"href":"https:\/\/estoriaclinic.com.tr\/sv\/wp-json\/wp\/v2\/media?parent=9502"}],"curies":[{"name":"wp","href":"https:\/\/api.w.org\/{rel}","templated":true}]}}