{"id":9513,"date":"2024-02-28T15:02:47","date_gmt":"2024-02-28T12:02:47","guid":{"rendered":"https:\/\/estoriaclinic.com.tr\/privacy-policy\/"},"modified":"2024-06-03T13:22:03","modified_gmt":"2024-06-03T10:22:03","slug":"integritetspolicy","status":"publish","type":"page","link":"https:\/\/estoriaclinic.com.tr\/sv\/integritetspolicy\/","title":{"rendered":"Integritetspolicy"},"content":{"rendered":"\t\t<div data-elementor-type=\"wp-page\" data-elementor-id=\"9513\" class=\"elementor elementor-9513 elementor-4558\">\n\t\t\t\t<div class=\"elementor-element elementor-element-8224340 e-flex e-con-boxed e-con e-parent\" data-id=\"8224340\" data-element_type=\"container\" data-core-v316-plus=\"true\">\n\t\t\t\t\t<div class=\"e-con-inner\">\n\t\t\t\t<div class=\"elementor-element elementor-element-2317d9e elementor-widget elementor-widget-text-editor\" data-id=\"2317d9e\" data-element_type=\"widget\" data-widget_type=\"text-editor.default\">\n\t\t\t\t<div class=\"elementor-widget-container\">\n\t\t\t<style>\/*! elementor - v3.20.0 - 26-03-2024 *\/\n.elementor-widget-text-editor.elementor-drop-cap-view-stacked .elementor-drop-cap{background-color:#69727d;color:#fff}.elementor-widget-text-editor.elementor-drop-cap-view-framed .elementor-drop-cap{color:#69727d;border:3px solid;background-color:transparent}.elementor-widget-text-editor:not(.elementor-drop-cap-view-default) .elementor-drop-cap{margin-top:8px}.elementor-widget-text-editor:not(.elementor-drop-cap-view-default) .elementor-drop-cap-letter{width:1em;height:1em}.elementor-widget-text-editor .elementor-drop-cap{float:left;text-align:center;line-height:1;font-size:50px}.elementor-widget-text-editor .elementor-drop-cap-letter{display:inline-block}<\/style>\t\t\t\t<p><strong>Estoria Clinic<br \/><\/strong>Estoria Clinic, Vi v\u00e4rderar dig som v\u00e5r g\u00e4st och inser vikten av att skydda din integritet. Vi f\u00f6ljer alla till\u00e4mpliga dataskyddsf\u00f6reskrifter, inklusive EU:s allm\u00e4nna dataskyddsf\u00f6rordning (&#8221;GDPR&#8221;), dataskyddslagen och andra relaterade lagar. Denna integritetspolicy syftar till att specificera hur vi samlar in, anv\u00e4nder och l\u00e4mnar ut dina personuppgifter f\u00f6r att ge dig den h\u00f6gsta m\u00f6jliga serviceniv\u00e5n.<\/p><p><strong>Villkor<\/strong><br \/>Estoriaclinic.com.tr f\u00f6rbinder sig fullst\u00e4ndigt att f\u00f6lja dataskydd och avdelning f\u00f6r h\u00e4lsa, medicinska sekretessriktlinjer. Den personliga information som du l\u00e4mnar genom att anv\u00e4nda detta formul\u00e4r kommer att h\u00e5llas s\u00e4kert av oss; Din personliga information kommer inte att delas med n\u00e5gon utanf\u00f6r Estoriaclinic.com.tr eller anv\u00e4ndas f\u00f6r n\u00e5got annat syfte \u00e4n att svara p\u00e5 din f\u00f6rfr\u00e5gan eller beg\u00e4ran.<\/p><p><strong>Integritet och kakor<br \/><\/strong>Denna integritetspolicy beskriver hur Estoriaclinic.com.tr anv\u00e4nder och skyddar den information som du tillhandah\u00e5ller Estoriaclinic.com.tr n\u00e4r du anv\u00e4nder denna webbplats. Estoriaclinic.com.tr \u00e4r engagerat i att s\u00e4kerst\u00e4lla att din integritet skyddas. Om vi ber dig att tillhandah\u00e5lla viss information genom vilken du kan identifieras n\u00e4r du anv\u00e4nder denna webbplats, kommer den endast att anv\u00e4ndas i enlighet med detta integritetsuttalande.<\/p><p><strong>\u00c4ndringar av v\u00e5r integritetspolicy<br \/><\/strong>Vi f\u00f6rbeh\u00e5ller oss r\u00e4tten att uppdatera och \u00e4ndra denna policy fr\u00e5n tid till annan f\u00f6r att \u00e5terspegla eventuella \u00e4ndringar i hur vi behandlar dina personuppgifter eller \u00e4ndrade lagkrav. Eventuella \u00e4ndringar vi kan g\u00f6ra i v\u00e5r policy i framtiden kommer att publiceras p\u00e5 denna sida och, d\u00e4r l\u00e4mpligt, meddelas dig via e-post. Var god kontrollera regelbundet f\u00f6r att se eventuella uppdateringar eller \u00e4ndringar i v\u00e5r policy.<\/p><p><strong>Vilken information kan Estoriaclinic.com.tr samla in om mig?<br \/><\/strong>Information om dina bes\u00f6k p\u00e5 och anv\u00e4ndning av denna webbplats (inklusive din IP-adress, geografiska plats, webbl\u00e4sartyp och version, operativsystem, h\u00e4nvisningsk\u00e4lla, l\u00e4ngd p\u00e5 bes\u00f6ket, sidvisningar) kan samlas in. Vi uppn\u00e5r detta p\u00e5 ett s\u00e4tt som inte identifierar n\u00e5gon enskild individ. Information som du tillhandah\u00e5ller genom att fylla i formul\u00e4r p\u00e5 v\u00e5r webbplats, till exempel n\u00e4r du registrerar dig f\u00f6r att ta emot information som en nyhetsbrev, kan ocks\u00e5 samlas in.<\/p><p>Hur kommer Estoriaclinic.com.tr att anv\u00e4nda denna information?<br \/>Vi beh\u00f6ver denna information f\u00f6r att f\u00f6rst\u00e5 dina behov och ge dig den h\u00f6gsta serviceniv\u00e5n samt:<\/p><p>F\u00f6r att f\u00f6rb\u00e4ttra inneh\u00e5llet och designen p\u00e5 webbplatsen<\/p><p>F\u00f6r att kontakta dig ang\u00e5ende en f\u00f6rfr\u00e5gan\/beg\u00e4ran du har gjort, till exempel beg\u00e4ran om en tid hos en konsult<\/p><p>F\u00f6r att tillhandah\u00e5lla dig information som du kan ha beg\u00e4rt, till exempel en nyhetsbrev<\/p><p>F\u00f6r att \u00f6verf\u00f6ra detaljer du skickar till oss i l\u00e4mpligaste format f\u00f6r bed\u00f6mning av din tillst\u00e5nd, arrangemang av tid eller f\u00f6r n\u00e5got annat syfte till konsulter med inl\u00e4ggningsr\u00e4tt p\u00e5 Estoriaclinic.com.tr f\u00f6r deras professionella \u00e5sikt.<\/p><p>Genom att skicka oss dina detaljer, h\u00e4lsoregistreringar osv. Samtycker och accepterar du att det kan vara n\u00f6dv\u00e4ndigt f\u00f6r oss att vidarebefordra dessa kliniska detaljer elektroniskt eller i andra format. Estoriaclinic.com.tr kommer aldrig att dela din information med andra organisationer f\u00f6r marknadsf\u00f6ring, marknadsunders\u00f6kningar eller kommersiella syften.<\/p><p><strong>S\u00e4kerhet<\/strong><br \/>Vi \u00e4r engagerade i att s\u00e4kerst\u00e4lla att din information h\u00e5lls s\u00e4kert. F\u00f6r att f\u00f6rhindra obeh\u00f6rig \u00e5tkomst eller avsl\u00f6jande har vi inf\u00f6rt l\u00e4mpliga fysiska, elektroniska och administrativa f\u00f6rfaranden f\u00f6r att skydda och s\u00e4kra den information vi samlar in online.<\/p><p><strong>Kakor<br \/><\/strong>En &#8221;kaka&#8221; \u00e4r en liten fil som inneh\u00e5ller en str\u00e4ng av tecken som skickas till din dator n\u00e4r du bes\u00f6ker en webbplats. N\u00e4r du bes\u00f6ker webbplatsen igen till\u00e5ter kakan att webbplatsen k\u00e4nner igen din webbl\u00e4sare. Kakor kan lagra anv\u00e4ndarpreferenser och annan information. Du kan \u00e5terst\u00e4lla din webbl\u00e4sare f\u00f6r att v\u00e4gra alla kakor eller att indikera n\u00e4r en kaka skickas. Vissa webbplatsfunktioner eller tj\u00e4nster kan emellertid inte fungera korrekt utan kakor. V\u00e5r webbplats anv\u00e4nder tre kakor. Dessa kakor g\u00f6r att vi kan s\u00e4rskilja dig fr\u00e5n andra anv\u00e4ndare av v\u00e5r webbplats, vilket hj\u00e4lper oss att ge dig en bra upplevelse n\u00e4r du surfar p\u00e5 v\u00e5r webbplats och l\u00e5ter oss f\u00f6rb\u00e4ttra v\u00e5r webbplats. Kakorna vi anv\u00e4nder \u00e4r &#8221;analytiska&#8221; kakor. De till\u00e5ter oss att k\u00e4nna igen och r\u00e4kna antalet bes\u00f6kare och se hur bes\u00f6kare r\u00f6r sig runt p\u00e5 webbplatsen n\u00e4r de anv\u00e4nder den. Detta hj\u00e4lper oss att f\u00f6rb\u00e4ttra hur v\u00e5r webbplats fungerar, till exempel genom att s\u00e4kerst\u00e4lla att anv\u00e4ndare l\u00e4tt hittar vad de letar efter.<\/p><p><strong>L\u00e4nkar till andra webbplatser<br \/><\/strong>V\u00e5r webbplats kan inneh\u00e5lla l\u00e4nkar till andra webbplatser av intresse. Men n\u00e4r du har anv\u00e4nt dessa l\u00e4nkar f\u00f6r att l\u00e4mna v\u00e5r webbplats b\u00f6r du notera att vi inte har n\u00e5gon kontroll \u00f6ver den andra webbplatsen. D\u00e4rf\u00f6r kan vi inte vara ansvariga f\u00f6r skyddet och integriteten f\u00f6r den information som du tillhandah\u00e5ller medan du bes\u00f6ker s\u00e5dana webbplatser och s\u00e5dana webbplatser omfattas inte av detta integritetsuttalande. Du b\u00f6r vara f\u00f6rsiktig och titta p\u00e5 det integ<\/p><p><strong>ritetsuttalande som \u00e4r till\u00e4mpligt f\u00f6r den aktuella webbplatsen.<\/strong><\/p><p>Kontroll av din personliga information<br \/>Dataskyddslagen ger dig r\u00e4tt att f\u00e5 information om vilken information vi har om dig. Om du tror att n\u00e5gon information vi har om dig \u00e4r felaktig eller ofullst\u00e4ndig, skriv eller maila oss s\u00e5 snart som m\u00f6jligt, p\u00e5 adressen som anges p\u00e5 v\u00e5r webbplats. Vi kommer snabbt att korrigera eventuell information som visar sig vara felaktig.<\/p><p><strong>Villkor<br \/><\/strong>Genom att komma \u00e5t denna webbplats visar du ditt godk\u00e4nnande av de villkor som anges nedan.<\/p><p><strong>Registrerad f\u00f6retagsutl\u00e5tande<br \/><\/strong>Estoriaclinic.com.tr \u00e4r en registrerad h\u00e4lso- och sjukv\u00e5rdsinstitution som lagligen verkar i Istanbul, Turkiet, och har officiellt erk\u00e4nts och licensierats av det turkiska h\u00e4lsov\u00e5rdsministeriet. Estoriaclinic.com.tr \u00e4r en registrerad klinik som etablerats under och styrts av lagarna i Republiken Turkiet. Tj\u00e4nsterna beskrivna tillhandah\u00e5lls i Turkiet och uttalandena p\u00e5 denna webbplats regleras av turkisk lag.<\/p><p><strong>Ansvarsfriskrivning<br \/><\/strong>Estoriaclinic.com.tr har gjort alla rimliga anstr\u00e4ngningar f\u00f6r att s\u00e4kerst\u00e4lla att inneh\u00e5llet p\u00e5 denna webbplats \u00e4r sant och korrekt p\u00e5 alla v\u00e4sentliga punkter. Estoriaclinic.com.tr ska inte h\u00e5llas ansvarigt f\u00f6r n\u00e5gon f\u00f6rlust eller skada som uppkommer i samband med webbplatsens inneh\u00e5ll. Estoriaclinic.com.tr garanterar inte att webbplatsen kommer att vara felfri, utan fel, oavbruten eller utan f\u00f6rdr\u00f6jning. Medan Estoriaclinic.com.tr g\u00f6r alla rimliga f\u00f6rs\u00f6k att utesluta virus fr\u00e5n webbplatsen kan vi inte garantera att webbplatsen kommer att vara fri fr\u00e5n virus och accepterar inget ansvar om webbplatsen inte \u00e4r fri fr\u00e5n virus. Anv\u00e4ndare rekommenderas att vidta l\u00e4mpliga s\u00e4kerhets\u00e5tg\u00e4rder innan de laddar ner information fr\u00e5n denna webbplats. Informationen p\u00e5 webbplatsen har utarbetats endast f\u00f6r allm\u00e4n v\u00e4gledning; det utg\u00f6r inte professionell medicinsk r\u00e5dgivning. Anv\u00e4ndare b\u00f6r kontakta Estoriaclinic.com.tr direkt f\u00f6r r\u00e5dgivning om specifika \u00e4renden innan de fattar n\u00e5got beslut. Webbplatsen inneh\u00e5ller hypertextl\u00e4nkar till tredje parts webbplatser. Estoriaclinic.com.tr kan inte l\u00e4mna n\u00e5gon garanti (uttrycklig eller underf\u00f6rst\u00e5dd) om noggrannheten eller k\u00e4llan till informationen som finns p\u00e5 dessa webbplatser. Hypertextl\u00e4nkar fr\u00e5n Estoriaclinic.com.tr webbplats till tredje parts webbplatser utg\u00f6r inte n\u00e5gon godk\u00e4nnande av dessa tredjepartsorganisationer.<\/p><p><strong>Anv\u00e4ndningsvillkor<br \/><\/strong>P\u00e5 grund av den f\u00f6r\u00e4nderliga karakt\u00e4ren av lagar, f\u00f6rordningar och webbplatsens inneh\u00e5ll, se till att du regelbundet granskar alla ansvarsfriskrivnings- och dataskyddsuttalanden som publiceras p\u00e5 denna webbplats. Din fortsatta anv\u00e4ndning av denna webbplats kommer att betraktas som godk\u00e4nnande av eventuella \u00e4ndringar som g\u00f6rs.<\/p><p><strong>Upphovsr\u00e4tt<\/strong><br \/>Inneh\u00e5llet p\u00e5 denna webbplats tillh\u00f6r Estoriaclinic.com. Ingen del av dess inneh\u00e5ll eller bilder f\u00e5r anv\u00e4ndas utan det uttryckliga skriftliga tillst\u00e5ndet fr\u00e5n Estoriaclinic.com:s marknadsavdelning.<\/p><p><strong>Dataskydd<br \/><\/strong>Estoriaclinic.com.tr str\u00e4var efter att f\u00f6lja villkoren i dataskyddslagen och medicinska sekretessriktlinjer. Om du har n\u00e5gra fr\u00e5gor om dataskydd p\u00e5 Estoriaclinic.com.tr eller vill ha ytterligare information, v\u00e4nligen kontakta \u00a0Services Department p\u00e5: info@estoriaclinic.com.tr<\/p><p><strong>Dina r\u00e4ttigheter enligt dataskyddslagen<br \/><\/strong>Enligt dataskyddslagen 2018 har du r\u00e4tt att ta reda p\u00e5 vilken information regeringen och andra organisationer lagrar om dig. Dessa inkluderar r\u00e4tten att:<\/p><p>Bli informerad om hur dina data anv\u00e4nds<\/p><p>F\u00e5 tillg\u00e5ng till personuppgifter<\/p><p>F\u00e5 felaktiga uppgifter uppdaterade<\/p><p>F\u00e5 data raderade<\/p><p>Stoppa eller begr\u00e4nsa behandlingen av dina data<\/p><p>Dataportabilitet (som l\u00e5ter dig f\u00e5 och \u00e5teranv\u00e4nda dina data f\u00f6r olika tj\u00e4nster)<\/p><p>Inv\u00e4nda mot hur dina data behandlas i vissa omst\u00e4ndigheter<\/p><p>Du har ocks\u00e5 r\u00e4ttigheter n\u00e4r en organisation anv\u00e4nder dina personuppgifter f\u00f6r:<\/p><p>Automatiska beslutsfattandeprocesser (utan m\u00e4nskligt ingripande)<\/p><p>Profiling, till exempel f\u00f6r att f\u00f6rutse ditt beteende eller intressen<\/p><p>Om du har n\u00e5gra fr\u00e5gor om Estoria \u00a0Clinic:s hantering av information eller dina r\u00e4ttigheter som individ, v\u00e4nligen kontakta v\u00e5r \u00a0Services Department p\u00e5: info@estoriaclinic.com.tr<\/p><p><strong>Datainsamling och lagring<br \/><\/strong>Som en del av v\u00e5r l\u00f6pande tj\u00e4nsteutveckling kan vi fr\u00e5n tid till annan skicka dig detaljer om andra tj\u00e4nster. Om du inte \u00f6nskar ta emot s\u00e5dana uppdateringar, v\u00e4nligen maila till: info@estoriaclinic.com.tr. Alla detaljer som du tillhandah\u00e5ller n\u00e4r du g\u00f6r en f\u00f6rfr\u00e5gan till Estoriaclinic.com.tr kommer att lagras under en period av tre \u00e5r f\u00f6r att hj\u00e4lpa till med marknadsunders\u00f6kningar.<\/p><p><strong>E-postf\u00f6rfr\u00e5gningar<br \/><\/strong>D\u00e4r du beg\u00e4r klinisk information fr\u00e5n oss om tj\u00e4nster p\u00e5 Estoriaclinic.com.tr kommer detta att skickas tillbaka till din e-postadress om du inte uttryckligen beg\u00e4r att vi f\u00f6rmedlar det via en annan kanal, t.ex. via post. Medan Estoriaclinic.com.tr g\u00f6r allt f\u00f6r att s\u00e4kerst\u00e4lla att dess internetinfrastruktur \u00e4r s\u00e4ker, \u00e4r e-post i grunden os\u00e4ker, och Estoriaclinic.com.tr kan inte garantera absolut s\u00e4kerhet f\u00f6r data som skickas elektroniskt.<\/p><p><strong>Bearbetning av dina f\u00f6rfr\u00e5gningar<br \/><\/strong>Medicinska detaljer som du skickar till oss elektroniskt f\u00f6r bed<\/p><p>\u00f6mning av ditt tillst\u00e5nd, arrangemang av tider eller f\u00f6r n\u00e5got annat syfte kan \u00f6verf\u00f6ras till konsulter med inl\u00e4ggningsr\u00e4tt p\u00e5 Estoriaclinic.com.tr f\u00f6r deras professionella \u00e5sikt. Genom att skicka oss dina detaljer, h\u00e4lsoregistreringar osv. Accepterar du att det kan vara n\u00f6dv\u00e4ndigt f\u00f6r oss att vidarebefordra dessa kliniska detaljer elektroniskt eller i andra format. Estoriaclinic.com.tr har gjort alla rimliga anstr\u00e4ngningar f\u00f6r att s\u00e4kerst\u00e4lla att inneh\u00e5llet p\u00e5 denna webbplats \u00e4r sant och korrekt p\u00e5 alla v\u00e4sentliga punkter.<\/p><p><strong>Tillg\u00e4nglighet<br \/><\/strong>Estoriaclinic.com.tr erk\u00e4nner och v\u00e4rderar tillhandah\u00e5llandet av information p\u00e5 denna webbplats i ett format som \u00e4r tillg\u00e4ngligt f\u00f6r alla, oavsett teknik eller f\u00f6rm\u00e5ga. Tillg\u00e4ngliga webbplatser prioriterar tydligt inneh\u00e5ll, struktur och enkel navigering. De rymmer ocks\u00e5 hela spektrumet av m\u00f6jliga anv\u00e4ndare. Att utforma f\u00f6r tillg\u00e4nglighet inneb\u00e4r att acceptera att det inte finns n\u00e5gon standardinformationanv\u00e4ndare och ingen standardenhet f\u00f6r att bl\u00e4ddra i information. F\u00f6r att s\u00e4kerst\u00e4lla att detta sker har vi programmerat v\u00e5r webbplats enligt publicerade webbstandarder och tillg\u00e4nglighetsriktlinjer. Dessa riktlinjer \u00e4r baserade p\u00e5 god designpraxis och finns f\u00f6r att s\u00e4kerst\u00e4lla att ingen individ utesluts p\u00e5 grund av funktionshinder eller val av enhet. Webbplatsen \u00e4r utvecklad med hj\u00e4lp av giltig HTML och kaskadstilmallar (CSS). V\u00e5rt webbplatsinneh\u00e5ll \u00e4r \u00e5tskilt fr\u00e5n presentationselement, vilket g\u00f6r det tillg\u00e4ngligt f\u00f6r alla bes\u00f6kare som anv\u00e4nder tekniker som sk\u00e4rml\u00e4sare eller textbaserad webbl\u00e4sare. Webbplatsen visas korrekt i alla standardaktuella webbl\u00e4sare, och genom att anta dessa standarder s\u00e4kerst\u00e4ller vi att den kommer att f\u00f6rbli kompatibel med framtida webbl\u00e4sare. Vi str\u00e4var efter att uppn\u00e5 och bibeh\u00e5lla niv\u00e5er av tillg\u00e4nglighet som \u00f6verensst\u00e4mmer med WAI niv\u00e5 AA-standard men inser att detta inte alltid \u00e4r uppn\u00e5eligt f\u00f6r hela webbplatsen. Genom ytterligare utveckling av v\u00e5ra webbtj\u00e4nster str\u00e4var vi efter att f\u00f6rb\u00e4ttra v\u00e5r \u00f6verensst\u00e4mmelse och siktar p\u00e5 att uppfylla s\u00e5 m\u00e5nga av AA-riktlinjerna som \u00e4r uppn\u00e5eliga. Du kan anv\u00e4nda dina webbl\u00e4sarinst\u00e4llningar f\u00f6r att \u00e4ndra text- och zoomstorlek f\u00f6r alla webbplatser du bes\u00f6ker. Tekniken f\u00f6r att g\u00f6ra detta \u00e4r n\u00e5got annorlunda beroende p\u00e5 vilken webbl\u00e4sare du anv\u00e4nder \u2013 v\u00e4nligen konsultera dokumentationen som medf\u00f6ljer din webbl\u00e4sare.<\/p><p>\u00a0<\/p>\t\t\t\t\t\t<\/div>\n\t\t\t\t<\/div>\n\t\t\t\t\t<\/div>\n\t\t\t\t<\/div>\n\t\t\t\t<\/div>\n\t\t","protected":false},"excerpt":{"rendered":"<p>Estoria ClinicEstoria Clinic, Vi v\u00e4rderar dig som v\u00e5r g\u00e4st och inser vikten av att skydda din integritet. Vi f\u00f6ljer alla till\u00e4mpliga dataskyddsf\u00f6reskrifter, inklusive EU:s allm\u00e4nna dataskyddsf\u00f6rordning (&#8221;GDPR&#8221;), dataskyddslagen och andra relaterade lagar. Denna integritetspolicy syftar till att specificera hur vi samlar in, anv\u00e4nder och l\u00e4mnar ut dina personuppgifter f\u00f6r att ge dig den h\u00f6gsta m\u00f6jliga&#8230;<\/p>\n","protected":false},"author":1,"featured_media":0,"parent":0,"menu_order":0,"comment_status":"closed","ping_status":"closed","template":"","meta":{"_acf_changed":false,"om_disable_all_campaigns":false,"inline_featured_image":true,"_monsterinsights_skip_tracking":false,"_monsterinsights_sitenote_active":false,"_monsterinsights_sitenote_note":"","_monsterinsights_sitenote_category":0,"footnotes":""},"class_list":["post-9513","page","type-page","status-publish","hentry"],"acf":[],"aioseo_notices":[],"_links":{"self":[{"href":"https:\/\/estoriaclinic.com.tr\/sv\/wp-json\/wp\/v2\/pages\/9513","targetHints":{"allow":["GET"]}}],"collection":[{"href":"https:\/\/estoriaclinic.com.tr\/sv\/wp-json\/wp\/v2\/pages"}],"about":[{"href":"https:\/\/estoriaclinic.com.tr\/sv\/wp-json\/wp\/v2\/types\/page"}],"author":[{"embeddable":true,"href":"https:\/\/estoriaclinic.com.tr\/sv\/wp-json\/wp\/v2\/users\/1"}],"replies":[{"embeddable":true,"href":"https:\/\/estoriaclinic.com.tr\/sv\/wp-json\/wp\/v2\/comments?post=9513"}],"version-history":[{"count":0,"href":"https:\/\/estoriaclinic.com.tr\/sv\/wp-json\/wp\/v2\/pages\/9513\/revisions"}],"wp:attachment":[{"href":"https:\/\/estoriaclinic.com.tr\/sv\/wp-json\/wp\/v2\/media?parent=9513"}],"curies":[{"name":"wp","href":"https:\/\/api.w.org\/{rel}","templated":true}]}}